{"id":1145,"date":"2018-08-08T23:18:10","date_gmt":"2018-08-08T21:18:10","guid":{"rendered":"http:\/\/www.fokusantiatom.ch\/?page_id=1145"},"modified":"2018-08-11T17:20:35","modified_gmt":"2018-08-11T15:20:35","slug":"kkl-probleme-mit-brennelementen","status":"publish","type":"page","link":"https:\/\/www.fokusantiatom.ch\/?page_id=1145","title":{"rendered":"KKL Probleme mit Brennelementen"},"content":{"rendered":"<h2><\/h2>\n<h2>2017.02.11 Leibstadt: Immer wieder Probleme mit Brennelementen<\/h2>\n<p><img loading=\"lazy\" decoding=\"async\" class=\"size-full wp-image-1029 alignleft\" src=\"http:\/\/www.juergjoss.ch\/wp-content\/uploads\/2017\/02\/\u00a8BrennstabLokal\u00dcberhitzt.jpg\" alt=\"\" width=\"231\" height=\"694\" \/><\/p>\n<p>Einzelne Brennelemente im AKW Leibstadt (Siedewasserreaktor) weisen Oxydationssch\u00e4den auf, weshalb das\u00a0Eidgen\u00f6ssische Nuklearsicherheitsinspektorat ENSI dem AKW nach der Revision im August 2016\u00a0keine Bewilligung erteilt hat, den Reaktor wieder einzuschalten.\u00a0Die Oxydation der Brennelemente ist auf den mangelnden K\u00fchleffekt des Reaktorwassers an den\u00a0Brennelementen mit lokaler \u00dcberhitzung und in der Folge einer punktuellen Oxydation der\u00a0Brennelemente zur\u00fcckzuf\u00fchren.\u00a0Bei lokaler \u00dcberhitzung der Brennelemente bildet sich auf diesen ein Film aus Dampfblasen,\u00a0welcher die Brennst\u00e4be vom K\u00fchlwasser isoliert.\u00a0Dadurch erhitzen bzw. \u00fcberhitzen sich die Brennst\u00e4be, denn wegen des Films von Dampfblasen kommt\u00a0zu wenig umfliessendes K\u00fchlwasser in direkten Kontakt mit den, H\u00fcllrohren der nuklearen\u00a0Brennstoffelemente. Dieses Ph\u00e4nomen wird als \u00ablocal Dryout\u00bb bezeichnet.<\/p>\n<p>Bild: Lokale \u00dcberhitzung eines Brennelements kann zu H\u00fcllrohrdefekten f\u00fchren<\/p>\n<p><strong>Unverantwortlich: <a href=\"https:\/\/www.ensi.ch\/de\/2016\/12\/19\/befunde-an-brennelementen-im-kkw-leibstadt-ensi-stuft-vorkommnis-mit-ines-1-ein-und-prueft-eingereichte-massnahmen\/\" target=\"_blank\" rel=\"noopener noreferrer\">Der Betreiber des AKW Leibstadt plant das AKW in n\u00e4chster Zeit wieder ans Netz zu bringen, dies obwohl die Schadensursache der Brennelemente\u00fcberhitzung nicht vollumf\u00e4nglich bekant ist.<\/a><\/strong><\/p>\n<p><strong><a href=\"http:\/\/www.juergjoss.ch\/wp-content\/uploads\/2017\/02\/Brennelementscha_den_Leibstadt_final_Ju_rg_Joss_100217-1.pdf\" target=\"_blank\" rel=\"noopener noreferrer\">Factsheet zu den Brennstabproblemen im AKW Leibstadt<\/a><\/strong><\/p>\n<p>Wie funktioniert ein Siedewasserreaktor: <a href=\"http:\/\/www.juergjoss.ch\/wp-content\/uploads\/2017\/02\/FunktionSiedewasserreaktor.pptx\" target=\"_blank\" rel=\"noopener noreferrer\">Prinzip des Siedewasserreaktors *,ppt<\/a><\/p>\n<h2>ENSI L\u00fcgt<\/h2>\n<p><a href=\"https:\/\/www.ensi.ch\/de\/2017\/02\/16\/ein-huellrohrschaden-stellt-keine-gefahr-fuer-mensch-und-umwelt-dar\/\" target=\"_blank\" rel=\"noopener noreferrer\"> Ralph Schulz, Leiter des Fachbereichs Sicherheitsanalysen am 16. \u00a0Februar 2017:<\/a> Bei den Dryouts im KKL kam es nur einmal zu einem echten <a href=\"https:\/\/www.ensi.ch\/de\/2015\/06\/24\/aufsichtsbericht-2014-wenige-brennstabschaeden-in-schweizer-kernkraftwerken\/\">H\u00fcllrohrschaden, n\u00e4mlich 2014<\/a>.<\/p>\n<p>Im Jahr 1994 wurde das AKW Leibstadt durch die OSART, einer Organisation der IAEA6 , einer betrieblichen- organisationellen Untersuchung unterzogen. Im anfangs 1995 publizierten Bericht wird bemerkt (Zitat): &#8222;However, KKL has experienced a number of fuel Failures since the fifth cycle.&#8220;<\/p>\n<p>Weiter im selben Interview: \u00a0<em>Das KKL hat seit Betriebsaufnahme 1984 die Leistung mehrfach erh\u00f6ht. Besteht ein Zusammenhang zwischen den Dryouts und diesen Leistungserh\u00f6hungen?<\/em><\/p>\n<p>Es gibt eine Vielzahl von Faktoren, die das Auftreten von Dryout beeinflussen. Die Reaktorleistung geh\u00f6rt sicherlich dazu. Es w\u00e4re aber unzul\u00e4ssig und zu vereinfachend, den Dryout nur auf die erh\u00f6hte Leistung zur\u00fcckzuf\u00fchren. Die letzte Leistungserh\u00f6hung erfolgte im Jahr 2002. Die umfangreichen Inspektionen 2016\u00a0haben gezeigt, dass die Dryouts erst im Zyklus 28 \u2013 also erst 2012\/13 \u2013 aufgetreten sind.<strong> Dazwischen war die Betriebserfahrung mit dem Reaktorkern positiv.<\/strong><\/p>\n<p><img loading=\"lazy\" decoding=\"async\" class=\"aligncenter size-full wp-image-1055\" src=\"http:\/\/www.juergjoss.ch\/wp-content\/uploads\/2017\/02\/Brennelementsch\u00e4den.jpg\" alt=\"\" width=\"1145\" height=\"674\" \/><\/p>\n<hr \/>\n<h2>In den Medien<\/h2>\n<table style=\"border-collapse: collapse; width: 100%;\" border=\"1\">\n<tbody>\n<tr>\n<td style=\"width: 50%;\"><a href=\"https:\/\/www.tagesanzeiger.ch\/schweiz\/standard\/franzoesischer-atomkonzern-beschert-leibstadt-millionenschaden\/story\/13985828\" target=\"_blank\" rel=\"noopener\">2017_11_17_NZZ: AKW Leibstadt bis Ende Jahr lahmgelegt<\/a><\/td>\n<td style=\"width: 50%;\"><a href=\"https:\/\/www.reuters.com\/article\/areva-switzerland\/faulty-areva-fuel-rods-sent-to-nuclear-reactors-swiss-plant-closed-idUSL8N1NN5IR\" target=\"_blank\" rel=\"noopener\">2017_11_07_Reuters: Faulty areva fuel rods sent to nuclear reactors swiss plant closed<\/a><\/td>\n<\/tr>\n<tr>\n<td style=\"width: 50%;\"><a href=\"https:\/\/www.derbund.ch\/schweiz\/standard\/beschwerde-gegen-atomaufsichtsbehoerde\/story\/16834670\" target=\"_blank\" rel=\"noopener\">2017.06.16 Der Bund<\/a><a href=\"https:\/\/www.derbund.ch\/schweiz\/standard\/beschwerde-gegen-atomaufsichtsbehoerde\/story\/16834670\" target=\"_blank\" rel=\"noopener\">: Beschwerde gegen Atomaufsichtsbeh\u00f6rde<\/a><\/td>\n<td style=\"width: 50%;\"><a href=\"http:\/\/www.juergjoss.ch\/?p=1074\" target=\"_blank\" rel=\"noopener\">2017_05_22_JuergJoss: Leibstadt darf weiter oxidieren<\/a><\/td>\n<\/tr>\n<tr>\n<td style=\"width: 50%;\"><a href=\"https:\/\/www.woz.ch\/1718\/akw-leibstadt\/die-befindlichkeit-der-brennstaebe\" target=\"_blank\" rel=\"noopener\">2017.05.04 Die Befindlichkeit der Brennst\u00e4be<\/a><\/td>\n<td style=\"width: 50%;\"><a href=\"https:\/\/www.derbund.ch\/wissen\/technik\/der-fall-leibstadt\/story\/26230054\" target=\"_blank\" rel=\"noopener\">2017_02_21_Der Bund: Der Fall Leibstadt<\/a><\/td>\n<\/tr>\n<tr>\n<td style=\"width: 50%;\"><a href=\"https:\/\/www.derbund.ch\/schweiz\/standard\/AKW-Leibstadt-ist-wieder-am-Netz\/story\/22479382\" target=\"_blank\" rel=\"noopener\">2017_02_17_Der Bund: AKW Leibstadt ist wieder am Netz<\/a><\/td>\n<td style=\"width: 50%;\"><a href=\"https:\/\/www.derbund.ch\/schweiz\/standard\/Leibstadt-bleibt-laenger-vom-Netz-als-geplant\/story\/25563896\" target=\"_blank\" rel=\"noopener\">2017_02_14_Der Bund: Leibstadt bleibt l\u00e4nger vom Netz als geplant<\/a><\/td>\n<\/tr>\n<tr>\n<td style=\"width: 50%;\"><a href=\"http:\/\/www.juergjoss.ch\/?p=1021\" target=\"_blank\" rel=\"noopener\">2017_02_11_JuergJoss: Immer wieder Probleme mit Brennelementen<\/a><\/td>\n<td style=\"width: 50%;\"><a href=\"http:\/\/www.fokusantiatom.ch\/?p=855\" target=\"_blank\" rel=\"noopener\">2017_02_05_FokusAntiAtom: Leibstadt nie mehr ans Netz<\/a><\/td>\n<\/tr>\n<tr>\n<td style=\"width: 50%;\"><a href=\"http:\/\/www.fokusantiatom.ch\/wp-content\/uploads\/2015\/10\/2014_11_06_MM_FokusAntiAtom_Leibstadt_Def.pdf\" target=\"_blank\" rel=\"noopener\">2014_11_06_Fokus Anti-Atom:\u00a0<\/a><a href=\"http:\/\/www.fokusantiatom.ch\/wp-content\/uploads\/2015\/10\/2014_11_06_MM_FokusAntiAtom_Leibstadt_Def.pdf\" target=\"_blank\" rel=\"noopener\">Medienmitteilung<\/a><\/td>\n<td style=\"width: 50%;\">\n<p class=\"ArticleHeader_headline_2zdFM\"><a href=\"https:\/\/www.reuters.com\/article\/areva-switzerland\/faulty-areva-fuel-rods-sent-to-nuclear-reactors-swiss-plant-closed-idUSL8N1NN5IR\" target=\"_blank\" rel=\"noopener\">Faulty Areva fuel rods sent to nuclear reactors, Swiss plant closed<\/a><\/p>\n<\/td>\n<\/tr>\n<\/tbody>\n<\/table>\n<p><a href=\"https:\/\/www.woz.ch\/1718\/akw-leibstadt\/die-befindlichkeit-der-brennstaebe\" target=\"_blank\" rel=\"noopener\"><img loading=\"lazy\" decoding=\"async\" class=\"size-full wp-image-1075\" src=\"http:\/\/www.juergjoss.ch\/wp-content\/uploads\/2017\/05\/Leibstadt.jpg\" alt=\"\" width=\"1031\" height=\"979\" \/><\/a><\/p>\n<table style=\"border-collapse: collapse; width: 100%;\" border=\"1\">\n<tbody>\n<tr>\n<td style=\"width: 100%;\">Ende April hat das AKW Leibstadt die Bev\u00f6lkerung \u00fcber die Sch\u00e4den an den Brennst\u00e4ben informiert. Man habe sie nicht fr\u00fcher entdeckt, weil man fr\u00fcher nicht hingeschaut habe.\u00a0Woz Nr. 18\/2017 vom 04.05.2017<\/td>\n<\/tr>\n<\/tbody>\n<\/table>\n<hr \/>\n<h1>Weiterf\u00fchrende Links:<\/h1>\n<table style=\"border-collapse: collapse; width: 100%; height: 505px;\" border=\"1\">\n<tbody>\n<tr style=\"height: 38px;\">\n<td style=\"width: 50%; height: 38px;\"><strong>Medien<\/strong><\/td>\n<td style=\"width: 50%; height: 38px;\"><strong>Betreiber Beh\u00f6rden:<\/strong><\/td>\n<\/tr>\n<tr style=\"height: 38px;\">\n<td style=\"width: 50%;\"><span style=\"text-decoration: underline;\"><a href=\"http:\/\/www.aargauerzeitung.ch\/aargau\/zurzach\/risiko-atomkraftwerk-so-reagiert-die-dorfbevoelkerung-nach-den-enthuellungen-130927499\" target=\"_blank\" rel=\"noopener noreferrer\">Aargauerzeitung 03.02.2017<\/a><\/span><\/td>\n<td style=\"width: 50%;\"><span style=\"text-decoration: underline;\"><a href=\"https:\/\/www.kkl.ch\/fileadmin\/seiteninhalt\/dateien\/medienmitteilungen\/2016\/2016_12_19_MM_Freigabeantrag.pdf\" target=\"_blank\" rel=\"noopener noreferrer\">KKL 19.12.2016<\/a><\/span><\/td>\n<\/tr>\n<tr style=\"height: 38px;\">\n<td style=\"width: 50%; height: 38px;\"><span style=\"text-decoration: underline;\"><a href=\"http:\/\/www.aargauerzeitung.ch\/aargau\/kanton-aargau\/beschaedigte-brennstaebe-das-ausmass-beim-akw-leibstadt-ist-groesser-als-gedacht-130738103\" target=\"_blank\" rel=\"noopener noreferrer\">Aargauerzeitung 23.11.2016<\/a><\/span><\/td>\n<td style=\"width: 50%; height: 38px;\"><span style=\"text-decoration: underline;\"><a href=\"https:\/\/www.ensi.ch\/de\/2016\/12\/19\/dryout-vermeidung-von-unzureichend-gekuhlten-brennstaben\/\" target=\"_blank\" rel=\"noopener noreferrer\">ENSI (2) 19.12.2016<\/a><\/span><\/td>\n<\/tr>\n<tr style=\"height: 38px;\">\n<td style=\"width: 50%; height: 38px;\"><span style=\"text-decoration: underline;\"><a href=\"http:\/\/www.tagesanzeiger.ch\/schweiz\/standard\/AKW-Leibstadt-muss-bis-Februar-2017-vom-Netz\/story\/19866712\" target=\"_blank\" rel=\"noopener noreferrer\">Tagesanzeiger 16.06.2016<\/a><\/span><\/td>\n<td style=\"width: 50%; height: 38px;\"><span style=\"text-decoration: underline;\"><a href=\"https:&#x2f;&#47;w&#x77;&#x77;.a&#x64;&#109;i&#x6e;&#x2e;ch&#x2f;&#99;p&#x2f;&#x64;&#47;3&#x33;&#x43;6&#x35;&#x32;&#48;2&#x2e;&#x32;17&#x31;&#64;g&#x73;&#x65;si&#x2e;&#103;s&#x65;&#x76;&#101;d&#x2e;&#x61;d&#x6d;&#x69;&#110;.&#x63;&#x68;.h&#x74;&#109;l\" target=\"_blank\" rel=\"noopener noreferrer\">HSK 1997<\/a><\/span><\/td>\n<\/tr>\n<tr style=\"height: 38px;\">\n<td style=\"width: 50%; height: 38px;\"><a href=\"http:\/\/www.luzernerzeitung.ch\/nachrichten\/schweiz\/Forderung-nach-Aufklaerung-im-AKW-Leibstadt;art46447,963961\" target=\"_blank\" rel=\"noopener noreferrer\">Luzerner Zeitung 11.02.2017<\/a><\/td>\n<td style=\"width: 50%; height: 38px;\">ENSI (3) <a href=\"https:\/\/www.ensi.ch\/de\/2017\/02\/16\/ein-huellrohrschaden-stellt-keine-gefahr-fuer-mensch-und-umwelt-dar\/\" target=\"_blank\" rel=\"noopener noreferrer\">16.02.2017<\/a><\/td>\n<\/tr>\n<tr style=\"height: 38px;\">\n<td style=\"width: 50%; height: 38px;\"><span style=\"text-decoration: underline;\"><a href=\"http:\/\/www.srf.ch\/news\/regional\/aargau-solothurn\/akw-leibstadt-hat-fehlerhafte-brennstaebe-repariert\" target=\"_blank\" rel=\"noopener noreferrer\">srf 19.12.2016<\/a><\/span><\/td>\n<td style=\"width: 50%; height: 38px;\"><span style=\"text-decoration: underline;\"><a href=\"https:\/\/www.ensi.ch\/de\/2016\/12\/19\/befunde-an-brennelementen-im-kkw-leibstadt-ensi-stuft-vorkommnis-mit-ines-1-ein-und-prueft-eingereichte-massnahmen\/\" target=\"_blank\" rel=\"noopener noreferrer\">ENSI (1) 19.12.2016<\/a><\/span><\/td>\n<\/tr>\n<tr style=\"height: 38px;\">\n<td style=\"width: 50%; height: 38px;\"><span style=\"text-decoration: underline;\"><a href=\"http:\/\/www.tagesanzeiger.ch\/schweiz\/standard\/beim-akw-leibstadt-gab-es-2014-schon-probleme\/story\/22672981\" target=\"_blank\" rel=\"noopener noreferrer\">Tagesanzeiger 01.02.2017<\/a><\/span><\/td>\n<td style=\"width: 50%; height: 38px;\"><\/td>\n<\/tr>\n<tr style=\"height: 38px;\">\n<td style=\"width: 50%; height: 38px;\"><span style=\"text-decoration: underline;\"><a href=\"http:\/\/www.suedkurier.de\/nachrichten\/baden-wuerttemberg\/Atomkraftwerk-an-der-Grenze-Die-Bevoelkerung-ist-wegen-Leibstadt-verunsichert;art417930,9115148\" target=\"_blank\" rel=\"noopener noreferrer\">S\u00fcdkurier 03.02.2017<\/a><\/span><\/td>\n<td style=\"width: 50%; height: 38px;\"><\/td>\n<\/tr>\n<tr style=\"height: 38px;\">\n<td style=\"width: 50%; height: 38px;\"><span style=\"text-decoration: underline;\"><a href=\"http:\/\/www.stuttgarter-nachrichten.de\/inhalt.atommeiler-leibstadt-schweizer-pannen-reaktor-soll-ans-netz.1009bf12-4196-4394-ba28-f0dc3a263cfd.html\" target=\"_blank\" rel=\"noopener noreferrer\">Stuttgarter Nachrichten 03.02.2017<\/a><\/span><\/td>\n<td style=\"width: 50%; height: 38px;\"><\/td>\n<\/tr>\n<tr style=\"height: 38px;\">\n<td style=\"width: 50%; height: 38px;\"><span style=\"text-decoration: underline;\"><a href=\"https:\/\/www.nzz.ch\/schweiz\/atomkraft-akw-leibstadt-erwartet-baldige-freigabe-des-wiederanfahrens-ld.143419\" target=\"_blank\" rel=\"noopener noreferrer\">NZZ 02.02.2017<\/a><\/span><\/td>\n<td style=\"width: 50%; height: 38px;\"><\/td>\n<\/tr>\n<tr style=\"height: 38px;\">\n<td style=\"width: 50%; height: 38px;\"><span style=\"text-decoration: underline;\"><a href=\"http:\/\/www.srf.ch\/news\/schweiz\/ursache-fuer-schaeden-unbekannt-akw-soll-trotzdem-ans-netz\" target=\"_blank\" rel=\"noopener noreferrer\">srf 01.02.2017<\/a><\/span><\/td>\n<td style=\"width: 50%; height: 38px;\"><\/td>\n<\/tr>\n<\/tbody>\n<\/table>\n<h2><\/h2>\n<hr \/>\n<h2>2017.02.18 Leibstadt: Jetzt auch noch Probleme mit der Abluft des Turbinenkondensators<\/h2>\n<table style=\"border-collapse: collapse; width: 100%;\" border=\"1\">\n<tbody>\n<tr>\n<td style=\"width: 50%;\"><img loading=\"lazy\" decoding=\"async\" class=\" wp-image-1038 alignleft\" src=\"http:\/\/www.juergjoss.ch\/wp-content\/uploads\/2017\/02\/SWR.jpg\" alt=\"\" width=\"382\" height=\"205\" \/><\/td>\n<td style=\"width: 50%;\">Der Turbinenkondensator dient zur R\u00fcckk\u00fchlung des Reaktorwassers um es mit der Speisewasserpumpe wieder zur\u00fcck in den Reaktor speisen zu k\u00f6nnen.<\/td>\n<\/tr>\n<\/tbody>\n<\/table>\n<p>Die Filteranlage filtert das durch den Turbinenkondensator str\u00f6mende Wasser und entsorgt die darin enthaltenen Abgase die aus dem Reaktorbetrieb entstehen.<\/p>\n<figure id=\"attachment_1041\" aria-describedby=\"caption-attachment-1041\" style=\"width: 394px\" class=\"wp-caption alignleft\"><img loading=\"lazy\" decoding=\"async\" class=\" wp-image-1041\" src=\"http:\/\/www.juergjoss.ch\/wp-content\/uploads\/2017\/02\/KondensatorMaschinenhalleLeibstadt.jpg\" alt=\"\" width=\"394\" height=\"220\" \/><figcaption id=\"caption-attachment-1041\" class=\"wp-caption-text\">Aus Baugeschichte und Technische Beschreibung KKL 1980<\/figcaption><\/figure>\n<p>Gem\u00e4ss Anlagenbeschrieb, befindet sich im AKW Leibstadt f\u00fcr die Filterung Turbinenkondensators ein Powdexfilter.<\/p>\n<p>Die Entl\u00fcftung des Powdexfilter geht dann auf die Abluftreinigungsanlage welche heute am 18. Feb. 2017 zur erneuten Abschaltung des AKW f\u00fchrte. Die Abluft kann wie obig genannt allerlei Aerosole (in Luft gel\u00f6ste Bestandteile) beinhalten welche wiederum von der Abluftanlage gefiltert werden m\u00fcssen.<\/p>\n<p><strong>Versagt die Abluftfilterung gelangt Radioaktive Abluft aus dem Abluftkamin in die Umgebung. Weiter k\u00f6nnte sich im Powdexfilter Wasserstoff ansammeln dessen Entsorgung \u00fcber die Abluftanlage verhindert ein z\u00fcndf\u00e4higes ansammeln des Wasserstoffs.<\/strong><\/p>\n<p><img loading=\"lazy\" decoding=\"async\" class=\"aligncenter size-full wp-image-1039\" src=\"http:\/\/www.juergjoss.ch\/wp-content\/uploads\/2017\/02\/Powdex-Verfahren.jpg\" alt=\"\" width=\"789\" height=\"229\" \/><\/p>\n<p>Aus Grosse Dampfkraftwerke, Dr. Ing. Karl Schr\u00f6der, Springerverlag 1966<\/p>\n<p><img loading=\"lazy\" decoding=\"async\" class=\"aligncenter size-full wp-image-1040\" src=\"http:\/\/www.juergjoss.ch\/wp-content\/uploads\/2017\/02\/Powdexfilter.jpg\" alt=\"\" width=\"676\" height=\"574\" \/><\/p>\n<p><a href=\"https:\/\/www.kkl.ch\/unternehmen\/medien\/medienmitteilungen\/aktuelle-medienmitteilungen\/aktuelle-medienmitteilung-2.html\" target=\"_blank\" rel=\"noopener\">Aktuelle Meldung von heute 18. Feb. 2017 auf der Homepage des AKW Leibstadt<\/a><\/p>\n<p><a href=\"https:\/\/www.ensi.ch\/de\/2017\/02\/18\/kernkraftwerk-leibstadt-manuelle-schnellabschaltung-beim-wiederanfahren\/\" target=\"_blank\" rel=\"noopener\">Das ENSI zum Vorfall<\/a><\/p>\n<p><a href=\"https:\/\/books.google.ch\/books?id=EfOjBgAAQBAJ&amp;pg=PA453&amp;lpg=PA453&amp;dq=powdex+anschwemmfilter&amp;source=bl&amp;ots=JfiWKq-lSe&amp;sig=Q7QeXG0ugKx8UHPjmMYJsewilso&amp;hl=de&amp;sa=X&amp;ved=0ahUKEwjfhtXh05nSAhWLPRoKHdezDj0Q6AEIGjAA#v=onepage&amp;q=powdex%20anschwemmfilter&amp;f=false\" target=\"_blank\" rel=\"noopener\">Powdexfilter<\/a><\/p>\n<hr \/>\n<h2>1989 gab es schon mal eine Abschaltung aufgrund eines Versagens der Turbinenkondensator Abgasanlage<\/h2>\n<p><strong>Steuerluftausfall im Bereich AbgasanlagelHotwelI-Niveauregelung f\u00fchrt LU Scram und Ausfall\u00a0der Hauptw\u00e4rmesenke, 1989<\/strong><br \/>\nBei einer Freischaltung im Werkluftnetz wurde irrt\u00fcmlich die Steuerluftversorgung der Abgasanlage\u00a0und der Hotwell-Niveauregelung abgesperrt. (Unter Hotwell-Niveau ist der F\u00fcilstand des Kondensatsammelbeh\u00e4lters\u00a0des Turbinenkondensators zu verstehen.) Der daraus resultierende Ausfall der Abgasanlage\u00a0bewirkte einen Turbinentrip mit nachfolgendem Scram und Verlust der Hauptw\u00e4rmesenke\u00a0wegen Ausfall der Kondensatpumpen.\u00a0Es wurden eine Reihe von Massnahmen als Folge dieses Ereignisses durchgef\u00fchrt, von denen nur\u00a0einige erw\u00e4hnt werden, wie: Hauptabsperrungen des Steuerluftnetzes werden offen verriegelt und\u00a0Druckverluste in den Steuerluftteilnetzen alarmiert. Sicherheitstechnisch ist das Ereignis als Scram mit\u00a0Verlust der Hauptw\u00e4rmesenke einzustufen. Das Ereignis brachte wichtige Erkenntnisse \u00fcber die Bedeutung\u00a0von Hilfssystemen.<\/p>\n","protected":false},"excerpt":{"rendered":"<p>2017.02.11 Leibstadt: Immer wieder Probleme mit Brennelementen Einzelne Brennelemente im<\/p>\n","protected":false},"author":1,"featured_media":0,"parent":0,"menu_order":0,"comment_status":"closed","ping_status":"closed","template":"","meta":{"footnotes":""},"class_list":["post-1145","page","type-page","status-publish","hentry"],"_links":{"self":[{"href":"https:\/\/www.fokusantiatom.ch\/index.php?rest_route=\/wp\/v2\/pages\/1145","targetHints":{"allow":["GET"]}}],"collection":[{"href":"https:\/\/www.fokusantiatom.ch\/index.php?rest_route=\/wp\/v2\/pages"}],"about":[{"href":"https:\/\/www.fokusantiatom.ch\/index.php?rest_route=\/wp\/v2\/types\/page"}],"author":[{"embeddable":true,"href":"https:\/\/www.fokusantiatom.ch\/index.php?rest_route=\/wp\/v2\/users\/1"}],"replies":[{"embeddable":true,"href":"https:\/\/www.fokusantiatom.ch\/index.php?rest_route=%2Fwp%2Fv2%2Fcomments&post=1145"}],"version-history":[{"count":6,"href":"https:\/\/www.fokusantiatom.ch\/index.php?rest_route=\/wp\/v2\/pages\/1145\/revisions"}],"predecessor-version":[{"id":1201,"href":"https:\/\/www.fokusantiatom.ch\/index.php?rest_route=\/wp\/v2\/pages\/1145\/revisions\/1201"}],"wp:attachment":[{"href":"https:\/\/www.fokusantiatom.ch\/index.php?rest_route=%2Fwp%2Fv2%2Fmedia&parent=1145"}],"curies":[{"name":"wp","href":"https:\/\/api.w.org\/{rel}","templated":true}]}}