{"id":1161,"date":"2017-11-11T14:37:11","date_gmt":"2017-11-11T13:37:11","guid":{"rendered":"http:\/\/www.fokusantiatom.ch\/?page_id=1161"},"modified":"2024-09-29T21:43:06","modified_gmt":"2024-09-29T19:43:06","slug":"rad-caesium-aus-akw-muehleberg-im-bielersee","status":"publish","type":"page","link":"https:\/\/www.fokusantiatom.ch\/?page_id=1161","title":{"rendered":"Rad. C\u00e4sium aus AKW M\u00fchleberg im Bielersee"},"content":{"rendered":"\n<h2 class=\"wp-block-heading\">Der Verdacht<\/h2>\n\n\n\n<p>Aufgrund von <a aria-label=\"Gew\u00e4sseruntersuchungen der EAWAG  (\u00f6ffnet in neuem Tab)\" href=\"https:\/\/eur03.safelinks.protection.outlook.com\/?url=https%3A%2F%2Fwww.bag.admin.ch%2Fdam%2Fbag%2Fde%2Fdokumente%2Fstr%2Fura%2Fradioaktivitaet-sedimente-bielersee.pdf.download.pdf%2Fradioaktivitaet-sedimente-bielersee.pdf&amp;data=02%7C01%7C%7C9559406326364f80454008d601f8306a%7C84df9e7fe9f640afb435aaaaaaaaaaaa%7C1%7C0%7C636698563506367157&amp;sdata=q9MYg7VpnzHq3cBOMNeiMEyQnVJrOWM27Xjr6VpABIg%3D&amp;reserved=0\" target=\"_blank\" rel=\"noreferrer noopener\">Gew\u00e4sseruntersuchungen der EAWAG <\/a>im Sommer 2013 wurde bekannt, Radioaktive Teilchen aus dem AKW M\u00fchleberg lassen sich in den Sedimenten des\u00a0Bielersee\u00a0nachweisen.\u00a0Die <a href=\"http:\/\/www.fokusantiatom.ch\/wp-content\/uploads\/2018\/08\/2013_07_14_SZ_KKM_Radioaktivit\u00e4tImBielersee.pdf\" target=\"_blank\" rel=\"noopener\">Sonntagszeitung vom 2013_07_14_<\/a> informierte ausf\u00fchrlich.<\/p>\n\n\n\n<figure class=\"wp-block-table\"><table><tbody><tr><td><figure><a href=\"http:\/\/www.fokusantiatom.ch\/wp-content\/uploads\/2018\/08\/Cs137-320x400.png\"><img loading=\"lazy\" decoding=\"async\" class=\"alignnone size-medium wp-image-1162\" src=\"http:\/\/www.fokusantiatom.ch\/wp-content\/uploads\/2018\/08\/Cs137-320x400-240x300.png\" alt=\"\" width=\"240\" height=\"300\" srcset=\"https:\/\/www.fokusantiatom.ch\/wp-content\/uploads\/2018\/08\/Cs137-320x400-240x300.png 240w, https:\/\/www.fokusantiatom.ch\/wp-content\/uploads\/2018\/08\/Cs137-320x400.png 320w\" sizes=\"auto, (max-width: 240px) 100vw, 240px\" \/><\/a><\/figure><\/td><td><a href=\"https:\/\/www.ensi.ch\/de\/2014\/04\/14\/bielersee-studie-von-eawag-und-labor-spiez-bestaetigt-bisherige-beurteilung-2\/\" target=\"_blank\" rel=\"noopener\">ENSI Stellungnahme<\/a><\/td><\/tr><\/tbody><\/table><\/figure>\n\n\n\n<p>Werner Zeller der Leiter Strahlenschutz im Bundesamt f\u00fcr Gesundheit befand damals gegen\u00fcber der&nbsp;<a title=\"Sonntagszeitung: Radioaktivit\u00e4t im Bielersee\" href=\"http:\/\/www.sonntagszeitung.ch\/home\/artikel-detailseite\/?newsid=256952\" target=\"_blank\" rel=\"noopener\">Sonntagszeitung,<\/a>&nbsp;es brauche ein kontinuierliches \u00dcberwachungssystem.<\/p>\n\n\n\n<p><a href=\"http:\/\/www.derbund.ch\/schweiz\/standard\/Strahlenmessung-ist-AKWBetreibern-zu-teuer\/story\/19315561\" target=\"_blank\" rel=\"noopener\">Heute zeigte die Zeitung \u201eDer Bund\u201c auf dass sich die Betreiber der Atomanlagen wieder einmal aus Ihrer Verantwortung ziehen wollen.&nbsp;<\/a>Die Betreiber der AKW M\u00fchleberg, G\u00f6sgen, Beznau und Leibstadt legten gegen das geplante Messnetzwerk URAS Rekurs ein.<\/p>\n\n\n\n<p><strong>Wer nicht hinschaut findet nichts<\/strong><\/p>\n\n\n\n<p>Die Analytische Untersuchung der Fliessgew\u00e4sser auf Radioaktive Verseuchung erfolgt heute \u00fcber nicht automatisierte&nbsp;<a href=\"\/Users\/J%C3%BCrg\/Desktop\/Downloads\/BAG_Probenahmeplan_2011.pdf\" target=\"_blank\" rel=\"noopener\">Probensammler<\/a>. Das neue Messnetzwerk soll ein online Messnetz werden. Online heisst die Messwerte werden andauern erfasst und weitervermittelt, so lassen sich dann auch Spitzenbelastungen durch Radioaktivit\u00e4t abbilden.&nbsp;<strong>Die Verweigerung der Betreiber sich am Messnetzwerk zu beteiligen zeigt sie f\u00fcrchten die Messresultate!<\/strong><\/p>\n\n\n\n<p><a href=\"http:\/\/www.derbund.ch\/bern\/kanton\/Caesium-im-Bielersee-Ursache-war-AtomabfallBehandlung-\/story\/15208852\" target=\"_blank\" rel=\"noopener\">M\u00fchleberg gibt&nbsp;Radioaktivit\u00e4t an die Aare ab<\/a><\/p>\n\n\n\n<p>Aus der Zeitung \u201eDer Bund\u201c: Die bisherigen Resultate dieser Bem\u00fchungen umschreibt das Ensi in seiner Antwort so: \u00abDas Kernkraftwerk M\u00fchleberg erzielte deutliche Fortschritte, konnte aber den Zielwert noch nicht erreichen.\u00bb Tats\u00e4chlich ist das AKW noch weit davon entfernt. Der Zielwert f\u00fcr M\u00fchleberg betr\u00e4gt laut Ensi eine Strahlung von h\u00f6chstens 1 Milliarde Becquerel im Abwasser (ohne Tritium). 2012 lag der entsprechende Wert in M\u00fchleberg laut Ensi-Strahlenschutzbericht dreimal h\u00f6her, bei 3 Milliarden Becquerel. \u00abDie Optimierung wird fortgesetzt\u00bb, schreibt das Ensi. BKW-Sprecher Sommavilla verspricht \u00abweitere deutliche Reduktionen\u00bb. Das Ensi habe der BKW aber keinen Termin gesetzt, um den Zielwert zu erreichen..<\/p>\n\n\n\n<p><a href=\"http:\/\/www.bag.admin.ch\/themen\/strahlung\/00043\/00065\/02236\/index.html?lang=de&amp;download=NHzLpZeg7t,lnp6I0NTU042l2Z6ln1acy4Zn4Z2qZpnO2Yuq2Z6gpJCLfIB7g2ym162epYbg2c_JjKbNoKSn6A--\" target=\"_blank\" rel=\"noopener\"><em><strong>Aus dem Strahlenbericht des Bundesamt f\u00fcr Gesundheit BAG, April 2014<\/strong><\/em><\/a><\/p>\n\n\n\n<p>Der Bundesrat hat am 15. Mai 2013 ein entsprechendes Projekt genehmigt und das BAG mit der&nbsp; Umsetzung beauftragt. Das neue Messnetz mit dem Namen URAnet wird die Radioaktivitat in der Luft (URAnet aero) und im Wasser&nbsp;(<a href=\"http:\/\/news.radenviro.ch\/?p=891&amp;lang=de\" target=\"_blank\" rel=\"noopener\">URAnet aqua<\/a>)&nbsp;\u00fcberwachen. Das Projekt sieht vor, Sonden in der Aare und im Rhein flussabwarts nach allen Schweizer Kernkraftwerken sowie in Basel zu installieren. Die ersten Sonden in Gewassern (siehe Abbildung 10) werden 2014 in Betrieb genommen werden. Die Aerosolsonden sollen 2016 \u2013 2017 ersetzt werden. Die Ergebnisse zu den in den Sedimenten des Bielersees gemessenen erhohten Casium-137-Werten waren beim Erscheinen dieses Berichts noch nicht definitiv ausgewertet.<\/p>\n\n\n\n<p><a href=\"http:\/\/www.gr.be.ch\/gr\/de\/index\/geschaefte\/geschaefte\/suche\/geschaeft.gid-217d4d44a16d425a8c3100339117edbd.html\" target=\"_blank\" rel=\"noopener\">Interpellation&nbsp;Hofmann im Grossen Rat des Kt. Bern: Belastung der Aare und des Bielersees durch radioaktive Abw\u00e4sser und des Personals durch Direktstrahlung aus dem AKW M\u00fchleberg<\/a><\/p>\n\n\n\n<hr class=\"wp-block-separator has-css-opacity\"\/>\n\n\n\n<h2 class=\"wp-block-heading\">Aktivisten protestieren gegen Radioaktive Belastung durch das AKW<\/h2>\n\n\n\n<figure class=\"wp-block-table\"><table><tbody><tr><td><figure><a href=\"http:\/\/www.fokusantiatom.ch\/wp-content\/uploads\/2018\/08\/P1050581.jpg\"><img loading=\"lazy\" decoding=\"async\" class=\"alignnone size-medium wp-image-1163\" src=\"http:\/\/www.fokusantiatom.ch\/wp-content\/uploads\/2018\/08\/P1050581-300x225.jpg\" alt=\"\" width=\"300\" height=\"225\" srcset=\"https:\/\/www.fokusantiatom.ch\/wp-content\/uploads\/2018\/08\/P1050581-300x225.jpg 300w, https:\/\/www.fokusantiatom.ch\/wp-content\/uploads\/2018\/08\/P1050581-768x576.jpg 768w, https:\/\/www.fokusantiatom.ch\/wp-content\/uploads\/2018\/08\/P1050581-1024x768.jpg 1024w\" sizes=\"auto, (max-width: 300px) 100vw, 300px\" \/><\/a><\/figure><\/td><td>2013. 08. 17 Atomgegner protestieren gegen die Radioaktive Belastung des Bielersee durch das AKW M\u00fchleberg. Symbolische werden Atomf\u00e4sser auf ein Floss verladen und auf den Bielersee verschifft.<\/td><\/tr><tr><td><figure><a href=\"http:\/\/www.fokusantiatom.ch\/wp-content\/uploads\/2018\/08\/IMG_0276-Kopie.jpg\"><img loading=\"lazy\" decoding=\"async\" class=\"alignnone size-medium wp-image-1164\" src=\"http:\/\/www.fokusantiatom.ch\/wp-content\/uploads\/2018\/08\/IMG_0276-Kopie-300x200.jpg\" alt=\"\" width=\"300\" height=\"200\" srcset=\"https:\/\/www.fokusantiatom.ch\/wp-content\/uploads\/2018\/08\/IMG_0276-Kopie-300x200.jpg 300w, https:\/\/www.fokusantiatom.ch\/wp-content\/uploads\/2018\/08\/IMG_0276-Kopie-768x512.jpg 768w, https:\/\/www.fokusantiatom.ch\/wp-content\/uploads\/2018\/08\/IMG_0276-Kopie-1024x683.jpg 1024w\" sizes=\"auto, (max-width: 300px) 100vw, 300px\" \/><\/a><\/figure><\/td><td>Wie das AKW M\u00fchleberg verfrachten Aktivisten die Radioaktivit\u00e4t in den Bielersee.<\/td><\/tr><tr><td><figure><a href=\"http:\/\/www.fokusantiatom.ch\/wp-content\/uploads\/2018\/08\/IMG_0291.jpg\"><img loading=\"lazy\" decoding=\"async\" class=\"alignnone size-medium wp-image-1165\" src=\"http:\/\/www.fokusantiatom.ch\/wp-content\/uploads\/2018\/08\/IMG_0291-300x200.jpg\" alt=\"\" width=\"300\" height=\"200\" srcset=\"https:\/\/www.fokusantiatom.ch\/wp-content\/uploads\/2018\/08\/IMG_0291-300x200.jpg 300w, https:\/\/www.fokusantiatom.ch\/wp-content\/uploads\/2018\/08\/IMG_0291-768x512.jpg 768w, https:\/\/www.fokusantiatom.ch\/wp-content\/uploads\/2018\/08\/IMG_0291-1024x683.jpg 1024w\" sizes=\"auto, (max-width: 300px) 100vw, 300px\" \/><\/a><\/figure><\/td><td>Anders als ein AKW machen sich Atomgegner damit strafbar!<\/td><\/tr><\/tbody><\/table><\/figure>\n\n\n\n<h2 class=\"wp-block-heading\">Die Best\u00e4tigung<\/h2>\n\n\n\n<figure class=\"wp-block-table\"><table><tbody><tr><td><a href=\"https:\/\/www.fokusantiatom.ch\/wp-content\/uploads\/2018\/08\/2013_08_C%C3%A4sium-im-Bielersee_-Ursache-Atomabfall-Behandlung.pdf\" target=\"_blank\" rel=\"noopener\">2013.07.16 Der Bund<\/a>&nbsp;<a href=\"http:\/\/www.fokusantiatom.ch\/wp-content\/uploads\/2018\/08\/2013_08_C\u00e4sium-im-Bielersee_-Ursache-Atomabfall-Behandlung.pdf\">C\u00e4sium im Bielersee_ Ursache Atomabfall-Behandlung<\/a><\/td><td>Die Atomaufsicht Ensi best\u00e4tigt, dass das AKW M\u00fchleberg die Quelle f\u00fcr die Ablagerungen von<br>radioaktivem C\u00e4sium 137 im Bielersee ist. Ursache war eine Atomabfall-Behandlung.<\/td><\/tr><\/tbody><\/table><\/figure>\n\n\n\n<hr class=\"wp-block-separator has-css-opacity\"\/>\n\n\n\n<h2 class=\"wp-block-heading\">Weiterf\u00fchrende Dokumentationen<\/h2>\n\n\n\n<p><a href=\"https:\/\/atomschutzverband.ch\/wordpress\/wp-content\/uploads\/broschuere_trinkwasser_20140911.pdf\" target=\"_blank\" rel=\"noopener\">TRAS Brosch\u00fcre:&nbsp;<\/a><a href=\"https:\/\/atomschutzverband.ch\/431\/\" rel=\"bookmark\">Schweizer Atomkraftwerke gef\u00e4hrden die Trinkwasserversorgung<\/a><\/p>\n\n\n\n<p><a href=\"https:\/\/atomschutzverband.ch\/wordpress\/wp-content\/uploads\/folgen_gau_trinkwasserversorgung_schweiz_oeko_institut_20140618.pdf\" target=\"_blank\" rel=\"noopener\">TRAS Studie: Untersuchung m\u00f6glicher Folgen eines&nbsp;schweren Unfalls in einem schweizerischen&nbsp;Kernkraftwerk auf die Trinkwasserversorgung<\/a><\/p>\n","protected":false},"excerpt":{"rendered":"<p>Der Verdacht Aufgrund von Gew\u00e4sseruntersuchungen der EAWAG im Sommer 2013<\/p>\n","protected":false},"author":1,"featured_media":0,"parent":0,"menu_order":0,"comment_status":"closed","ping_status":"closed","template":"","meta":{"footnotes":""},"class_list":["post-1161","page","type-page","status-publish","hentry"],"_links":{"self":[{"href":"https:\/\/www.fokusantiatom.ch\/index.php?rest_route=\/wp\/v2\/pages\/1161","targetHints":{"allow":["GET"]}}],"collection":[{"href":"https:\/\/www.fokusantiatom.ch\/index.php?rest_route=\/wp\/v2\/pages"}],"about":[{"href":"https:\/\/www.fokusantiatom.ch\/index.php?rest_route=\/wp\/v2\/types\/page"}],"author":[{"embeddable":true,"href":"https:\/\/www.fokusantiatom.ch\/index.php?rest_route=\/wp\/v2\/users\/1"}],"replies":[{"embeddable":true,"href":"https:\/\/www.fokusantiatom.ch\/index.php?rest_route=%2Fwp%2Fv2%2Fcomments&post=1161"}],"version-history":[{"count":8,"href":"https:\/\/www.fokusantiatom.ch\/index.php?rest_route=\/wp\/v2\/pages\/1161\/revisions"}],"predecessor-version":[{"id":2601,"href":"https:\/\/www.fokusantiatom.ch\/index.php?rest_route=\/wp\/v2\/pages\/1161\/revisions\/2601"}],"wp:attachment":[{"href":"https:\/\/www.fokusantiatom.ch\/index.php?rest_route=%2Fwp%2Fv2%2Fmedia&parent=1161"}],"curies":[{"name":"wp","href":"https:\/\/api.w.org\/{rel}","templated":true}]}}