{"id":1177,"date":"2018-08-11T15:04:17","date_gmt":"2018-08-11T13:04:17","guid":{"rendered":"http:\/\/www.fokusantiatom.ch\/?page_id=1177"},"modified":"2025-02-07T11:56:25","modified_gmt":"2025-02-07T10:56:25","slug":"endlager","status":"publish","type":"page","link":"https:\/\/www.fokusantiatom.ch\/?page_id=1177","title":{"rendered":"Endlager?"},"content":{"rendered":"<a href=\"https:\/\/www.fokusantiatom.ch\/wp-content\/uploads\/2022\/08\/Flyer_atommuell_Web.pdf\" class=\"pdfemb-viewer\" style=\"\" data-width=\"max\" data-height=\"max\" data-toolbar=\"bottom\" data-toolbar-fixed=\"on\">Flyer_atommuell_Web<\/a>\n<p class=\"wp-block-pdfemb-pdf-embedder-viewer\"><\/p>\n\n\n\n<figure class=\"wp-block-embed-youtube wp-block-embed\"><div class=\"wp-block-embed__wrapper\">\n<iframe loading=\"lazy\" title=\"Teaser &quot;Die Reise zum sichersten Ort der Erde&quot;\" width=\"840\" height=\"473\" src=\"https:\/\/www.youtube.com\/embed\/svc33WGIveI?feature=oembed\" frameborder=\"0\" allow=\"accelerometer; autoplay; clipboard-write; encrypted-media; gyroscope; picture-in-picture; web-share\" referrerpolicy=\"strict-origin-when-cross-origin\" allowfullscreen><\/iframe>\n<\/div><\/figure>\n\n\n\n<p>Seit Beginn der zivilen Nutzung der Atomenergie im&nbsp;Jahr 1956 gibt es ein Dilemma: wir produzieren \u00absauberen&nbsp;Strom\u00bb und hinterlassen den gef\u00e4hrlichsten Abfall&nbsp;\u00fcberhaupt. Der hochradioaktive Atomm\u00fcll bedroht uns&nbsp;f\u00fcr hunderttausende von Jahren. 350000 Tonnen sind&nbsp;es inzwischen weltweit \u2013 und j\u00e4hrlich kommen 10000&nbsp;Tonnen dazu. Der M\u00fcll wird rund um die Welt provisorisch&nbsp;gelagert, in K\u00fchlbecken auf Atomkraftwerksgel\u00e4nden und in Zwischenlagern.&nbsp;Die politische Strategie, diesem Dilemma zu entrinnen, heisst heute in allen Atomenergie produzierenden L\u00e4ndern: Endlagerstandorte&nbsp;finden. Orte finden, wo die Gefahr f\u00fcr k\u00fcnftige Generationen&nbsp;bis in alle Ewigkeit gebannt ist. Ein solcher Ort kann nichts&nbsp;anderes als \u00abder sicherste Ort der Erde\u00bb sein. Seit Jahrzehnten&nbsp;wird in vielen L\u00e4ndern weltweit danach gesucht, wissenschaftlich&nbsp;geforscht und immer wieder werden m\u00f6gliche Standorte verworfen. Mit diesem Film begebe ich mich auf die komplexe Suche nach&nbsp;dem sichersten Ort der Erde. Menschen, die das Problem stellvertretend&nbsp;f\u00fcr uns alle l\u00f6sen wollen, stehen im Zentrum des&nbsp;Films \u2013 ihr Bem\u00fchen, ihr Leiden, ihre K\u00e4mpfe, ihr Hoffen und ihre&nbsp;Niederlagen. Der in der Schweiz lebende Nuklearphysiker Charles&nbsp;McCombie ist seit 35 Jahren in f\u00fchrenden Positionen und mit ungebrochenem&nbsp;Optimismus in die weltumspannende Suche nach&nbsp;dem sichersten Ort involviert. Exklusiv f\u00fcr den Film \u00f6ffnet er T\u00fcren&nbsp;zu Orten, die der \u00d6ffentlichkeit nicht zug\u00e4nglich sind. Er trifft auf&nbsp;Weggef\u00e4hrten und einige seiner sch\u00e4rfsten Gegner.&nbsp;Es ist eine Reise durch tiefe Schichten kollektiver Verdr\u00e4ngung.&nbsp;Trotz jahrzehntelanger, erfolgloser Suche nach Endlagerstandorten&nbsp;wird die Produktion von hochradioaktivem Atomm\u00fcll ungebrochen&nbsp;fortgesetzt. Es herrscht ein fast religi\u00f6ser Glaube, dass sich&nbsp;in Zukunft alles f\u00fcgen wird. Die Verdr\u00e4ngung des Problems wird&nbsp;dadurch beg\u00fcnstigt, dass das radioaktive Material aus Sicherheitsgr\u00fcnden&nbsp;auch heute schon provisorisch weggesperrt werden&nbsp;muss: in tabuisierte, dem \u00f6ffentlichen Auge entzogene Gel\u00e4nde, in&nbsp;die nur unter schwierigsten Auflagen Einblick gew\u00e4hrt wird.<br>Der Film ist auch ein permanentes Ringen darum, den M\u00fcll zu Gesicht&nbsp;zu bekommen. In diesem Ringen w\u00e4chst die Einsicht, dass&nbsp;der sicherste Ort nur dort zu finden sein kann, wo es uns als Kollektiv&nbsp;gelingt, uns dem Druck extremer \u00f6konomischer Sachzw\u00e4nge&nbsp;zu widersetzen, nicht zu Gl\u00e4ubigen zu werden und Behauptungen&nbsp;nicht voreilig als letzte wissenschaftliche Wahrheiten zu missverstehen.Der Film reist auf der Suche nach Antworten bis ans Ende der Welt. \/\/&nbsp;Edgar Hagen<\/p>\n\n\n\n<figure class=\"wp-block-table\"><table><tbody><tr><td><a href=\"http:\/\/www.diereisezumsicherstenortdererde.ch\/de\/\" target=\"_blank\" rel=\"noopener\">Homepage: DIE REISE ZUM SICHERSTEN ORT DER ERDE<\/a><\/td><\/tr><\/tbody><\/table><\/figure>\n\n\n\n<p>\n\nInto Eternity: Ein weiterer Film \u00fcber die Endlagerung\n\n<\/p>\n\n\n\n<figure class=\"wp-block-embed is-type-video is-provider-youtube wp-block-embed-youtube wp-embed-aspect-16-9 wp-has-aspect-ratio\"><div class=\"wp-block-embed__wrapper\">\n<iframe loading=\"lazy\" title=\"Into Eternity - Official trailer\" width=\"840\" height=\"473\" src=\"https:\/\/www.youtube.com\/embed\/qoyKe-HxmFk?feature=oembed\" frameborder=\"0\" allow=\"accelerometer; autoplay; clipboard-write; encrypted-media; gyroscope; picture-in-picture; web-share\" referrerpolicy=\"strict-origin-when-cross-origin\" allowfullscreen><\/iframe>\n<\/div><\/figure>\n\n\n\n<p>Siehe auch auf <a href=\"https:\/\/www.playsuisse.ch\/detail\/896729?locale=de\">Play Suisse<\/a> Atomausstieg: Strahlender M\u00fcll<\/p>\n","protected":false},"excerpt":{"rendered":"<p>Seit Beginn der zivilen Nutzung der Atomenergie im&nbsp;Jahr 1956 gibt<\/p>\n","protected":false},"author":1,"featured_media":0,"parent":0,"menu_order":0,"comment_status":"closed","ping_status":"closed","template":"","meta":{"footnotes":""},"class_list":["post-1177","page","type-page","status-publish","hentry"],"_links":{"self":[{"href":"https:\/\/www.fokusantiatom.ch\/index.php?rest_route=\/wp\/v2\/pages\/1177","targetHints":{"allow":["GET"]}}],"collection":[{"href":"https:\/\/www.fokusantiatom.ch\/index.php?rest_route=\/wp\/v2\/pages"}],"about":[{"href":"https:\/\/www.fokusantiatom.ch\/index.php?rest_route=\/wp\/v2\/types\/page"}],"author":[{"embeddable":true,"href":"https:\/\/www.fokusantiatom.ch\/index.php?rest_route=\/wp\/v2\/users\/1"}],"replies":[{"embeddable":true,"href":"https:\/\/www.fokusantiatom.ch\/index.php?rest_route=%2Fwp%2Fv2%2Fcomments&post=1177"}],"version-history":[{"count":7,"href":"https:\/\/www.fokusantiatom.ch\/index.php?rest_route=\/wp\/v2\/pages\/1177\/revisions"}],"predecessor-version":[{"id":2750,"href":"https:\/\/www.fokusantiatom.ch\/index.php?rest_route=\/wp\/v2\/pages\/1177\/revisions\/2750"}],"wp:attachment":[{"href":"https:\/\/www.fokusantiatom.ch\/index.php?rest_route=%2Fwp%2Fv2%2Fmedia&parent=1177"}],"curies":[{"name":"wp","href":"https:\/\/api.w.org\/{rel}","templated":true}]}}