{"id":1403,"date":"2019-03-08T10:53:49","date_gmt":"2019-03-08T09:53:49","guid":{"rendered":"http:\/\/www.fokusantiatom.ch\/?page_id=1403"},"modified":"2019-03-08T10:53:49","modified_gmt":"2019-03-08T09:53:49","slug":"kkb-geschwaechtes-reaktordruckgefaess","status":"publish","type":"page","link":"https:\/\/www.fokusantiatom.ch\/?page_id=1403","title":{"rendered":"KKB: Geschw\u00e4chtes Reaktordruckgef\u00e4ss"},"content":{"rendered":"\n<p><a rel=\"noreferrer noopener\" aria-label=\"Geschw\u00e4chte Reaktordruckgef\u00e4sse in Belgiens AKW (\u00f6ffnet in neuem Tab)\" href=\"http:\/\/www.inrag.org\/\" target=\"_blank\">Kongress zu geschw\u00e4chten Reaktordruckgef\u00e4ssen in Belgiens AKW<\/a><\/p>\n\n\n\n<figure class=\"wp-block-image\"><img loading=\"lazy\" decoding=\"async\" width=\"514\" height=\"102\" src=\"https:\/\/www.fokusantiatom.ch\/wp-content\/uploads\/2019\/03\/iNRAG.jpg\" alt=\"\" class=\"wp-image-1404\" srcset=\"https:\/\/www.fokusantiatom.ch\/wp-content\/uploads\/2019\/03\/iNRAG.jpg 514w, https:\/\/www.fokusantiatom.ch\/wp-content\/uploads\/2019\/03\/iNRAG-300x60.jpg 300w\" sizes=\"auto, (max-width: 514px) 100vw, 514px\" \/><\/figure>\n\n\n\n<p><\/p>\n\n\n\n<figure class=\"wp-block-embed is-type-rich is-provider-fokus-anti-atom\"><div class=\"wp-block-embed__wrapper\">\n<blockquote class=\"wp-embedded-content\" data-secret=\"1MBJqHiUsp\"><a href=\"https:\/\/www.fokusantiatom.ch\/?p=1060\">Medienmitteilung: Beznau Reaktordruckgef\u00e4sse (RDB) schwach ausgelegt<\/a><\/blockquote><iframe loading=\"lazy\" class=\"wp-embedded-content\" sandbox=\"allow-scripts\" security=\"restricted\" style=\"position: absolute; clip: rect(1px, 1px, 1px, 1px);\" src=\"https:\/\/www.fokusantiatom.ch\/?p=1060&#038;embed=true#?secret=1MBJqHiUsp\" data-secret=\"1MBJqHiUsp\" width=\"600\" height=\"338\" title=\"&#8222;Medienmitteilung: Beznau Reaktordruckgef\u00e4sse (RDB) schwach ausgelegt&#8220; &#8212; \" frameborder=\"0\" marginwidth=\"0\" marginheight=\"0\" scrolling=\"no\"><\/iframe>\n<\/div><\/figure>\n\n\n\n<figure class=\"wp-block-embed is-type-rich is-provider-fokus-anti-atom\"><div class=\"wp-block-embed__wrapper\">\n<blockquote class=\"wp-embedded-content\" data-secret=\"x6ulMWohBh\"><a href=\"https:\/\/www.fokusantiatom.ch\/?p=903\">Beznau 1: H\u00e4lt der Stahl des Reaktordruckbeh\u00e4lters?<\/a><\/blockquote><iframe loading=\"lazy\" class=\"wp-embedded-content\" sandbox=\"allow-scripts\" security=\"restricted\" style=\"position: absolute; clip: rect(1px, 1px, 1px, 1px);\" src=\"https:\/\/www.fokusantiatom.ch\/?p=903&#038;embed=true#?secret=x6ulMWohBh\" data-secret=\"x6ulMWohBh\" width=\"600\" height=\"338\" title=\"&#8222;Beznau 1: H\u00e4lt der Stahl des Reaktordruckbeh\u00e4lters?&#8220; &#8212; \" frameborder=\"0\" marginwidth=\"0\" marginheight=\"0\" scrolling=\"no\"><\/iframe>\n<\/div><\/figure>\n","protected":false},"excerpt":{"rendered":"<p>Kongress zu geschw\u00e4chten Reaktordruckgef\u00e4ssen in Belgiens AKW<\/p>\n","protected":false},"author":1,"featured_media":0,"parent":0,"menu_order":0,"comment_status":"closed","ping_status":"closed","template":"","meta":{"footnotes":""},"class_list":["post-1403","page","type-page","status-publish","hentry"],"_links":{"self":[{"href":"https:\/\/www.fokusantiatom.ch\/index.php?rest_route=\/wp\/v2\/pages\/1403","targetHints":{"allow":["GET"]}}],"collection":[{"href":"https:\/\/www.fokusantiatom.ch\/index.php?rest_route=\/wp\/v2\/pages"}],"about":[{"href":"https:\/\/www.fokusantiatom.ch\/index.php?rest_route=\/wp\/v2\/types\/page"}],"author":[{"embeddable":true,"href":"https:\/\/www.fokusantiatom.ch\/index.php?rest_route=\/wp\/v2\/users\/1"}],"replies":[{"embeddable":true,"href":"https:\/\/www.fokusantiatom.ch\/index.php?rest_route=%2Fwp%2Fv2%2Fcomments&post=1403"}],"version-history":[{"count":1,"href":"https:\/\/www.fokusantiatom.ch\/index.php?rest_route=\/wp\/v2\/pages\/1403\/revisions"}],"predecessor-version":[{"id":1406,"href":"https:\/\/www.fokusantiatom.ch\/index.php?rest_route=\/wp\/v2\/pages\/1403\/revisions\/1406"}],"wp:attachment":[{"href":"https:\/\/www.fokusantiatom.ch\/index.php?rest_route=%2Fwp%2Fv2%2Fmedia&parent=1403"}],"curies":[{"name":"wp","href":"https:\/\/api.w.org\/{rel}","templated":true}]}}