{"id":154,"date":"2015-10-31T01:35:26","date_gmt":"2015-10-31T00:35:26","guid":{"rendered":"http:\/\/www.fokusantiatom.ch\/?page_id=154"},"modified":"2015-11-02T00:02:41","modified_gmt":"2015-11-01T23:02:41","slug":"amues-literatur","status":"publish","type":"page","link":"https:\/\/www.fokusantiatom.ch\/?page_id=154","title":{"rendered":"AMUes Literatur"},"content":{"rendered":"<table width=\"100%\">\n<tbody>\n<tr>\n<td width=\"100%\"><span style=\"color: #ff0000;\">Nachfolgend aufgelistete Literatur ist im Archiv von Fokus Anti-Atom verf\u00fcgbar<\/span><\/p>\n<table class=\" alignleft\" style=\"height: 2471px; border-color: #8f8888;\" border=\"0\" width=\"618\">\n<tbody>\n<tr>\n<td width=\"27%\"><a href=\"http:\/\/www.fokusantiatom.ch\/wp-content\/uploads\/2015\/10\/STUDIE062000.jpg\"><img loading=\"lazy\" decoding=\"async\" class=\"size-full wp-image-47\" src=\"http:\/\/www.fokusantiatom.ch\/wp-content\/uploads\/2015\/10\/STUDIE062000.jpg\" alt=\"Frage an die Atomaufsicht: Wie gef\u00e4hrlich m\u00fcssen AKW sein, damit sie endlich stillgelegt werden?AMues, Juni 2000\" width=\"124\" height=\"174\" \/><\/a><\/p>\n<p>Frage an die Atomaufsicht: Wie gef\u00e4hrlich m\u00fcssen AKW sein, damit sie endlich stillgelegt werden?AMues, Juni 2000<\/td>\n<td width=\"70%\">\n<h4>Frage an die Atomaufsicht: Wie g e f \u00e4 h r l i c h m\u00fcssen AKW sein, damit sie endlich stillgelegt werden?<\/h4>\n<p>Brosch\u00fcre Juni 2000, ~50 Seiten<\/p>\n<ul>\n<li>Vorwort<\/li>\n<li>Thesen<\/li>\n<li>Was ist denn Sicherheit?<\/li>\n<li>Es besteht Verdunkelungsgefahr<\/li>\n<li>Betriebssicherheit<\/li>\n<li>Vorsorgemassnahmen<\/li>\n<li>Umgang mit Gefahrentechnologie<\/li>\n<li>\u00fcberblick \u00fcber technische Regeln<\/li>\n<li>Was ist Risiko?<\/li>\n<li>Strahlenschutz<\/li>\n<li>Technische Auslegung<\/li>\n<li>Normen<\/li>\n<li>&#8222;St\u00f6rf\u00e4lle&#8220;<\/li>\n<li>Kerntechnische Regeln<\/li>\n<li>Probabilistische Sicherheitsanalysen<\/li>\n<li>Stand von Wissenschaft und Technik<\/li>\n<li>AKW M\u00fchleberg<\/li>\n<li>Von Anfang an ein Pannen-Werk<\/li>\n<li>Die grosse Gefahr<\/li>\n<li>Verletzung elementarer Regeln<\/li>\n<li>GAU: das ist in M\u00fchleberg der Super-GAU<\/li>\n<li>Erdbeben: V\u00f6llig ungen\u00fcgender Schutz<\/li>\n<li>Schutz gegen Brand, \u00fcberflutung etc. ungen\u00fcgend<\/li>\n<li>Fehlender Schutz gegen Flugzeugabsturz<\/li>\n<li>Internationale Kritik an der HSK<\/li>\n<\/ul>\n<\/td>\n<\/tr>\n<tr>\n<td width=\"27%\">&nbsp;<\/p>\n<p><figure id=\"attachment_29\" aria-describedby=\"caption-attachment-29\" style=\"width: 177px\" class=\"wp-caption alignnone\"><a href=\"http:\/\/www.fokusantiatom.ch\/wp-content\/uploads\/2015\/10\/STUDIE90T1.gif\"><img loading=\"lazy\" decoding=\"async\" class=\"size-full wp-image-29\" src=\"http:\/\/www.fokusantiatom.ch\/wp-content\/uploads\/2015\/10\/STUDIE90T1.gif\" alt=\"Gutachten des Oeko-Institut Darmstadt (D) Teil 1,~200 Seiten Bern, 1990 Ausgew\u00e4hlte Sicherheitsprobleme und Auswirkungen von schweren Unf\u00e4llen des AKW M\u00fchleberg\/Schweiz Unabh\u00e4ngiges Gutachten im Auftrag des Vereins M\u00fchleberg unter der Lupe\" width=\"177\" height=\"250\" \/><\/a><figcaption id=\"caption-attachment-29\" class=\"wp-caption-text\">Gutachten des Oeko-Institut Darmstadt (D)<br \/>Teil 1,~200 Seiten Bern, 1990<br \/>Ausgew\u00e4hlte Sicherheitsprobleme und Auswirkungen von schweren Unf\u00e4llen des AKW M\u00fchleberg\/Schweiz<br \/>Unabh\u00e4ngiges Gutachten im Auftrag des Vereins M\u00fchleberg unter der Lupe<\/figcaption><\/figure><\/td>\n<td width=\"70%\">\n<h4>Ausgew\u00e4hlte Sicherheitsprobleme und Auswirkungen von schweren Unf\u00e4llen des AKW M\u00fchleberg\/Schweiz<br \/>\nGutachten des Oeko-Institut Darmstadt (D)<\/h4>\n<p>Teil 1,~200 Seiten Bern, 1990<br \/>\nUnabh\u00e4ngiges Gutachten im Auftrag des Vereins M\u00fchleberg unter der Lupe<\/td>\n<\/tr>\n<tr>\n<td width=\"27%\">&nbsp;<\/p>\n<p><figure id=\"attachment_30\" aria-describedby=\"caption-attachment-30\" style=\"width: 177px\" class=\"wp-caption alignnone\"><a href=\"http:\/\/www.fokusantiatom.ch\/wp-content\/uploads\/2015\/10\/STUDIE90T2.gif\"><img loading=\"lazy\" decoding=\"async\" class=\"size-full wp-image-30\" src=\"http:\/\/www.fokusantiatom.ch\/wp-content\/uploads\/2015\/10\/STUDIE90T2.gif\" alt=\"Gutachten des instituts Cultur Prospectiv, Z\u00fcrich Teil 2,~50 Seiten, Bern 1990 Grosskatastrophe im Kleinstaat: Zur Fr\u00fcherkennung sozialer, politischer und kultureller Auswirkungen eines AKW-Unfalls im Fall der Schweiz Unabh\u00e4ngiges Gutachten im Auftrag des Vereins M\u00fchleberg unter der Lupe\" width=\"177\" height=\"250\" \/><\/a><figcaption id=\"caption-attachment-30\" class=\"wp-caption-text\">Gutachten des instituts Cultur Prospectiv, Z\u00fcrich<br \/>Teil 2,~50 Seiten, Bern 1990<br \/>Grosskatastrophe im Kleinstaat: Zur Fr\u00fcherkennung sozialer, politischer und kultureller Auswirkungen eines AKW-Unfalls im Fall der Schweiz<br \/>Unabh\u00e4ngiges Gutachten im Auftrag des Vereins M\u00fchleberg unter der Lupe<\/figcaption><\/figure><\/td>\n<td width=\"70%\">\n<h4>Grosskatastrophe im Kleinstaat: Zur Fr\u00fcherkennung sozialer, politischer und kultureller Auswirkungen eines AKW-Unfalls im Fall der Schweiz<\/h4>\n<p>Gutachten des instituts Cultur Prospectiv, Z\u00fcrich<\/p>\n<p>Teil 2,~50 Seiten, Bern 1990<\/p>\n<p>Unabh\u00e4ngiges Gutachten im Auftrag des Vereins M\u00fchleberg unter der Lupe<\/td>\n<\/tr>\n<tr>\n<td width=\"27%\">&nbsp;<\/p>\n<p><figure id=\"attachment_45\" aria-describedby=\"caption-attachment-45\" style=\"width: 177px\" class=\"wp-caption alignnone\"><a href=\"http:\/\/www.fokusantiatom.ch\/wp-content\/uploads\/2015\/10\/STUDIE03911.gif\"><img loading=\"lazy\" decoding=\"async\" class=\"size-full wp-image-45\" src=\"http:\/\/www.fokusantiatom.ch\/wp-content\/uploads\/2015\/10\/STUDIE03911.gif\" alt=\"Studie (Beurteilung) des Oeko-Institut Darmstadt (D) Teil A, ~50 Seiten, Bern M\u00e4rz 1991 Beurteilung der zur Erlangung einer endg\u00fcltigen Betriebsbewilligung f\u00fcr das AKW M\u00fchleberg \u00f6ffentlich aufgelegten Unterlagen im Auftrag des Vereins M\u00fchleberg unter der Lupe\" width=\"177\" height=\"250\" \/><\/a><figcaption id=\"caption-attachment-45\" class=\"wp-caption-text\">Studie (Beurteilung) des Oeko-Institut Darmstadt (D)<br \/>Teil A, ~50 Seiten, Bern M\u00e4rz 1991<br \/>Beurteilung der zur Erlangung einer endg\u00fcltigen Betriebsbewilligung f\u00fcr das AKW M\u00fchleberg \u00f6ffentlich aufgelegten Unterlagen<br \/>im Auftrag des Vereins M\u00fchleberg unter der Lupe<\/figcaption><\/figure><\/td>\n<td width=\"70%\">\n<h4>Beurteilung der zur Erlangung einer endg\u00fcltigen Betriebsbewilligung f\u00fcr das AKW M\u00fchleberg \u00f6ffentlich aufgelegten Unterlagen<\/h4>\n<p>Studie (Beurteilung) des Oeko-Institut Darmstadt (D)<\/p>\n<p>Teil A, ~50 Seiten, Bern M\u00e4rz 1991<\/p>\n<p>im Auftrag des Vereins M\u00fchleberg unter der Lupe<\/td>\n<\/tr>\n<\/tbody>\n<\/table>\n<\/td>\n<\/tr>\n<\/tbody>\n<\/table>\n","protected":false},"excerpt":{"rendered":"<p>Nachfolgend aufgelistete Literatur ist im Archiv von Fokus Anti-Atom verf\u00fcgbar<\/p>\n","protected":false},"author":1,"featured_media":0,"parent":0,"menu_order":0,"comment_status":"closed","ping_status":"closed","template":"","meta":{"footnotes":""},"class_list":["post-154","page","type-page","status-publish","hentry"],"_links":{"self":[{"href":"https:\/\/www.fokusantiatom.ch\/index.php?rest_route=\/wp\/v2\/pages\/154","targetHints":{"allow":["GET"]}}],"collection":[{"href":"https:\/\/www.fokusantiatom.ch\/index.php?rest_route=\/wp\/v2\/pages"}],"about":[{"href":"https:\/\/www.fokusantiatom.ch\/index.php?rest_route=\/wp\/v2\/types\/page"}],"author":[{"embeddable":true,"href":"https:\/\/www.fokusantiatom.ch\/index.php?rest_route=\/wp\/v2\/users\/1"}],"replies":[{"embeddable":true,"href":"https:\/\/www.fokusantiatom.ch\/index.php?rest_route=%2Fwp%2Fv2%2Fcomments&post=154"}],"version-history":[{"count":3,"href":"https:\/\/www.fokusantiatom.ch\/index.php?rest_route=\/wp\/v2\/pages\/154\/revisions"}],"predecessor-version":[{"id":379,"href":"https:\/\/www.fokusantiatom.ch\/index.php?rest_route=\/wp\/v2\/pages\/154\/revisions\/379"}],"wp:attachment":[{"href":"https:\/\/www.fokusantiatom.ch\/index.php?rest_route=%2Fwp%2Fv2%2Fmedia&parent=154"}],"curies":[{"name":"wp","href":"https:\/\/api.w.org\/{rel}","templated":true}]}}