{"id":1697,"date":"2020-04-26T16:50:57","date_gmt":"2020-04-26T14:50:57","guid":{"rendered":"http:\/\/www.fokusantiatom.ch\/?page_id=1697"},"modified":"2020-04-26T16:50:59","modified_gmt":"2020-04-26T14:50:59","slug":"die-kkm-filterpanne-das-berner-klein-tschernobyl","status":"publish","type":"page","link":"https:\/\/www.fokusantiatom.ch\/?page_id=1697","title":{"rendered":"Die KKM Filterpanne: Das Berner Klein-Tschernobyl"},"content":{"rendered":"\n<p>Am 26. April 1986 kam es im russischen AKW Tschernobyl zu einem Super-GAU, die Radioaktivit\u00e4t verteilte sich \u00fcber weite Bereiche Europas, dabei war sie auch in M\u00fchleberg messbar. <\/p>\n\n\n\n<h2 class=\"wp-block-heading\">Erst Tschernobyl dann M\u00fchleberg<\/h2>\n\n\n\n<p>Im Herbst desselben Jahres stieg die Radioaktivit\u00e4t um das AKW M\u00fchleberg herum erneut an. Radioaktive Aerosole entwichen \u00fcber die Kaminabluft des AKW M\u00fchleberg, ohne dass dies von der Abluft-Ueberwachung festgestellt wurde. Grund: Am 11. September 1986 entwichen beim Zentrifugieren von Filterharzen, die zuvor zur Reinigung des Reaktorwassers gedient hatten, durch defekte Filter \u00fcber den Kamin gr\u00f6ssere Mengen radioaktiver Aerosole.<\/p>\n\n\n\n<figure class=\"wp-block-gallery columns-3 is-cropped wp-block-gallery-2 is-layout-flex wp-block-gallery-is-layout-flex\"><ul class=\"blocks-gallery-grid\"><li class=\"blocks-gallery-item\"><figure><img loading=\"lazy\" decoding=\"async\" width=\"702\" height=\"1024\" src=\"https:\/\/www.fokusantiatom.ch\/wp-content\/uploads\/2020\/04\/1086_10_08_KKM_Filterpanne-702x1024.jpg\" alt=\"\" data-id=\"1698\" data-full-url=\"https:\/\/www.fokusantiatom.ch\/wp-content\/uploads\/2020\/04\/1086_10_08_KKM_Filterpanne-scaled.jpg\" data-link=\"https:\/\/www.fokusantiatom.ch\/?attachment_id=1698\" class=\"wp-image-1698\" srcset=\"https:\/\/www.fokusantiatom.ch\/wp-content\/uploads\/2020\/04\/1086_10_08_KKM_Filterpanne-702x1024.jpg 702w, https:\/\/www.fokusantiatom.ch\/wp-content\/uploads\/2020\/04\/1086_10_08_KKM_Filterpanne-206x300.jpg 206w, https:\/\/www.fokusantiatom.ch\/wp-content\/uploads\/2020\/04\/1086_10_08_KKM_Filterpanne-768x1120.jpg 768w, https:\/\/www.fokusantiatom.ch\/wp-content\/uploads\/2020\/04\/1086_10_08_KKM_Filterpanne-1054x1536.jpg 1054w, https:\/\/www.fokusantiatom.ch\/wp-content\/uploads\/2020\/04\/1086_10_08_KKM_Filterpanne-1405x2048.jpg 1405w, https:\/\/www.fokusantiatom.ch\/wp-content\/uploads\/2020\/04\/1086_10_08_KKM_Filterpanne-scaled.jpg 1756w\" sizes=\"auto, (max-width: 702px) 100vw, 702px\" \/><\/figure><\/li><li class=\"blocks-gallery-item\"><figure><img loading=\"lazy\" decoding=\"async\" width=\"1024\" height=\"634\" src=\"https:\/\/www.fokusantiatom.ch\/wp-content\/uploads\/2020\/04\/1986_09_27_KKM_Filterpanne-1024x634.jpg\" alt=\"\" data-id=\"1699\" data-full-url=\"https:\/\/www.fokusantiatom.ch\/wp-content\/uploads\/2020\/04\/1986_09_27_KKM_Filterpanne.jpg\" data-link=\"https:\/\/www.fokusantiatom.ch\/?attachment_id=1699\" class=\"wp-image-1699\" srcset=\"https:\/\/www.fokusantiatom.ch\/wp-content\/uploads\/2020\/04\/1986_09_27_KKM_Filterpanne-1024x634.jpg 1024w, https:\/\/www.fokusantiatom.ch\/wp-content\/uploads\/2020\/04\/1986_09_27_KKM_Filterpanne-300x186.jpg 300w, https:\/\/www.fokusantiatom.ch\/wp-content\/uploads\/2020\/04\/1986_09_27_KKM_Filterpanne-768x475.jpg 768w, https:\/\/www.fokusantiatom.ch\/wp-content\/uploads\/2020\/04\/1986_09_27_KKM_Filterpanne-1536x950.jpg 1536w, https:\/\/www.fokusantiatom.ch\/wp-content\/uploads\/2020\/04\/1986_09_27_KKM_Filterpanne-2048x1267.jpg 2048w\" sizes=\"auto, (max-width: 1024px) 100vw, 1024px\" \/><\/figure><\/li><li class=\"blocks-gallery-item\"><figure><img loading=\"lazy\" decoding=\"async\" width=\"1024\" height=\"531\" src=\"https:\/\/www.fokusantiatom.ch\/wp-content\/uploads\/2020\/04\/1986_10_29_Filterpanne-1024x531.jpg\" alt=\"\" data-id=\"1700\" data-full-url=\"https:\/\/www.fokusantiatom.ch\/wp-content\/uploads\/2020\/04\/1986_10_29_Filterpanne-scaled.jpg\" data-link=\"https:\/\/www.fokusantiatom.ch\/?attachment_id=1700\" class=\"wp-image-1700\" srcset=\"https:\/\/www.fokusantiatom.ch\/wp-content\/uploads\/2020\/04\/1986_10_29_Filterpanne-1024x531.jpg 1024w, https:\/\/www.fokusantiatom.ch\/wp-content\/uploads\/2020\/04\/1986_10_29_Filterpanne-300x156.jpg 300w, https:\/\/www.fokusantiatom.ch\/wp-content\/uploads\/2020\/04\/1986_10_29_Filterpanne-768x398.jpg 768w, https:\/\/www.fokusantiatom.ch\/wp-content\/uploads\/2020\/04\/1986_10_29_Filterpanne-1536x796.jpg 1536w, https:\/\/www.fokusantiatom.ch\/wp-content\/uploads\/2020\/04\/1986_10_29_Filterpanne-2048x1062.jpg 2048w\" sizes=\"auto, (max-width: 1024px) 100vw, 1024px\" \/><\/figure><\/li><li class=\"blocks-gallery-item\"><figure><img loading=\"lazy\" decoding=\"async\" width=\"729\" height=\"539\" src=\"https:\/\/www.fokusantiatom.ch\/wp-content\/uploads\/2020\/04\/1986_KKM_Sibe_Filterpanne.png\" alt=\"\" data-id=\"1701\" data-full-url=\"https:\/\/www.fokusantiatom.ch\/wp-content\/uploads\/2020\/04\/1986_KKM_Sibe_Filterpanne.png\" data-link=\"https:\/\/www.fokusantiatom.ch\/?attachment_id=1701\" class=\"wp-image-1701\" srcset=\"https:\/\/www.fokusantiatom.ch\/wp-content\/uploads\/2020\/04\/1986_KKM_Sibe_Filterpanne.png 729w, https:\/\/www.fokusantiatom.ch\/wp-content\/uploads\/2020\/04\/1986_KKM_Sibe_Filterpanne-300x222.png 300w\" sizes=\"auto, (max-width: 729px) 100vw, 729px\" \/><\/figure><\/li><\/ul><\/figure>\n\n\n\n<figure class=\"wp-block-image size-large\"><img loading=\"lazy\" decoding=\"async\" width=\"651\" height=\"339\" src=\"https:\/\/www.fokusantiatom.ch\/wp-content\/uploads\/2020\/04\/Prinzipschema_KKM_Filtersysstem.jpg\" alt=\"\" class=\"wp-image-1704\" srcset=\"https:\/\/www.fokusantiatom.ch\/wp-content\/uploads\/2020\/04\/Prinzipschema_KKM_Filtersysstem.jpg 651w, https:\/\/www.fokusantiatom.ch\/wp-content\/uploads\/2020\/04\/Prinzipschema_KKM_Filtersysstem-300x156.jpg 300w\" sizes=\"auto, (max-width: 651px) 100vw, 651px\" \/><\/figure>\n\n\n\n<p>Der Betreiber merkte davon anf\u00e4nglich angeblich \u00fcberhaupt nichts. Nur die Kommission zur Ueberwachung der Radioaktivit\u00e4t (KUER) war zuf\u00e4llig am gleichen Tag mit Messungen im Gel\u00e4nde besch\u00e4ftigt und notierte erh\u00f6hte<br>Werte f\u00fcr radioaktives Kobalt. Sie teilte es dem Werk mit, und f\u00fcnf Tage sp\u00e4ter entdeckte ein Angestellter das Leck im Abluftsystem. Wie immer bei Atomunf\u00e4llen waren auch hier die Defekte gleich in Serie aufgetreten.<\/p>\n\n\n\n<p>Durch ein Informationsleck gelangte die Meldung \u00abAKW M\u00fchleberg:<br>Radioaktivit\u00e4t ausgetreten\u00bb am 26. September in die &#8222;Freiburger Nachrichten&#8220;. Trotzdem dass die Messstationen der KUER im Gel\u00e4nde seit dem 11. September eine \u00fcberaus deutliche Erh\u00f6hung der Radioaktivit\u00e4t registriert hatten, beschwichtigten die AKW-Betreiber, es sei alles ganz harmlos und nichts in die Umgebung gelangt. Die KUER hielt es nicht f\u00fcr n\u00f6tig zu dementieren. Pech f\u00fcr beide, dass ihnen der Physiker Andre Masson schon seit Jahren misstraute und eigene Messger\u00e4te installiert hatte. Seine Messungen f\u00f6rderten das Ausmass der Filterpanne an den Tag. In der n\u00e4heren Umgebung des AKWs waren die Radioaktivit\u00e4tswerte in<br>der Luft wieder etwa bis zur Tschernobyl-Spitze angestiegen, im Gegensatz zu Tschernobyl aber blieben sie \u00fcber Monate oben. Die KUER errechnete, dass der Radioaktivit\u00e4tsausstoss etwa 60% des erlaubten Maximalwertes ausmachte, bei dessen Ueberschreitung das AKW h\u00e4tte abgestellt werden m\u00fcssen. Die BKW hatte vorerst versucht, alles zu vertuschen. Sie verstrickte sich in heillose Widerspr\u00fcche. Ihre Messangaben wurden von Tag zu Tag korrigiert; erst war nur von Kobalt die Rede, dann auch von C\u00e4sium und Zink. Auch das M\u00e4rchen von der alleinigen Verstrahlung des Vorplatzes konnte nicht aufrechterhalten werden.<\/p>\n\n\n<a href=\"https:\/\/www.fokusantiatom.ch\/wp-content\/uploads\/2020\/04\/S2_30.pdf\" class=\"pdfemb-viewer\" style=\"\" data-width=\"max\" data-height=\"max\" data-toolbar=\"bottom\" data-toolbar-fixed=\"on\">S2_30<\/a>\n<p class=\"wp-block-pdfemb-pdf-embedder-viewer\"><\/p>\n\n\n<a href=\"https:\/\/www.fokusantiatom.ch\/wp-content\/uploads\/2020\/04\/1977_BBC_Das_KKM_Filtersystem.pdf\" class=\"pdfemb-viewer\" style=\"\" data-width=\"max\" data-height=\"max\" data-toolbar=\"bottom\" data-toolbar-fixed=\"on\">1977_BBC_Das_KKM_Filtersystem<\/a>\n<p class=\"wp-block-pdfemb-pdf-embedder-viewer\"><\/p>\n","protected":false},"excerpt":{"rendered":"<p>Am 26. April 1986 kam es im russischen AKW Tschernobyl<\/p>\n","protected":false},"author":1,"featured_media":0,"parent":0,"menu_order":0,"comment_status":"closed","ping_status":"closed","template":"","meta":{"footnotes":""},"class_list":["post-1697","page","type-page","status-publish","hentry"],"_links":{"self":[{"href":"https:\/\/www.fokusantiatom.ch\/index.php?rest_route=\/wp\/v2\/pages\/1697","targetHints":{"allow":["GET"]}}],"collection":[{"href":"https:\/\/www.fokusantiatom.ch\/index.php?rest_route=\/wp\/v2\/pages"}],"about":[{"href":"https:\/\/www.fokusantiatom.ch\/index.php?rest_route=\/wp\/v2\/types\/page"}],"author":[{"embeddable":true,"href":"https:\/\/www.fokusantiatom.ch\/index.php?rest_route=\/wp\/v2\/users\/1"}],"replies":[{"embeddable":true,"href":"https:\/\/www.fokusantiatom.ch\/index.php?rest_route=%2Fwp%2Fv2%2Fcomments&post=1697"}],"version-history":[{"count":1,"href":"https:\/\/www.fokusantiatom.ch\/index.php?rest_route=\/wp\/v2\/pages\/1697\/revisions"}],"predecessor-version":[{"id":1706,"href":"https:\/\/www.fokusantiatom.ch\/index.php?rest_route=\/wp\/v2\/pages\/1697\/revisions\/1706"}],"wp:attachment":[{"href":"https:\/\/www.fokusantiatom.ch\/index.php?rest_route=%2Fwp%2Fv2%2Fmedia&parent=1697"}],"curies":[{"name":"wp","href":"https:\/\/api.w.org\/{rel}","templated":true}]}}