{"id":1786,"date":"2021-07-24T14:17:28","date_gmt":"2021-07-24T12:17:28","guid":{"rendered":"https:\/\/www.fokusantiatom.ch\/?page_id=1786"},"modified":"2021-07-24T14:18:48","modified_gmt":"2021-07-24T12:18:48","slug":"nuclear-games","status":"publish","type":"page","link":"https:\/\/www.fokusantiatom.ch\/?page_id=1786","title":{"rendered":"nuckear games"},"content":{"rendered":"\n<p>Mitmachen, lernen, selbst entscheiden: Mit der interaktiven Webdokumentation \u00ab<a href=\"https:\/\/www.nuclear-games.net\/\">Nuclear Games<\/a>\u00bb&nbsp;erf\u00e4hrst du historische Hintergr\u00fcnde zum Atomzeitalter.<\/p>\n\n\n\n<p>\u00ab<a href=\"https:\/\/www.nuclear-games.net\/\">Nuclear Games<\/a>\u00bb&nbsp;erz\u00e4hlt die globale Geschichte der Atomkraft anhand von f\u00fcnf Geschichten aus f\u00fcnf Kontinenten: Uranabbau, die Verbreitung von Atomwaffen, Atombombentests, katastrophale Unf\u00e4lle sowie das Problem der Atomm\u00fcll-Entsorgung \u2013 ein multimediales Erlebnis mit Manga-Stories, Videos und Animationen.<\/p>\n\n\n\n<figure class=\"wp-block-image size-large\"><a href=\"http:\/\/www.fokusantiatom.ch\/wp-content\/uploads\/2021\/07\/image-1.png\"><img loading=\"lazy\" decoding=\"async\" width=\"1024\" height=\"561\" src=\"http:\/\/www.fokusantiatom.ch\/wp-content\/uploads\/2021\/07\/image-1-1024x561.png\" alt=\"\" class=\"wp-image-1778\" srcset=\"https:\/\/www.fokusantiatom.ch\/wp-content\/uploads\/2021\/07\/image-1-1024x561.png 1024w, https:\/\/www.fokusantiatom.ch\/wp-content\/uploads\/2021\/07\/image-1-300x164.png 300w, https:\/\/www.fokusantiatom.ch\/wp-content\/uploads\/2021\/07\/image-1-768x421.png 768w, https:\/\/www.fokusantiatom.ch\/wp-content\/uploads\/2021\/07\/image-1-1536x842.png 1536w, https:\/\/www.fokusantiatom.ch\/wp-content\/uploads\/2021\/07\/image-1-600x330.png 600w, https:\/\/www.fokusantiatom.ch\/wp-content\/uploads\/2021\/07\/image-1.png 1686w\" sizes=\"auto, (max-width: 1024px) 100vw, 1024px\" \/><\/a><\/figure>\n\n\n\n<figure class=\"wp-block-image size-large\"><a href=\"http:\/\/www.fokusantiatom.ch\/wp-content\/uploads\/2021\/07\/image.png\"><img loading=\"lazy\" decoding=\"async\" width=\"1024\" height=\"309\" src=\"http:\/\/www.fokusantiatom.ch\/wp-content\/uploads\/2021\/07\/image-1024x309.png\" alt=\"\" class=\"wp-image-1777\" srcset=\"https:\/\/www.fokusantiatom.ch\/wp-content\/uploads\/2021\/07\/image-1024x309.png 1024w, https:\/\/www.fokusantiatom.ch\/wp-content\/uploads\/2021\/07\/image-300x90.png 300w, https:\/\/www.fokusantiatom.ch\/wp-content\/uploads\/2021\/07\/image-768x231.png 768w, https:\/\/www.fokusantiatom.ch\/wp-content\/uploads\/2021\/07\/image-1536x463.png 1536w, https:\/\/www.fokusantiatom.ch\/wp-content\/uploads\/2021\/07\/image.png 1802w\" sizes=\"auto, (max-width: 1024px) 100vw, 1024px\" \/><\/a><\/figure>\n","protected":false},"excerpt":{"rendered":"<p>Mitmachen, lernen, selbst entscheiden: Mit der interaktiven Webdokumentation \u00abNuclear Games\u00bb&nbsp;erf\u00e4hrst<\/p>\n","protected":false},"author":1,"featured_media":1778,"parent":0,"menu_order":0,"comment_status":"closed","ping_status":"closed","template":"","meta":{"footnotes":""},"class_list":["post-1786","page","type-page","status-publish","has-post-thumbnail","hentry"],"_links":{"self":[{"href":"https:\/\/www.fokusantiatom.ch\/index.php?rest_route=\/wp\/v2\/pages\/1786","targetHints":{"allow":["GET"]}}],"collection":[{"href":"https:\/\/www.fokusantiatom.ch\/index.php?rest_route=\/wp\/v2\/pages"}],"about":[{"href":"https:\/\/www.fokusantiatom.ch\/index.php?rest_route=\/wp\/v2\/types\/page"}],"author":[{"embeddable":true,"href":"https:\/\/www.fokusantiatom.ch\/index.php?rest_route=\/wp\/v2\/users\/1"}],"replies":[{"embeddable":true,"href":"https:\/\/www.fokusantiatom.ch\/index.php?rest_route=%2Fwp%2Fv2%2Fcomments&post=1786"}],"version-history":[{"count":2,"href":"https:\/\/www.fokusantiatom.ch\/index.php?rest_route=\/wp\/v2\/pages\/1786\/revisions"}],"predecessor-version":[{"id":1789,"href":"https:\/\/www.fokusantiatom.ch\/index.php?rest_route=\/wp\/v2\/pages\/1786\/revisions\/1789"}],"wp:featuredmedia":[{"embeddable":true,"href":"https:\/\/www.fokusantiatom.ch\/index.php?rest_route=\/wp\/v2\/media\/1778"}],"wp:attachment":[{"href":"https:\/\/www.fokusantiatom.ch\/index.php?rest_route=%2Fwp%2Fv2%2Fmedia&parent=1786"}],"curies":[{"name":"wp","href":"https:\/\/api.w.org\/{rel}","templated":true}]}}