{"id":1795,"date":"2021-07-24T17:24:08","date_gmt":"2021-07-24T15:24:08","guid":{"rendered":"https:\/\/www.fokusantiatom.ch\/?page_id=1795"},"modified":"2023-11-27T12:38:32","modified_gmt":"2023-11-27T11:38:32","slug":"where-the-wind-blew","status":"publish","type":"page","link":"https:\/\/www.fokusantiatom.ch\/?page_id=1795","title":{"rendered":"Where the Wind blew"},"content":{"rendered":"\n<figure class=\"wp-block-image size-full\"><a href=\"https:\/\/vimeo.com\/194539092\" target=\"_blank\" rel=\"noreferrer noopener\"><img loading=\"lazy\" decoding=\"async\" width=\"969\" height=\"524\" src=\"https:\/\/www.fokusantiatom.ch\/wp-content\/uploads\/2023\/11\/image.png\" alt=\"\" class=\"wp-image-2193\" srcset=\"https:\/\/www.fokusantiatom.ch\/wp-content\/uploads\/2023\/11\/image.png 969w, https:\/\/www.fokusantiatom.ch\/wp-content\/uploads\/2023\/11\/image-300x162.png 300w, https:\/\/www.fokusantiatom.ch\/wp-content\/uploads\/2023\/11\/image-768x415.png 768w\" sizes=\"auto, (max-width: 969px) 100vw, 969px\" \/><\/a><\/figure>\n\n\n\n<p><a href=\"https:\/\/vimeo.com\/194539092\" target=\"_blank\" rel=\"noreferrer noopener\">WHERE THE WIND BLEW<\/a> erz\u00e4hlt die Geschichte, wie die Superm\u00e4chte des Kalten Krieges in ihrem Wettlauf um die Entwicklung immer t\u00f6dlicherer Bomben vierzig Jahre lang Waffen entwickelten, die ganze Nationen ausl\u00f6schen konnten, w\u00e4hrend sie ihre eigene verletzliche Bev\u00f6lkerung im Namen der nationalen Sicherheit opferten.<\/p>\n\n\n\n<p>Anhand von Archivmaterial und Zeugenaussagen sowohl der Betroffenen als auch derjenigen, die an diesen eskalierenden Ereignissen beteiligt waren, zeigt Where the Wind Blew nicht nur, wie gew\u00f6hnliche Menschen in Unwissenheit leiden durften, sondern auch, wie sie mit pers\u00f6nlicher St\u00e4rke und Mut ihren Regierungen trotzten. Sie trugen dazu bei, den Lauf der Geschichte zu ver\u00e4ndern, indem sie ihre Kr\u00e4fte b\u00fcndelten, zun\u00e4chst auf nationaler Ebene, dann auf der ganzen Welt, um schlie\u00dflich gegen die Atomwaffentests zu triumphieren. Kasachstan war 1989 die erste Nation, die ihr Testgel\u00e4nde schloss und damit den Weg f\u00fcr ein internationales Teststopp-Abkommen ebnete.<\/p>\n\n\n\n<p>Die Geschichte ist mit diesem Sieg nat\u00fcrlich nicht zu Ende. Trotz Vertr\u00e4gen und Versprechungen sehen wir heute, wie die Superm\u00e4chte (und einige Nicht-Superm\u00e4chte) ihre Atomwaffenarsenale wieder aufr\u00fcsten. Angesichts zunehmender globaler Spannungen und der realen Bef\u00fcrchtung, dass Atomwaffen zunehmend instabilen Regimen und Gruppen zur Verf\u00fcgung stehen, m\u00fcssen wir mehr denn je an die Lehren aus der Geschichte erinnert werden. Wir m\u00f6gen in Bezug auf Atomtests selbstgef\u00e4llig geworden sein &#8211; aber die Doomsday Clock, die uns vor der Bedrohung warnt, wie die nukleare globale Zerst\u00f6rung uns dem Armageddon n\u00e4her bringt, tickt stetig Richtung Mitternacht.<\/p>\n\n\n\n<h2 class=\"wp-block-heading\">When the Wind blow<\/h2>\n\n\n\n<p><a href=\"https:\/\/www.youtube.com\/watch?v=9pJKdTqYijY\" target=\"_blank\" rel=\"noreferrer noopener\">When the Wind blow<\/a> ist ein englischer&nbsp;<a href=\"https:\/\/de.wikipedia.org\/wiki\/Zeichentrickfilm\">Zeichentrickfilm<\/a>&nbsp;aus dem Jahr 1986, der auf dem Comic&nbsp;<em>Strahlende Zeiten<\/em>&nbsp;von&nbsp;Raymond Briggs&nbsp;basiert und die Folgen einer&nbsp;<a href=\"https:\/\/de.wikipedia.org\/wiki\/Atombombenexplosion\">Atombombenexplosion<\/a>&nbsp;auf die Bev\u00f6lkerung thematisiert. Er nimmt direkten Bezug auf das&nbsp;britische&nbsp;Zivilverteidigungsprogramm&nbsp;\u201e<a href=\"https:\/\/de.wikipedia.org\/wiki\/Protect_and_Survive\">Protect and Survive<\/a>\u201c.<\/p>\n\n\n\n<figure class=\"wp-block-image size-full\"><a href=\"https:\/\/www.fokusantiatom.ch\/wp-content\/uploads\/2023\/11\/image-1.png\" target=\"_blank\" rel=\"noreferrer noopener\"><img loading=\"lazy\" decoding=\"async\" width=\"993\" height=\"758\" src=\"https:\/\/www.fokusantiatom.ch\/wp-content\/uploads\/2023\/11\/image-1.png\" alt=\"\" class=\"wp-image-2196\" srcset=\"https:\/\/www.fokusantiatom.ch\/wp-content\/uploads\/2023\/11\/image-1.png 993w, https:\/\/www.fokusantiatom.ch\/wp-content\/uploads\/2023\/11\/image-1-300x229.png 300w, https:\/\/www.fokusantiatom.ch\/wp-content\/uploads\/2023\/11\/image-1-768x586.png 768w\" sizes=\"auto, (max-width: 993px) 100vw, 993px\" \/><\/a><\/figure>\n","protected":false},"excerpt":{"rendered":"<p>WHERE THE WIND BLEW erz\u00e4hlt die Geschichte, wie die Superm\u00e4chte<\/p>\n","protected":false},"author":1,"featured_media":1796,"parent":0,"menu_order":0,"comment_status":"closed","ping_status":"closed","template":"","meta":{"footnotes":""},"class_list":["post-1795","page","type-page","status-publish","has-post-thumbnail","hentry"],"_links":{"self":[{"href":"https:\/\/www.fokusantiatom.ch\/index.php?rest_route=\/wp\/v2\/pages\/1795","targetHints":{"allow":["GET"]}}],"collection":[{"href":"https:\/\/www.fokusantiatom.ch\/index.php?rest_route=\/wp\/v2\/pages"}],"about":[{"href":"https:\/\/www.fokusantiatom.ch\/index.php?rest_route=\/wp\/v2\/types\/page"}],"author":[{"embeddable":true,"href":"https:\/\/www.fokusantiatom.ch\/index.php?rest_route=\/wp\/v2\/users\/1"}],"replies":[{"embeddable":true,"href":"https:\/\/www.fokusantiatom.ch\/index.php?rest_route=%2Fwp%2Fv2%2Fcomments&post=1795"}],"version-history":[{"count":11,"href":"https:\/\/www.fokusantiatom.ch\/index.php?rest_route=\/wp\/v2\/pages\/1795\/revisions"}],"predecessor-version":[{"id":2203,"href":"https:\/\/www.fokusantiatom.ch\/index.php?rest_route=\/wp\/v2\/pages\/1795\/revisions\/2203"}],"wp:featuredmedia":[{"embeddable":true,"href":"https:\/\/www.fokusantiatom.ch\/index.php?rest_route=\/wp\/v2\/media\/1796"}],"wp:attachment":[{"href":"https:\/\/www.fokusantiatom.ch\/index.php?rest_route=%2Fwp%2Fv2%2Fmedia&parent=1795"}],"curies":[{"name":"wp","href":"https:\/\/api.w.org\/{rel}","templated":true}]}}