{"id":1816,"date":"2021-07-24T18:17:20","date_gmt":"2021-07-24T16:17:20","guid":{"rendered":"https:\/\/www.fokusantiatom.ch\/?page_id=1816"},"modified":"2021-07-24T18:24:20","modified_gmt":"2021-07-24T16:24:20","slug":"aktion-muehleberg-stilllegen","status":"publish","type":"page","link":"https:\/\/www.fokusantiatom.ch\/?page_id=1816","title":{"rendered":"Aktion M\u00fchleberg stilllegen AMueS"},"content":{"rendered":"\n<p>Fokus Anti-Atom ist die Nachfolgeorganisation der 1986 gegr\u00fcndeten und 2003 aufgel\u00f6sten &#8222;Aktion M\u00fchleberg stilllegen&#8220;.<\/p>\n","protected":false},"excerpt":{"rendered":"<p>Fokus Anti-Atom ist die Nachfolgeorganisation der 1986 gegr\u00fcndeten und 2003<\/p>\n","protected":false},"author":1,"featured_media":0,"parent":0,"menu_order":0,"comment_status":"closed","ping_status":"closed","template":"","meta":{"footnotes":""},"class_list":["post-1816","page","type-page","status-publish","hentry"],"_links":{"self":[{"href":"https:\/\/www.fokusantiatom.ch\/index.php?rest_route=\/wp\/v2\/pages\/1816","targetHints":{"allow":["GET"]}}],"collection":[{"href":"https:\/\/www.fokusantiatom.ch\/index.php?rest_route=\/wp\/v2\/pages"}],"about":[{"href":"https:\/\/www.fokusantiatom.ch\/index.php?rest_route=\/wp\/v2\/types\/page"}],"author":[{"embeddable":true,"href":"https:\/\/www.fokusantiatom.ch\/index.php?rest_route=\/wp\/v2\/users\/1"}],"replies":[{"embeddable":true,"href":"https:\/\/www.fokusantiatom.ch\/index.php?rest_route=%2Fwp%2Fv2%2Fcomments&post=1816"}],"version-history":[{"count":2,"href":"https:\/\/www.fokusantiatom.ch\/index.php?rest_route=\/wp\/v2\/pages\/1816\/revisions"}],"predecessor-version":[{"id":1822,"href":"https:\/\/www.fokusantiatom.ch\/index.php?rest_route=\/wp\/v2\/pages\/1816\/revisions\/1822"}],"wp:attachment":[{"href":"https:\/\/www.fokusantiatom.ch\/index.php?rest_route=%2Fwp%2Fv2%2Fmedia&parent=1816"}],"curies":[{"name":"wp","href":"https:\/\/api.w.org\/{rel}","templated":true}]}}