{"id":372,"date":"2015-11-01T23:56:12","date_gmt":"2015-11-01T22:56:12","guid":{"rendered":"http:\/\/www.fokusantiatom.ch\/?page_id=372"},"modified":"2019-01-12T21:25:03","modified_gmt":"2019-01-12T20:25:03","slug":"fessenheim-f","status":"publish","type":"page","link":"https:\/\/www.fokusantiatom.ch\/?page_id=372","title":{"rendered":"Fessenheim (F)"},"content":{"rendered":"\n<div class=\"wp-block-image\"><figure class=\"alignleft\"><a href=\"http:\/\/www.fokusantiatom.ch\/wp-content\/uploads\/2015\/11\/Fessenheim.jpg\"><img loading=\"lazy\" decoding=\"async\" width=\"300\" height=\"198\" src=\"http:\/\/www.fokusantiatom.ch\/wp-content\/uploads\/2015\/11\/Fessenheim-300x198.jpg\" alt=\"Fessenheim\" class=\"wp-image-373\" srcset=\"https:\/\/www.fokusantiatom.ch\/wp-content\/uploads\/2015\/11\/Fessenheim-300x198.jpg 300w, https:\/\/www.fokusantiatom.ch\/wp-content\/uploads\/2015\/11\/Fessenheim.jpg 400w\" sizes=\"auto, (max-width: 300px) 100vw, 300px\" \/><\/a><\/figure><\/div>\n\n\n\n<p>Im Kernkraftwerk Fessenheim befinden sich zwei Druckwasserreaktoren mit je 880 Megawatt; sie wurden 1978 in Betrieb genommen. Damit ist es das zweit\u00e4lteste noch in Betrieb befindliche Kernkraftwerk Frankreichs. Es hat seit Anfang 1977 \u00fcber 310 Milliarden kWh Strom erzeugt (Stand 2007). Fessenheim gilt wegen seines Alters, immer wieder auftretender St\u00f6rf\u00e4lle und seiner Lage erdbebengef\u00e4hrdeten Rheingraben als eines der unsichersten Kernkraftwerke Frankreichs und Westeuropas.<\/p>\n\n\n\n<table class=\"wp-block-table\"><tbody><tr><td>Reaktoren<\/td><td>2<\/td><\/tr><tr><td>Typ<\/td><td><a class=\"WKastenDescription\" href=\"http:\/\/de.wikipedia.org\/wiki\/Druckwasserreaktor\" target=\"top\">Druckwasserreaktoren<\/a><\/td><\/tr><tr><td>Leistung Netto<\/td><td>2 x 800MWel<\/td><\/tr><tr><td>Leistung Brutto<\/td><td>2x920MWel<\/td><\/tr><\/tbody><\/table>\n\n\n\n<hr class=\"wp-block-separator\"\/>\n\n\n\n<h2 class=\"wp-block-heading\">Links zu Fessenheim<\/h2>\n\n\n\n<table><tr><td><a href=\"http:\/\/www.asn.fr\/index.php\/Haut-de-page\/Presse\/Actualites-ASN\">http:\/\/www.asn.fr<\/a><\/td><td>Medienmitteilungen<\/td><td>ASN<\/td><\/tr><tr><td><a href=\"http:\/\/www.asn.fr\/index.php\/L-ASN-en-region\/Division-de-Strasbourg\/Centrales-nucleaires\/Centrale-nucleaire-de-Fessenheim\">http:\/\/www.asn.fr<\/a><\/td><td>Fessenheim<\/td><td>ASN<\/td><\/tr><tr><td><a href=\"http:\/\/medias.edf.com\/medias-21.html\">http:\/\/medias.edf.com\/medias-21.html<\/a><\/td><td>Medienmitteilungen<\/td><td>EdF<\/td><\/tr><tr><td><a href=\"http:\/\/energie.edf.com\/nucleaire\/carte-des-centrales-nucleaires\/centrale-nucleaire-de-fessenheim\/publications-45897.html\">http:\/\/energie.edf.com<\/a><\/td><td>Fessenheim<\/td><td>EdF<\/td><\/tr><tr><td><a href=\"http:\/\/energie.edf.com\/nucleaire\/carte-des-centrales-nucleaires\/centrale-nucleaire-de-fessenheim\/publications-45897.html\">http:\/\/energie.edf.com<\/a><\/td><td>Vorlkommnissse<\/td><td>EdF<\/td><\/tr><tr><td><a href=\"http:\/\/energie.edf.com\/en-direct-de-nos-centrales-45641.html\">http:\/\/energie.edf.com<\/a><\/td><td>Alle Medienmitteilungen<\/td><td>EdF<\/td><\/tr><tr><td><a href=\"http:\/\/www.atomschutzverband.ch\/gegen-atom-links.html\">http:\/\/www.atomschutzverband.ch<\/a><\/td><td>Links<\/td><td>TRAS<\/td><\/tr><tr><td><a href=\"http:\/\/www.fessenheim.de\/\">http:\/\/www.fessenheim.de\/<\/a><\/td><td>Fessenheim<\/td><td>BUND<\/td><\/tr><tr><td><a href=\"http:\/\/www.fessenheim.org\/\">http:\/\/www.fessenheim.org\/<\/a><\/td><td>Fessenheim<\/td><td>.org<\/td><\/tr><tr><td><a href=\"http:\/\/www.sortirdunucleaire.org\/index.php?menu=actualites&amp;sousmenu=communiques&amp;page=index\">http:\/\/www.sortirdunucleaire.org<\/a><\/td><td>Sortir du Nucleaire<\/td><td>.org<\/td><\/tr><tr><td><a href=\"http:\/\/www.fermons-fessenheim.org\/\">http:\/\/www.fermons-fessenheim.org\/<\/a><\/td><td>Fermons Fessenheim<\/td><td>.org<\/td><\/tr><tr><td><a href=\"http:\/\/www.stop-fessenheim.org\/\">http:\/\/www.stop-fessenheim.org\/<\/a><\/td><td>stop-fessenheim<\/td><td>.org<\/td><\/tr><tr><td><a href=\"http:\/\/vorort.bund.net\/suedlicher-oberrhein\/fessenheim-ausstellung.html\">http:\/\/vorort.bund.net<\/a><\/td><td>Fessenheim<\/td><td>BUND<\/td><\/tr><tr><td><a href=\"http:\/\/www.irsn.fr\/FR\/Actualites_presse\/Actualites\/Pages\/actualite.aspx?nv=t\">http:\/\/www.irsn.fr<\/a><\/td><td>Medienmitteilungen<\/td><td>IRSN<\/td><\/tr><tr><td><a href=\"http:\/\/www.iaea.org\/NewsCenter\/PressReleases\/2010\/prn201013.html\">http:\/\/www.iaea.org<\/a><\/td><td>Newscenter<\/td><td>IAEA<\/td><\/tr><\/table>\n\n\n\n<hr class=\"wp-block-separator\"\/>\n\n\n\n<h2 class=\"wp-block-heading\">Bilder &#8211; Videos &#8211; Multimedia<\/h2>\n\n\n\n<table class=\"wp-block-table\"><tbody><tr><td><a href=\"http:\/\/www.youtube.com\/watch?v=SComPdDd9Ss&amp;hl=de\">AKW: Fessenheim Erdbebengef\u00e4hrdet<\/a><\/td><\/tr><tr><td><a href=\"https:\/\/www.fokusantiatom.ch\/Dokumente\/2013_12_05_bz_Fessenheim.pdf\">Man kann Fessnheim nicht ewig betreiben<\/a><\/td><\/tr><tr><td><a href=\"http:\/\/energies.edf.com\/fessenheim-de\/\">EdF: Fessenheimseite<\/a><\/td><\/tr><tr><td><a href=\"http:\/\/www.asn.fr\/search\/node\/type%3Asignificant_incident%20inst%3A37\">asn: Events im AKW Fessenheim<\/a><\/td><\/tr><tr><td><a href=\"http:\/\/www.atomschutzverband.ch\/incidents-centrale-nucleaire-fessenheim-2009.html\">TRAS: Events im AKW Fessenheim<\/a><\/td><\/tr><tr><td><a href=\"http:\/\/www.asn.fr\/actualites\/avis-dincident?q=taxonomy\/term\/247\">asn: Abfrage zu allen Vorommnissen in F AKW<\/a><\/td><\/tr><tr><td><a href=\"http:\/\/fermons-fessenheim.org\/\">Fermons Fessenheim<\/a><\/td><\/tr><tr><td><a href=\"http:\/\/de.wikipedia.org\/wiki\/Kernkraftwerk_Fessenheim\">Fessenheim in Wikipedia<\/a><\/td><\/tr><tr><td><a href=\"http:\/\/www.badische-zeitung.de\/elsass-x2x\/akw-fessenheim-radioaktives-gas-trat-aus--36055313.html\">2010.09.29_Radioaktives Gas trat aus<\/a><\/td><\/tr><\/tbody><\/table>\n","protected":false},"excerpt":{"rendered":"<p>Im Kernkraftwerk Fessenheim befinden sich zwei Druckwasserreaktoren mit je 880<\/p>\n","protected":false},"author":1,"featured_media":0,"parent":350,"menu_order":0,"comment_status":"closed","ping_status":"closed","template":"","meta":{"footnotes":""},"class_list":["post-372","page","type-page","status-publish","hentry"],"_links":{"self":[{"href":"https:\/\/www.fokusantiatom.ch\/index.php?rest_route=\/wp\/v2\/pages\/372","targetHints":{"allow":["GET"]}}],"collection":[{"href":"https:\/\/www.fokusantiatom.ch\/index.php?rest_route=\/wp\/v2\/pages"}],"about":[{"href":"https:\/\/www.fokusantiatom.ch\/index.php?rest_route=\/wp\/v2\/types\/page"}],"author":[{"embeddable":true,"href":"https:\/\/www.fokusantiatom.ch\/index.php?rest_route=\/wp\/v2\/users\/1"}],"replies":[{"embeddable":true,"href":"https:\/\/www.fokusantiatom.ch\/index.php?rest_route=%2Fwp%2Fv2%2Fcomments&post=372"}],"version-history":[{"count":4,"href":"https:\/\/www.fokusantiatom.ch\/index.php?rest_route=\/wp\/v2\/pages\/372\/revisions"}],"predecessor-version":[{"id":1350,"href":"https:\/\/www.fokusantiatom.ch\/index.php?rest_route=\/wp\/v2\/pages\/372\/revisions\/1350"}],"up":[{"embeddable":true,"href":"https:\/\/www.fokusantiatom.ch\/index.php?rest_route=\/wp\/v2\/pages\/350"}],"wp:attachment":[{"href":"https:\/\/www.fokusantiatom.ch\/index.php?rest_route=%2Fwp%2Fv2%2Fmedia&parent=372"}],"curies":[{"name":"wp","href":"https:\/\/api.w.org\/{rel}","templated":true}]}}