{"id":389,"date":"2015-11-02T00:27:06","date_gmt":"2015-11-01T23:27:06","guid":{"rendered":"http:\/\/www.fokusantiatom.ch\/?page_id=389"},"modified":"2024-09-28T16:59:14","modified_gmt":"2024-09-28T14:59:14","slug":"atomanlagen-der-ch","status":"publish","type":"page","link":"https:\/\/www.fokusantiatom.ch\/?page_id=389","title":{"rendered":"Atomanlagen der CH"},"content":{"rendered":"\n<p><a href=\"http:\/\/www.ensi.ch\/de\/topic\/vorkommnisse\/\" target=\"_blank\" rel=\"noreferrer noopener\">Vorkommnisse in Schweizer AKW (ENSI)<\/a><\/p>\n\n\n\n<div class=\"wp-block-file\"><a id=\"wp-block-file--media-c439a005-4ac4-4d3a-9bad-dd47f23c1732\" href=\"https:\/\/www.fokusantiatom.ch\/wp-content\/uploads\/2024\/09\/2024_06_11_CH_AKW_Sicherheitsueberpruefungen.xlsx\">2024_06_11_CH_AKW_Sicherheits\u00fcberpr\u00fcfungen<\/a><a href=\"https:\/\/www.fokusantiatom.ch\/wp-content\/uploads\/2024\/09\/2024_06_11_CH_AKW_Sicherheitsueberpruefungen.xlsx\" class=\"wp-block-file__button wp-element-button\" download aria-describedby=\"wp-block-file--media-c439a005-4ac4-4d3a-9bad-dd47f23c1732\">Herunterladen<\/a><\/div>\n\n\n\n<hr class=\"wp-block-separator has-alpha-channel-opacity\"\/>\n\n\n\n<h2 class=\"wp-block-heading\">AKW in der Schweiz (4 in Betrieb, 2 Stillgelegt)<\/h2>\n\n\n\n<figure class=\"wp-block-table\"><table class=\"has-fixed-layout\"><tbody><tr><td><a href=\"https:\/\/de.wikipedia.org\/wiki\/Kernkraftwerk_M%C3%BChleberg\" target=\"_blank\" rel=\"noreferrer noopener\">M\u00fchleberg\u00a0KKM\u00a0<\/a><\/td><td>Inbetriebnahme: 1971.07.01<br>Siedewasserreaktor<br>Nettoleistung je 373 MWel<br>Eigent\u00fcmer: BKW-FMB (100%)<br>Das AKW wurde am 20.12.2019 abgeschaltet und befindet sich im R\u00fcckbau<\/td><\/tr><tr><td><a href=\"http:\/\/www.axpo.ch\/axpo\/de\/kernenergie\/wissen\/kernkraftwerk_beznau.html\">Beznau&nbsp;KKB 1 und 2<\/a><\/td><td>Inbetriebnahme: 1969.07.17 \/ 1971.10.23<br>Druckwasserreaktoren<br>Nettoleistung je 365 MWel<br>Eigent\u00fcmer: BKW-FMB (100%)<br>Geh\u00f6ren zu 100 Prozent der&nbsp;Axpo Holding&nbsp;(bis zur Umbenennung 2009&nbsp;Nordostschweizerische Kraftwerke NOK)<\/td><\/tr><tr><td><a href=\"http:\/\/kkg.ch\/\">G\u00f6sgen&nbsp;KKG<\/a><\/td><td>Inbetriebnahme: 1979.02.02<br>Nettoleistung 1010 MWel<br>Druckwasserreaktor<br>Beteiligungen am AKW G\u00f6sgen (09.2024):<br>ALPIQ AG 40%<br>Axpo Power AG (25%)<br>Stadt Z\u00fcrich (15%)<br>Centralschweizerischen Kraftwerke AG (CKW, 12,5%)<br>Energie Wasser Bern (ewb, 7,5%)<\/td><\/tr><tr><td><a href=\"http:\/\/www.kkl.ch\/\">Leibstadt&nbsp;KKL<\/a><\/td><td>Inbetriebnahme: 1984.05.24<br>Siedewasserreaktor<br>Nettoleistung 1233 MWel<br>Beteiligungen am AKW Leibstadt (09.2024):<br><a href=\"http:\/\/www.aew.ch\/\">AEW Energie AG, 5,4 %&nbsp;www.aew.ch<\/a><br><a href=\"http:\/\/www.alpiq.com\/\">Alpiq AG,&nbsp;27,4 %&nbsp;www.alpiq.ch<\/a><br><a href=\"http:\/\/www.axpo.com\/\">Axpo Power AG, 22,8 %&nbsp;www.axpo.com<\/a><br><a href=\"http:\/\/www.axpo.com\/\">Axpo&nbsp;Solutions AG, 16,3 %&nbsp;www.axpo.com<\/a><br><a href=\"http:\/\/www.bkw.ch\/\">BKW Energie AG,&nbsp;14,5 %&nbsp;www.bkw.ch<\/a><br><a href=\"https:\/\/www.ckw.ch\/\" target=\"_blank\" rel=\"noreferrer noopener\">CKW AG, 13,6 %&nbsp;www.ckw.ch<\/a><\/td><\/tr><tr><td><a href=\"https:\/\/de.wikipedia.org\/wiki\/Reaktor_Lucens\" data-type=\"link\" data-id=\"https:\/\/de.wikipedia.org\/wiki\/Reaktor_Lucens\" target=\"_blank\" rel=\"noreferrer noopener\">Lucens<\/a><\/td><td>Inbetriebnahme: 1968.01.29<br>Schwerwasser Gasgek\u00fchlter Reaktor<br>Nettoleistung: 6MWel, 30 MWt; <br>Eigent\u00fcmer und Betreiber: Energie Ouest Suisse (EOS);<\/td><\/tr><tr><td>Beteiligungen<br><\/td><td>Schweizer EW sind am Betrieb des AKW Cattenom (F) beteiligt. &nbsp; <a href=\"https:\/\/de.wikipedia.org\/wiki\/Kernkraftwerk_Cattenom\" target=\"_blank\" rel=\"noreferrer noopener\">Cattenom (F)<\/a><\/td><\/tr><\/tbody><\/table><figcaption class=\"wp-element-caption\">Reaktoren in der Schweiz<\/figcaption><\/figure>\n\n\n\n<hr class=\"wp-block-separator has-alpha-channel-opacity\"\/>\n\n\n\n<h2 class=\"wp-block-heading\">Forschungsreaktoren<\/h2>\n\n\n\n<figure class=\"wp-block-table\"><table class=\"has-fixed-layout\"><tbody><tr><td><strong>Name der Anlage<\/strong><\/td><td><strong>Art der Anlage<\/strong><\/td><td><strong>Bemerkungen<\/strong><\/td><td><strong>Baubeginn<br>Inbetriebnahme<br>Abschaltung<\/strong><\/td><td><strong>Bemerkungen<\/strong><\/td><\/tr><tr><td><a href=\"https:\/\/de.wikipedia.org\/wiki\/Forschungsreaktor_Proteus\">PROTEUS<\/a><\/td><td><a href=\"https:\/\/de.wikipedia.org\/wiki\/Kritische_Anordnung\">kritische Anordnung<\/a><\/td><td>Stillgelegt<\/td><td>01.06.1965<br>01.01.1968<br>19.04.2011<\/td><td>1 kWt; Eigent\u00fcmer und Betreiber: Paul Scherrer Institut (PSI); Forschungsreaktor<\/td><\/tr><tr><td>AGN 201 P<\/td><td>HOMOG (S)<\/td><td>Stillgelegt<\/td><td>01.05.1958<br>01.06.1958<br>01.01.1987<\/td><td><a href=\"https:\/\/de.wikipedia.org\/wiki\/Universit%C3%A4t_Genf\">Eigent\u00fcmer und Betreiber:&nbsp;Universit\u00e4t Genf; Ausbildungsreaktor<\/a><\/td><\/tr><tr><td><a href=\"https:\/\/de.wikipedia.org\/wiki\/AGN-211-P\">AGN 211 P<\/a><\/td><td>HOMOG (S)<\/td><td>Stillgelegt<\/td><td>30.04.1959<br>01.08.1959<br>12.2015<\/td><td><a href=\"https:\/\/de.wikipedia.org\/wiki\/Universit%C3%A4t_Basel\">2 kWt; Eigent\u00fcmer:&nbsp;Universit\u00e4t Basel; Betreiber: Institut f\u00fcr Physik; Ausbildungsreaktor<\/a><\/td><\/tr><tr><td><a href=\"https:\/\/de.wikipedia.org\/wiki\/Forschungsreaktor_Diorit\">DIORIT<\/a><\/td><td><a href=\"https:\/\/de.wikipedia.org\/wiki\/Schweres_Wasser\">Schwerwasserreaktor<\/a><\/td><td>PSI fr\u00fcher (Eidgen\u00f6ssischen Instituts f\u00fcr Reaktorforschung (EIR)) in W\u00fcrenlingen CH.&nbsp; Stillgelegt und r\u00fcckgebaut, mit Ausnahme Reaktorgeb\u00e4ude<\/td><td>01.01.1957<br>10.10.1960<br>07.07.1977<\/td><td><a href=\"https:\/\/de.wikipedia.org\/wiki\/Paul_Scherrer_Institut\">30.000 kWt; Eigent\u00fcmer und Betreiber:&nbsp;Paul Scherrer Institut&nbsp;(PSI); Forschungsreaktor<\/a><\/td><\/tr><tr><td><a href=\"https:\/\/de.wikipedia.org\/wiki\/CROCUS_(Reaktor)\">CROCUS<\/a><\/td><td><a href=\"https:\/\/de.wikipedia.org\/wiki\/Kritische_Anordnung\">kritische Anordnung<\/a><br>Die Kernanlagen der Eidgen\u00f6ssischen Technischen Hochschule LausanneEPFL umfassen den Forschungsreaktor CROCUS, das Neutronenexperiment CARROUSEL, die Neutronenquelle LOTUS und die angegliederten Labors.<\/td><td>In Betrieb<\/td><td>01.01.1979<br>13.07.1983<\/td><td>0,10 kWt; Eigent\u00fcmer: Labor f\u00fcr&nbsp;Reaktorphysik; Betreiber:&nbsp;\u00c9cole polytechnique f\u00e9d\u00e9rale de Lausanne; Ausbildungsreaktor<\/td><\/tr><tr><td><a href=\"https:\/\/de.wikipedia.org\/wiki\/Reaktor_Lucens\" target=\"_blank\" rel=\"noreferrer noopener\">Lucens (VAKL)<\/a><\/td><td><a href=\"https:\/\/de.wikipedia.org\/wiki\/Schweres_Wasser\">Schwerwasserreaktor, unterirdisch<\/a><\/td><td>Nach Unfall r\u00fcckgebaut<\/td><td>01.07.1962<br>10.05.1968<br>21.01.1969&nbsp;<\/td><td><a href=\"https:\/\/de.wikipedia.org\/wiki\/Energie_Ouest_Suisse\">30 MWt; Eigent\u00fcmer und Betreiber:&nbsp;Energie Ouest Suisse&nbsp;(EOS); Versuchsatomkraftwerk<\/a><\/td><\/tr><tr><td><\/td><td><\/td><td><\/td><td><\/td><td><\/td><\/tr><tr><td><a href=\"https:\/\/de.wikipedia.org\/wiki\/Saphir_(Kernreaktor)\">Saphir<\/a><\/td><td>Schwimmbadreaktor&nbsp;(Leichtwasser)<\/td><td>Stillgelegt und r\u00fcckgebaut, mit Ausnahme Reaktorgeb\u00e4ude<\/td><td>01.05.1956<br>30.04.1957<br>13.05.1994<\/td><td>10.000 kWt; Eigent\u00fcmer: Paul Scherrer Institut (PSI); Betreiber: Saphir Division, Paul Scherrer Institut; Forschungsreaktor<\/td><\/tr><\/tbody><\/table><figcaption class=\"wp-element-caption\">Forschungsreaktoren<\/figcaption><\/figure>\n\n\n\n<hr class=\"wp-block-separator has-alpha-channel-opacity\"\/>\n\n\n\n<h2 class=\"wp-block-heading\">Reaktorkatastrophe<\/h2>\n\n\n\n<figure class=\"wp-block-table\"><table class=\"has-fixed-layout\"><tbody><tr><td><a href=\"https:\/\/www.research-collection.ethz.ch\/bitstream\/handle\/20.500.11850\/88080\/eth-30387-01.pdf\" target=\"_blank\" rel=\"noreferrer noopener\">VAKL Lucens<\/a><br>Versuchs-Atom-Kraftwerk Lucens<\/td><td>1968 wurde&nbsp;<a href=\"http:\/\/de.wikipedia.org\/wiki\/Reaktor_Lucens\">Lucens<\/a>&nbsp;dem Betrieb \u00fcbergeben. Als der Reaktor am 21. Januar 1969 hochgefahren wurde, kam es zum Kontrollverlust: Im K\u00fchlkreislauf hatten sich Korrosionsspuren gebildet, die einen Teil der Brennelemente \u00fcberhitzen und schmelzen liessen. Der Moderatortank barst explosionsartig und schweres Wasser wurde zusammen mit radioaktivem Material durch die Reaktorkaverne geschleudert. Die Havarie des Lucens\u2013Reaktors z\u00e4hlte auch weltweit zu den nennenswerten Reaktorunf\u00e4llen.<\/td><\/tr><\/tbody><\/table><figcaption class=\"wp-element-caption\">Reaktorkatastrophe<\/figcaption><\/figure>\n\n\n\n<hr class=\"wp-block-separator has-alpha-channel-opacity\"\/>\n\n\n\n<h2 class=\"wp-block-heading\"><strong>Atom M\u00fcll Anlagen<\/strong><\/h2>\n\n\n\n<figure class=\"wp-block-table\"><table class=\"has-fixed-layout\"><tbody><tr><td><a href=\"http:\/\/www.zwilag.ch\/\">ZWILAG<\/a><\/td><td>ZWILAG Zwischenlager W\u00fcrenlingen AG, &#8222;Zwischenlager&#8220; f\u00fcr Radioaktive Abf\u00e4lle<\/td><\/tr><tr><td><a href=\"https:\/\/www.ensi.ch\/de\/aufsicht\/entsorgung\/entsorgungsanlagen\/\" target=\"_blank\" rel=\"noreferrer noopener\">ZWIBEZ<\/a> Bundeswischenlager im PSI<\/td><td>ZWIBEZ Bundeswischenlager im PSI<\/td><\/tr><\/tbody><\/table><figcaption class=\"wp-element-caption\">Atomm\u00fcllanlagen der Schweiz<\/figcaption><\/figure>\n\n\n\n<hr class=\"wp-block-separator has-alpha-channel-opacity\"\/>\n\n\n\n<h2 class=\"wp-block-heading\">Atomenergie Schweiz<\/h2>\n\n\n\n<figure class=\"wp-block-table\"><table class=\"has-fixed-layout\"><tbody><tr><td><a href=\"https:\/\/www.research-collection.ethz.ch\/handle\/20.500.11850\/149147\" target=\"_blank\" rel=\"noreferrer noopener\">https:\/\/www.research-collection.ethz.ch\/handle\/20.500.11850\/149147<\/a><\/td><td>Archiv zur Geschichte der Atomergie in der Schweiz<\/td><\/tr><\/tbody><\/table><figcaption class=\"wp-element-caption\">Atomenergie Schwiez<\/figcaption><\/figure>\n\n\n\n<hr class=\"wp-block-separator has-alpha-channel-opacity\"\/>\n\n\n\n<h2 class=\"wp-block-heading\"><strong>Die AKW-Betreiberfirmen<\/strong><\/h2>\n\n\n\n<figure class=\"wp-block-table\"><table class=\"has-fixed-layout\"><tbody><tr><td><strong><a href=\"http:\/\/www.axpo.ch\/\" target=\"_blank\" rel=\"noreferrer noopener\">Axpo<\/a><\/strong><\/td><td>Die&nbsp;<a href=\"http:\/\/de.wikipedia.org\/wiki\/Axpo_Holding\">Axpo&nbsp;<\/a>ist die Holding der Nordostschweizerischen Kraftwerke (NOK), der Centralschweizerischen Kraftwerke (CKW) und der Elektrizit\u00e4ts-Gesellschaft Laufenburg (EGL). DieAxpo betreibt die beiden AKW Beznau 1 und 2 und ist an den AKW G\u00f6sgen und Leibstadt beteiligt. Die Aktien der Axpo Holding befinden sich zu 100 % in der Hand der nordostschweizerischen Kantone bzw. Kantonswerke.<\/td><\/tr><tr><td><strong><a href=\"http:\/\/www.bkw.ch\/\" target=\"_blank\" rel=\"noreferrer noopener\">BKW FMB Energie AG<\/a><\/strong><\/td><td><a href=\"http:\/\/de.wikipedia.org\/wiki\/BKW_FMB_Energie\">Bernische Kraftwerke<\/a>, Force Motorique Bernoise mit Sitz in Bern ist eine halbstaatliche (Kt. Bern) Aktiengesellschaft. Die BKW hat das inzwischen abgeschaltete AKW M\u00fchleberg betrieben.<\/td><\/tr><tr><td><a href=\"http:\/\/www.alpiq.ch\/\" target=\"_blank\" rel=\"noreferrer noopener\">www.alpiq.ch<\/a><\/td><td>Die&nbsp;<strong><a href=\"http:\/\/de.wikipedia.org\/wiki\/Alpiq\">Alpiq Holding AG<\/a><\/strong>&nbsp;ist ein international t\u00e4tiger&nbsp;<a href=\"http:\/\/de.wikipedia.org\/wiki\/Schweiz\">Schweizer<\/a>&nbsp;<a href=\"http:\/\/de.wikipedia.org\/wiki\/Energie\">Energiekonzern<\/a>. Das Unternehmen ging aus dem Zusammenschluss der&nbsp;<a href=\"http:\/\/de.wikipedia.org\/wiki\/Atel_Holding\">Atel Holding<\/a>(vormals&nbsp;<a href=\"http:\/\/de.wikipedia.org\/wiki\/Motor-Columbus\">Motor-Columbus<\/a>) und der&nbsp;<a href=\"http:\/\/de.wikipedia.org\/wiki\/EOS_Holding\">EOS Holding<\/a>&nbsp;hervor. Der neue Energiekonzern mit mehr als 10&#8217;000 Mitarbeitern hat seinen Sitz in&nbsp;<a href=\"http:\/\/de.wikipedia.org\/wiki\/Neuch%C3%A2tel_%28Stadt%29\">Neuch\u00e2tel<\/a>. Alpiq h\u00e4lt eine 40%-Beteiligung am schweizerischen&nbsp;<a href=\"http:\/\/de.wikipedia.org\/wiki\/Kernkraftwerk_G%C3%B6sgen\">Kernkraftwerk G\u00f6sgen<\/a>&nbsp;(Leistung 1020 MW), dessen Gesch\u00e4ftsleitung sie inne hat. Am schweizerischen<a href=\"http:\/\/de.wikipedia.org\/wiki\/Kernkraftwerk_Leibstadt\">Kernkraftwerk Leibstadt<\/a>&nbsp;(Leistung 1165 MW) h\u00e4lt sie 27 Prozent.<\/td><\/tr><\/tbody><\/table><\/figure>\n","protected":false},"excerpt":{"rendered":"<p>Vorkommnisse in Schweizer AKW (ENSI) AKW in der Schweiz (4<\/p>\n","protected":false},"author":1,"featured_media":0,"parent":250,"menu_order":0,"comment_status":"closed","ping_status":"closed","template":"","meta":{"footnotes":""},"class_list":["post-389","page","type-page","status-publish","hentry"],"_links":{"self":[{"href":"https:\/\/www.fokusantiatom.ch\/index.php?rest_route=\/wp\/v2\/pages\/389","targetHints":{"allow":["GET"]}}],"collection":[{"href":"https:\/\/www.fokusantiatom.ch\/index.php?rest_route=\/wp\/v2\/pages"}],"about":[{"href":"https:\/\/www.fokusantiatom.ch\/index.php?rest_route=\/wp\/v2\/types\/page"}],"author":[{"embeddable":true,"href":"https:\/\/www.fokusantiatom.ch\/index.php?rest_route=\/wp\/v2\/users\/1"}],"replies":[{"embeddable":true,"href":"https:\/\/www.fokusantiatom.ch\/index.php?rest_route=%2Fwp%2Fv2%2Fcomments&post=389"}],"version-history":[{"count":16,"href":"https:\/\/www.fokusantiatom.ch\/index.php?rest_route=\/wp\/v2\/pages\/389\/revisions"}],"predecessor-version":[{"id":2438,"href":"https:\/\/www.fokusantiatom.ch\/index.php?rest_route=\/wp\/v2\/pages\/389\/revisions\/2438"}],"up":[{"embeddable":true,"href":"https:\/\/www.fokusantiatom.ch\/index.php?rest_route=\/wp\/v2\/pages\/250"}],"wp:attachment":[{"href":"https:\/\/www.fokusantiatom.ch\/index.php?rest_route=%2Fwp%2Fv2%2Fmedia&parent=389"}],"curies":[{"name":"wp","href":"https:\/\/api.w.org\/{rel}","templated":true}]}}