{"id":410,"date":"2015-11-02T23:44:30","date_gmt":"2015-11-02T22:44:30","guid":{"rendered":"http:\/\/www.fokusantiatom.ch\/?page_id=410"},"modified":"2015-11-02T23:44:40","modified_gmt":"2015-11-02T22:44:40","slug":"killerkriterien","status":"publish","type":"page","link":"https:\/\/www.fokusantiatom.ch\/?page_id=410","title":{"rendered":"Killerkriterien"},"content":{"rendered":"<p><strong>Seit Jahren k\u00e4mpft Fokus Anti-Atom um verbindliche Stilllegungskriterien. Obwohl wir an den Vernehmlassungen zu neuen Richtlinien teilnahmen gibt es noch immer keine verbindlichen Stillegungskriterien (<em>Killerkriterien<\/em><\/strong><strong>)!<\/strong><\/p>\n<table border=\"1\">\n<tbody>\n<tr>\n<td class=\"WLink\"><a href=\"http:\/\/www.ensi.ch\/de\/category\/dokumente\/richlinien-in-anhoerung\/\" target=\"top\">Richtlinien der ENSI in Anh\u00f6rung<\/a><\/td>\n<td class=\"WText\"><strong>Entw\u00fcrfe der ENSI f\u00fcr neue Richtlinien<\/strong><\/td>\n<\/tr>\n<tr>\n<td class=\"WLink\"><span class=\"SeitenTitel\"><a href=\"http:\/\/www.ensi.ch\/de\/category\/dokumente\/richtlinien\/\" target=\"top\">Richtlinien der ENSI in Kraft<\/a><\/span><\/td>\n<td class=\"WText\"><strong>Vom ENSI in Kraft gesetzte Richtlinien<\/strong><\/td>\n<\/tr>\n<tr>\n<td class=\"WLink\"><\/td>\n<td class=\"WText\"><\/td>\n<\/tr>\n<tr>\n<td class=\"WLink\" width=\"266\"><a href=\"https:\/\/www.fokusantiatom.ch\/HTMFILES\/Hintergrund\/Killerkriterien.pdf\" target=\"top\"><span style=\"font-family: Arial, Helvetica, sans-serif;\">Medienmitteilung zu Richtlinie R100<\/span><\/a><\/td>\n<td class=\"WText\" width=\"679\"><span style=\"font-family: Arial, Helvetica, sans-serif;\">Medienmitteilung vom Februar 2005. \u00dcberwachungsbeh\u00f6rden definieren bestehende Richtlinie neu. <strong>HSK schraubt die Sicherheits- Anforderungen an alte AKW hinunter!<\/strong><\/span><\/td>\n<\/tr>\n<tr>\n<td class=\"WLink\"><span style=\"font-family: Arial, Helvetica, sans-serif;\"><b>2007 \/ Stellungnahme Fokus-Anit-Atom zu R100 \/ A01 Anpassungen<\/b><\/span><\/p>\n<p><span style=\"font-family: Arial, Helvetica, sans-serif;\"><a href=\"https:\/\/www.fokusantiatom.ch\/Dokumente\/2007_09_21%20FAA%20A01_Stellungnahme.pdf\" target=\"top\">Stellungnahme Fokus Anti-Atom<\/a><\/span><a href=\"https:\/\/www.fokusantiatom.ch\/Dokumente\/2007_09_21_MM_FAA.pdf\" target=\"top\"><span style=\"font-family: Arial, Helvetica, sans-serif;\">Medienmitteilung Fokus Anti-Atom<\/span><\/a><\/td>\n<td class=\"WText\"><span class=\"WText\"><span style=\"font-family: Arial, Helvetica, sans-serif;\"><strong>Atombeh\u00f6rden wollen die Erdbebengefahr unterschlagen<\/strong><\/span><\/span><\/p>\n<p><span class=\"WText\"><span style=\"font-family: Arial, Helvetica, sans-serif;\">In einer neuen Atom-Richtlinie will die Hauptabteilung f\u00fcr die Sicherheit der Kernanlagen HSK, dass von den Kraftwerksbetreibern unter anderem f\u00fcr grosse Erdbeben kein Sicherheitsnachweis mehr erbracht werden muss<\/span><\/span><span style=\"font-family: Arial, Helvetica, sans-serif; font-size: xx-small;\"><span class=\"NormalSchrift\">.<\/span><\/span><\/td>\n<\/tr>\n<tr>\n<td class=\"WLink\"><span style=\"font-family: Arial, Helvetica, sans-serif;\"><b>2007 \/ Vernehmlassung Fokus Anti-Atom zu den<\/b><\/span><span style=\"font-family: Arial, Helvetica, sans-serif;\"><b>Ausserbetriebnahmekriterien<\/b><\/span><\/p>\n<p><a href=\"https:\/\/www.fokusantiatom.ch\/HTMFILES\/Hintergrund\/StellungnahmeFAA.pdf\" target=\"top\"><span style=\"font-family: Arial, Helvetica, sans-serif; font-size: xx-small;\"><span class=\"WLink\">Stellungsnahme Fokus Anti-Atom<\/span><\/span><\/a><\/p>\n<p class=\"WLink\"><a href=\"https:\/\/www.fokusantiatom.ch\/Dokumente\/2007_09_15_MM_FAA.pdf\" target=\"top\"><span style=\"font-family: Arial, Helvetica, sans-serif;\">Medienmitteilung Fokus Anti-Atom<\/span><\/a><\/p>\n<\/td>\n<td class=\"WText\"><span style=\"font-family: Arial, Helvetica, sans-serif;\"><strong>Fokus Anti-Atom beantragte im September 2007 eine vollst\u00e4ndige \u00dcberarbeitung des Entwurfs<\/strong> zur\u00a0<span class=\"NormalSchrift\">\u201eVerordnung des UVEK \u00fcber die Methodik und die Randbedingungen zur \u00dcberpr\u00fcfung der Kriterien f\u00fcr die vorl\u00e4ufige Ausserbetriebnahme von Kernkraftwerken\u201c.<\/span><\/span><\/p>\n<p class=\"NormalSchrift\"><span style=\"font-family: Arial, Helvetica, sans-serif;\">Die Kriterien, welche in der Verordnung dargestellt werden, gehen an der bisherigen Bewilligungs- und Aufsichtspraxis der Beh\u00f6rden, sowie an der internationalen Erfahrung mit den Problemen alternder AKW vorbei und bringen keinen Mehrwert in der Rechtssicherheit.<\/span><\/p>\n<\/td>\n<\/tr>\n<\/tbody>\n<\/table>\n","protected":false},"excerpt":{"rendered":"<p>Seit Jahren k\u00e4mpft Fokus Anti-Atom um verbindliche Stilllegungskriterien. Obwohl wir<\/p>\n","protected":false},"author":1,"featured_media":0,"parent":250,"menu_order":0,"comment_status":"closed","ping_status":"closed","template":"","meta":{"footnotes":""},"class_list":["post-410","page","type-page","status-publish","hentry"],"_links":{"self":[{"href":"https:\/\/www.fokusantiatom.ch\/index.php?rest_route=\/wp\/v2\/pages\/410","targetHints":{"allow":["GET"]}}],"collection":[{"href":"https:\/\/www.fokusantiatom.ch\/index.php?rest_route=\/wp\/v2\/pages"}],"about":[{"href":"https:\/\/www.fokusantiatom.ch\/index.php?rest_route=\/wp\/v2\/types\/page"}],"author":[{"embeddable":true,"href":"https:\/\/www.fokusantiatom.ch\/index.php?rest_route=\/wp\/v2\/users\/1"}],"replies":[{"embeddable":true,"href":"https:\/\/www.fokusantiatom.ch\/index.php?rest_route=%2Fwp%2Fv2%2Fcomments&post=410"}],"version-history":[{"count":1,"href":"https:\/\/www.fokusantiatom.ch\/index.php?rest_route=\/wp\/v2\/pages\/410\/revisions"}],"predecessor-version":[{"id":412,"href":"https:\/\/www.fokusantiatom.ch\/index.php?rest_route=\/wp\/v2\/pages\/410\/revisions\/412"}],"up":[{"embeddable":true,"href":"https:\/\/www.fokusantiatom.ch\/index.php?rest_route=\/wp\/v2\/pages\/250"}],"wp:attachment":[{"href":"https:\/\/www.fokusantiatom.ch\/index.php?rest_route=%2Fwp%2Fv2%2Fmedia&parent=410"}],"curies":[{"name":"wp","href":"https:\/\/api.w.org\/{rel}","templated":true}]}}