{"id":505,"date":"2015-11-04T01:04:02","date_gmt":"2015-11-04T00:04:02","guid":{"rendered":"http:\/\/www.fokusantiatom.ch\/?page_id=505"},"modified":"2023-11-27T12:09:59","modified_gmt":"2023-11-27T11:09:59","slug":"klimaschaden-atomstrom","status":"publish","type":"page","link":"https:\/\/www.fokusantiatom.ch\/?page_id=505","title":{"rendered":"Klimaschaden Atomstrom"},"content":{"rendered":"<a href=\"https:\/\/www.fokusantiatom.ch\/wp-content\/uploads\/2019\/05\/2019_02_02_KlimaDemoFlyerKorrigiert.pdf\" class=\"pdfemb-viewer\" style=\"\" data-width=\"max\" data-height=\"max\" data-toolbar=\"bottom\" data-toolbar-fixed=\"on\">2019_02_02_KlimaDemoFlyerKorrigiert<\/a>\n<p class=\"wp-block-pdfemb-pdf-embedder-viewer\"><\/p>\n\n\n\n<p>F\u00fcr ein bisschen Uran baut man viel Uranerz Gestein ab, hier liegt das Problem.<br>In abbauw\u00fcrdigen Lagerst\u00e4tten variiert der Urangehalt von etwa 0,3 bis zu \u00fcber 150 Kilogramm pro Tonne. Das sind 0,003-15% des abzubauenden Uranerz Gesteins. Das heisst in riesigen Minen werden Riesenmengen von Gestein bewegt, um an das Uran ranzukommen.<\/p>\n\n\n\n<p>Diverse Artikel zum Thema &#8222;Atom als Klimaretter&#8220;<\/p>\n\n\n\n<p><a href=\"https:\/\/www.sueddeutsche.de\/wissen\/atomkraft-klimawandel-erderwaermung-energie-1.4233713\" target=\"_blank\" rel=\"noreferrer noopener\">https:\/\/www.sueddeutsche.de\/wissen\/atomkraft-klimawandel-erderwaermung-energie-1.4233713<\/a><\/p>\n\n\n<div class=\"wp-block-image is-resized\">\n<figure class=\"aligncenter\"><img decoding=\"async\" src=\"http:\/\/fokusantiatom.ch\/Picture\/uranabbau4.jpg\" alt=\"Uranabbau Prozess. Solche Werke werden mit Strom aus Kohle betrieben!\" style=\"width:402px;height:auto\"\/><figcaption class=\"wp-element-caption\"> <br>Uranabbau Prozess: die Werke werden mit  Strom aus Kohle betrieben! <\/figcaption><\/figure>\n<\/div>\n\n<div class=\"wp-block-image is-resized\">\n<figure class=\"aligncenter\"><img decoding=\"async\" src=\"http:\/\/fokusantiatom.ch\/Picture\/uranabbau1.jpg\" alt=\"Uranabbau im Tagbau. Die Bagger werden mit Diesel betrieben. Russpartikelfilter?\" style=\"width:396px;height:auto\"\/><figcaption class=\"wp-element-caption\"> <br>Uranabbau im Tagbau: Die Bagger werden mit  Diesel betrieben. <\/figcaption><\/figure>\n<\/div>\n\n<div class=\"wp-block-image\">\n<figure class=\"aligncenter is-resized\"><a href=\"https:\/\/www.fokusantiatom.ch\/wp-content\/uploads\/2019\/05\/image.png\" rel=\"https:\/\/www.sueddeutsche.de\/wissen\/atomkraft-klimawandel-erderwaermung-energie-1.4233713\"><img loading=\"lazy\" decoding=\"async\" width=\"650\" height=\"680\" src=\"https:\/\/www.fokusantiatom.ch\/wp-content\/uploads\/2019\/05\/image.png\" alt=\"\" class=\"wp-image-1526\" style=\"width:404px;height:auto\" srcset=\"https:\/\/www.fokusantiatom.ch\/wp-content\/uploads\/2019\/05\/image.png 650w, https:\/\/www.fokusantiatom.ch\/wp-content\/uploads\/2019\/05\/image-287x300.png 287w\" sizes=\"auto, (max-width: 650px) 100vw, 650px\" \/><\/a><figcaption class=\"wp-element-caption\">https:\/\/www.sueddeutsche.de\/wissen\/atomkraft-klimawandel-erderwaermung-energie-1.4233713<\/figcaption><\/figure>\n<\/div>\n\n<div class=\"wp-block-image is-resized\">\n<figure class=\"aligncenter\"><img decoding=\"async\" src=\"http:\/\/fokusantiatom.ch\/Picture\/uranabbau3.jpg\" alt=\"Mit dem Diesel-Lastwagen aus der Mine zur Lagerhalde\" style=\"width:426px;height:auto\"\/><figcaption class=\"wp-element-caption\"> <br>Mit dem Diesel-Lastwagen aus der Mine zum Gesteinsbrecher. <\/figcaption><\/figure>\n<\/div>\n\n<div class=\"wp-block-image is-resized\">\n<figure class=\"aligncenter\"><img decoding=\"async\" src=\"http:\/\/fokusantiatom.ch\/Picture\/uranabbau2.jpg\" alt=\"Auf dem mit Kohlestrom betriebenen F\u00f6rderband zum mit Kohlestrom betriebenen Gesteinsbrecher \" style=\"width:424px;height:auto\"\/><figcaption class=\"wp-element-caption\"> <br>Auf dem mit Kohlestrom betriebenen F\u00f6rderband zum mit Kohlestrom betriebenen Gesteinsbrecher <\/figcaption><\/figure>\n<\/div>\n\n<div class=\"wp-block-image is-resized\">\n<figure class=\"aligncenter\"><img decoding=\"async\" src=\"http:\/\/fokusantiatom.ch\/Picture\/uranabbau7.jpg\" alt=\"Riesige Chemieanlagen produzieren riesige Abfallhalden\"\/><figcaption class=\"wp-element-caption\"> <br>Die Weiterverarbeitung! Da der Transport des Uranerzes wegen des hohen Anteils an nutzlosen <br>Ballaststoffen im Allgemeinen unwirtschaftlich ist, wird am Abbauort ein Konzentrat hergestellt. Das gef\u00f6rderte Material wird zerkleinert und gemahlen. Anschliessend wird das Uran mit <br>S\u00e4ure oder Lauge aus dem Erz herausgel\u00f6st. Die L\u00f6sung wird gereinigt, und nach weiterer <br>chemischer Behandlung erh\u00e4lt man als Produkt &#8222;yellow cake&#8220;, ein gelbes Pulver, das in der Regel etwa 70% Uran in Form von U3 O8 enth\u00e4lt. <\/figcaption><\/figure>\n<\/div>\n\n<div class=\"wp-block-image\">\n<figure class=\"aligncenter is-resized\"><img decoding=\"async\" src=\"http:\/\/fokusantiatom.ch\/Picture\/uranabbau5.jpg\" alt=\"Mit dem Flugzeug zur Anreicherung, dann zur Brennstabproduktion, dann in die Schweiz und mit dem Lastwagen ins Schweizer AKW.\" style=\"width:438px;height:auto\"\/><figcaption class=\"wp-element-caption\"> <br>Mit dem aus der Mine gewonnenen Uran lassen sich die \u00fcblichen Leichtwasserreaktoren nicht betreiben. Das nat\u00fcrliche Uran enth\u00e4lt etwa 0,7% Uran-235 und rund 99% Uran-238. Damit eine Kettenreaktion gestartet und aufrechterhalten werden kann, muss der Anteil des Uran-235 k\u00fcnstlich auf etwa 3-5% angereichert werden. Technisch geht das nur, wenn das Uran gasf\u00f6rmig ist. In Konversionsanlagen wird es deshalb vom sogenannten Yellow Cake in Uranhexafluorid (UF6) umgewandelt. <\/figcaption><\/figure>\n<\/div>\n\n<div class=\"wp-block-image is-resized\">\n<figure class=\"aligncenter\"><img decoding=\"async\" src=\"http:\/\/fokusantiatom.ch\/Picture\/uranabbauTransport.jpg\" alt=\"Uran ist ein radioaktives Schwermetall. Die Konzentration in der Erdkruste betr\u00e4gt durchschnittlich 2,7 Gramm pro Tonne, in abbauw\u00fcrdigen Lagerst\u00e4tten variiert sie von etwa 0,3 bis zu \u00fcber 150 Kilogramm pro Tonne.\" style=\"width:444px;height:auto\"\/><figcaption class=\"wp-element-caption\"> <br>Die Schweiz baut kein Uran ab, sie verbrennt es  nur &#8222;CO2 frei&#8220;. Die Herkunft ist Afrika, in Amerika, England oder Frankreich wird es aufbereitet und auf vielen &#8222;CO2 freien&#8220; Transportwegen an die &#8222;CO2 frei&#8220; gebauten AKW der Schweiz geliefert! <\/figcaption><\/figure>\n<\/div>\n\n<div class=\"wp-block-image is-resized\">\n<figure class=\"aligncenter\"><img loading=\"lazy\" decoding=\"async\" width=\"1024\" height=\"768\" src=\"http:\/\/www.fokusantiatom.ch\/wp-content\/uploads\/2017\/09\/DSC00600-1024x768.jpg\" alt=\"\" class=\"wp-image-1013\" style=\"width:454px;height:auto\" srcset=\"https:\/\/www.fokusantiatom.ch\/wp-content\/uploads\/2017\/09\/DSC00600-1024x768.jpg 1024w, https:\/\/www.fokusantiatom.ch\/wp-content\/uploads\/2017\/09\/DSC00600-300x225.jpg 300w, https:\/\/www.fokusantiatom.ch\/wp-content\/uploads\/2017\/09\/DSC00600-768x576.jpg 768w\" sizes=\"auto, (max-width: 1024px) 100vw, 1024px\" \/><figcaption class=\"wp-element-caption\">  Alle AKW geben \u00fcber das Hochkamin radioaktiven Kohlenstoff C14 ab,  welcher sich in organischen Systemen eingebaut. Seine Halbwertszeit 5730 Jahre und reichert sich in der Umgebung der AKW an&#8230;  <\/figcaption><\/figure>\n<\/div>\n\n\n<p class=\"has-text-align-center\"><a rel=\"noreferrer noopener\" href=\"https:\/\/uranium-network.org\/\" target=\"_blank\">Der Uran Verarbeitungsprozess<\/a><\/p>\n\n\n\n<p class=\"has-text-align-center\"><a href=\"https:\/\/www.stormsmith.nl\/Resources\/m35Ecliff%2BCO2trap20191027F.pdf\" data-type=\"link\" data-id=\"https:\/\/www.stormsmith.nl\/Resources\/m35Ecliff%2BCO2trap20191027F.pdf\" target=\"_blank\" rel=\"noreferrer noopener\">CO2 Produktion beim Uranabbau<\/a><\/p>\n\n\n\n<p class=\"has-text-align-center\"><a rel=\"noreferrer noopener\" href=\"https:\/\/www.isa.org.usyd.edu.au\/publications\/documents\/ISA_Nuclear_Report.pdf\" target=\"_blank\">Studie zu CO2 Emissionen beim Uranabbau in Australien<\/a><\/p>\n\n\n\n<p class=\"has-text-align-center\"><a href=\"https:\/\/www.sueddeutsche.de\/wissen\/kernenergie-klimawandel-atomkraft-gates-laufwellenreaktor-1.4312993\">Kernenergie- Klimawandel \/ Atomkraft &#8211; Billgates Laufwellenreaktor<\/a><\/p>\n\n\n\n<p class=\"has-text-align-center\"><a href=\"https:\/\/www.ausgestrahlt.de\/blog\/2019\/02\/08\/atomkraft-keine-option-klimaschutz\/\">Atomkraft keine Option f\u00fcr den Klimaschutz<\/a><\/p>\n","protected":false},"excerpt":{"rendered":"<p>F\u00fcr ein bisschen Uran baut man viel Uranerz Gestein ab,<\/p>\n","protected":false},"author":1,"featured_media":1427,"parent":0,"menu_order":0,"comment_status":"closed","ping_status":"closed","template":"","meta":{"footnotes":""},"class_list":["post-505","page","type-page","status-publish","has-post-thumbnail","hentry"],"_links":{"self":[{"href":"https:\/\/www.fokusantiatom.ch\/index.php?rest_route=\/wp\/v2\/pages\/505","targetHints":{"allow":["GET"]}}],"collection":[{"href":"https:\/\/www.fokusantiatom.ch\/index.php?rest_route=\/wp\/v2\/pages"}],"about":[{"href":"https:\/\/www.fokusantiatom.ch\/index.php?rest_route=\/wp\/v2\/types\/page"}],"author":[{"embeddable":true,"href":"https:\/\/www.fokusantiatom.ch\/index.php?rest_route=\/wp\/v2\/users\/1"}],"replies":[{"embeddable":true,"href":"https:\/\/www.fokusantiatom.ch\/index.php?rest_route=%2Fwp%2Fv2%2Fcomments&post=505"}],"version-history":[{"count":16,"href":"https:\/\/www.fokusantiatom.ch\/index.php?rest_route=\/wp\/v2\/pages\/505\/revisions"}],"predecessor-version":[{"id":2183,"href":"https:\/\/www.fokusantiatom.ch\/index.php?rest_route=\/wp\/v2\/pages\/505\/revisions\/2183"}],"wp:featuredmedia":[{"embeddable":true,"href":"https:\/\/www.fokusantiatom.ch\/index.php?rest_route=\/wp\/v2\/media\/1427"}],"wp:attachment":[{"href":"https:\/\/www.fokusantiatom.ch\/index.php?rest_route=%2Fwp%2Fv2%2Fmedia&parent=505"}],"curies":[{"name":"wp","href":"https:\/\/api.w.org\/{rel}","templated":true}]}}