{"id":511,"date":"2015-11-04T01:17:04","date_gmt":"2015-11-04T00:17:04","guid":{"rendered":"http:\/\/www.fokusantiatom.ch\/?page_id=511"},"modified":"2025-07-09T23:56:39","modified_gmt":"2025-07-09T21:56:39","slug":"uran","status":"publish","type":"page","link":"https:\/\/www.fokusantiatom.ch\/?page_id=511","title":{"rendered":"URAN belastet die Umwelt!"},"content":{"rendered":"\n<p>Atomkraftwerke werden weltweit als saubere Alternative zu fossilen Brennstoffen angepriesen, dabei bleibt ein Aspekt im Schatten: der <a href=\"https:\/\/de.wikipedia.org\/wiki\/Uranbergbau\" data-type=\"link\" data-id=\"https:\/\/de.wikipedia.org\/wiki\/Uranbergbau\" target=\"_blank\" rel=\"noreferrer noopener\">Uranabbau<\/a>. Uran wird m\u00fchsam und unter f\u00fcr Mensch und Umwelt problematischen Bedingungen aus der Erde geholt. <a href=\"https:\/\/de.wikipedia.org\/wiki\/Uran\" data-type=\"link\" data-id=\"https:\/\/de.wikipedia.org\/wiki\/Uran\" target=\"_blank\" rel=\"noreferrer noopener\">Uran<\/a> ist ein in einigen Weltregionen nat\u00fcrlich vorkommendes Metall, das als Brennstoff in Kernkraftwerken genutzt wird. Abgebaut wird das Uranerz im Tagebau, Untertagebau oder durch sogenannte In-situ-Laugung, bei der Chemikalien in den Boden gepumpt werden, um Uran herauszul\u00f6sen. Dies hat gravierende Folgen f\u00fcr Mensch, Tier und Umwelt.<\/p>\n\n\n<div class=\"wp-block-image\">\n<figure class=\"aligncenter size-full\"><a href=\"https:\/\/www.fokusantiatom.ch\/wp-content\/uploads\/2025\/07\/image-4.png\"><img loading=\"lazy\" decoding=\"async\" width=\"543\" height=\"335\" src=\"https:\/\/www.fokusantiatom.ch\/wp-content\/uploads\/2025\/07\/image-4.png\" alt=\"\" class=\"wp-image-2848\" srcset=\"https:\/\/www.fokusantiatom.ch\/wp-content\/uploads\/2025\/07\/image-4.png 543w, https:\/\/www.fokusantiatom.ch\/wp-content\/uploads\/2025\/07\/image-4-300x185.png 300w\" sizes=\"auto, (max-width: 543px) 100vw, 543px\" \/><\/a><figcaption class=\"wp-element-caption\">Uranmine<\/figcaption><\/figure>\n<\/div>\n\n\n<h2 class=\"wp-block-heading\">Umweltbelastungen durch den URAN-Prozess<\/h2>\n\n\n\n<h3 class=\"wp-block-heading\">ine dreckige Angelegenheit: Die Auswirkungen des Uranabbaus<\/h3>\n\n\n\n<p>Uran ist in der Erdkruste weit verbreitet, aber nur in geringen Konzentrationen. Um wirtschaftlich abbaubare Mengen zu gewinnen, sind enorme Mengen an Gestein und Erde zu bewegen. Dies f\u00fchrt zu einer Kaskade von Umweltproblemen:<\/p>\n\n\n\n<h3 class=\"wp-block-heading\">Radioaktive Belastung<\/h3>\n\n\n\n<ul class=\"wp-block-list\">\n<li><strong>Radon-Gas<\/strong>: Uranerz enth\u00e4lt das radioaktive Edelgas Radon, das bei der F\u00f6rderung freigesetzt wird und krebserregend ist.<\/li>\n\n\n\n<li><strong>Abraumhalden<\/strong>: Gro\u00dfe Mengen an radioaktivem Gestein (Abraum) werden an der Oberfl\u00e4che gelagert und k\u00f6nnen radioaktive Partikel in Luft, Wasser und Boden abgeben.<\/li>\n\n\n\n<li><strong>Tailings<\/strong>: R\u00fcckst\u00e4nde aus der Uranerz-Aufbereitung enthalten Uran, Schwermetalle und radioaktive Zerfallsprodukte wie Thorium-230, Radium-226 und Polonium-210.<\/li>\n<\/ul>\n\n\n\n<h3 class=\"wp-block-heading\">Wasserverschmutzung<\/h3>\n\n\n\n<ul class=\"wp-block-list\">\n<li><strong>S\u00e4urebergbau (acid leaching)<\/strong>: In vielen Minen wird mit Schwefels\u00e4ure gearbeitet, was Grundwasser und Oberfl\u00e4chenwasser verseuchen kann.<\/li>\n\n\n\n<li><strong>Schwermetalle und Radioisotope<\/strong>: Gelangen aus Tailings in Fl\u00fcsse oder ins Grundwasser \u2013 mit toxischen und oft langlebigen Wirkungen.<\/li>\n\n\n\n<li><strong>In-situ-Leaching (ISL)<\/strong>: Auch bei dieser Methode wird das Grundwasser radioaktiv und chemisch belastet, wenn es nicht ordnungsgem\u00e4\u00df zur\u00fcckgewonnen wird.<\/li>\n\n\n\n<li>Regenwasser w\u00e4scht radioaktive und toxische Substanzen aus den Halden und Gruben ab. Dieses kontaminierte Wasser sickert ins Grundwasser oder gelangt in Fl\u00fcsse und Seen. Die Folge ist eine Verseuchung von Trinkwasserquellen, Bew\u00e4sserungssystemen und aquatischen \u00d6kosystemen mit radioaktiven Isotopen. Dies gef\u00e4hrdet nicht nur die lokale Bev\u00f6lkerung, sondern auch die Flora und Fauna.<\/li>\n<\/ul>\n\n\n\n<h2 class=\"wp-block-heading\">Bodenbelastung<\/h2>\n\n\n\n<ul class=\"wp-block-list\">\n<li><strong>Schwermetalle und Chemikalien<\/strong> k\u00f6nnen B\u00f6den dauerhaft sch\u00e4digen. <strong>In-situ-Leaching (ISL)<\/strong> ist heute die verbreitetste Methode (besonders in Kasachstan und Usbekistan), da sie g\u00fcnstiger und oberfl\u00e4chenschonender ist \u2013 jedoch riskant f\u00fcr das Grundwasser.<\/li>\n\n\n\n<li>Radioaktive Kontamination macht Fl\u00e4chen \u00fcber Jahrzehnte oder Jahrhunderte unbrauchbar. Radioaktive R\u00fcckst\u00e4nde und Halden: Das abgebaute Uranerz wird in M\u00fchlen zerkleinert und chemisch verarbeitet, um das Uran zu extrahieren. \u00dcbrig bleibt eine riesige Menge an radioaktivem Abfall, die sogenannten &#8222;Tailings&#8220; oder Abraumhalden. Diese Halden enthalten nicht nur Restmengen an Uran, sondern auch hochradioaktive Zerfallsprodukte wie Thorium-230, Radium-226 und Radon-222. Diese Stoffe haben extrem lange Halbwertszeiten (Radium-226 hat eine Halbwertszeit von 1.600 Jahren!) und stellen eine langfristige Gefahr dar. Landschaftszerst\u00f6rung und Bodenerosion: Gigantische Tagebaue, oft kilometerweit im Durchmesser und Hunderte von Metern tief, verwandeln ganze Landschaften in unwirtliche Mondlandschaften. Die damit einhergehende Rodung von W\u00e4ldern und die Zerst\u00f6rung von \u00d6kosystemen f\u00fchren zu massiver Bodenerosion und dem Verlust biologischer Vielfalt.<\/li>\n<\/ul>\n\n\n\n<h2 class=\"wp-block-heading\">Luftverschmutzung<\/h2>\n\n\n\n<ul class=\"wp-block-list\">\n<li><strong>Radon-Emissionen<\/strong> aus Minen, Tailings oder offenen Abraumhalden. Radon ist ein radioaktives Gas, das beim Zerfall von Radium entsteht und aus den Abraumhalden entweicht. Es ist farb-, geruch- und geschmacklos und kann sich in der Atemluft ansammeln. Beim Einatmen zerf\u00e4llt Radon im K\u00f6rper weiter und kann zu Lungenkrebs f\u00fchren. Auch Staubemissionen aus den Abbaust\u00e4tten k\u00f6nnen radioaktive Partikel und Schwermetalle \u00fcber weite Strecken verbreiten.<\/li>\n\n\n\n<li><strong>Staubemissionen<\/strong> mit radioaktiven Partikeln oder Schwermetallen durch Windverwehungen.<\/li>\n\n\n\n<li>Emission von <strong>Stickoxiden, CO\u2082<\/strong> und anderen Schadstoffen durch schwere Maschinen.<\/li>\n<\/ul>\n\n\n\n<h2 class=\"wp-block-heading\">Auswirkungen auf Menschen<\/h2>\n\n\n\n<ul class=\"wp-block-list\">\n<li><strong>Arbeiter<\/strong> in Uranminen sind erh\u00f6hten Risiken f\u00fcr Lungenkrebs und andere Krankheiten ausgesetzt.<\/li>\n\n\n\n<li><strong>Indigene Gemeinschaften<\/strong> und Anwohner idie in uraniumreichen Gebieten leben (z.\u202fB. Australien, Kanada, Afrika) sind oft unverh\u00e4ltnism\u00e4\u00dfig stark betroffen \u2013 sowohl gesundheitlich als auch sozial (z.\u202fB. Verlust von Land und Lebensgrundlagen). <a href=\"http:\/\/areva.niger.free.fr\" target=\"_blank\" rel=\"noreferrer noopener\">http:\/\/areva.niger.free.fr<\/a>   <a href=\"https:\/\/www.incomindios.ch\/en\/post\/uranium-mining\" target=\"_blank\" rel=\"noreferrer noopener\">https:\/\/www.incomindios.ch\/en\/post\/uranium-mining<\/a> Ob in Australien, Kanada oder Afrika \u2013 sie verlieren nicht nur ihre Lebensgrundlage, sondern tragen auch die gesundheitlichen Folgen. Lungenkrebs, Leuk\u00e4mie und Missbildungen sind dokumentierte Folgen jahrzehntelanger Exposition gegen\u00fcber radioaktiven Stoffen.<\/li>\n<\/ul>\n\n\n\n<h2 class=\"wp-block-heading\">Uran &#8211; Anreicherung zum Atombrennstoff oder der Atombombe<\/h2>\n\n\n\n<p>Der Abbau von Uran ist nur der erste Schritt auf dem langen Weg zur Nutzung in einem Atomkraftwerk. Nat\u00fcrlich in Mineralen auftretendes Uran besteht zu etwa 99,3\u00a0% aus dem Isotop\u00a0<sup>238<\/sup>U und zu 0,7\u00a0% aus dem <strong>spaltbaren Isotops<\/strong>\u00a0<sup>235<\/sup>U.<strong> <\/strong>F\u00fcr die Nutzung in den meisten Kernreaktoren muss dieser Anteil auf <strong>3\u20135\u202f% erh\u00f6ht<\/strong> werden \u2013 das geschieht in <strong>Uran- Anreicherungsanlagen<\/strong> (Uranium Enrichement). Dabei trennen mehrere hintereinandergeschaltete Zentrifugen das spaltbare U-235 vom schwereren U-238.<\/p>\n\n\n\n<figure class=\"wp-block-embed is-type-video is-provider-youtube wp-block-embed-youtube wp-embed-aspect-16-9 wp-has-aspect-ratio\"><div class=\"wp-block-embed__wrapper\">\n<iframe loading=\"lazy\" title=\"Wie wird Uran angereichert?\" width=\"840\" height=\"473\" src=\"https:\/\/www.youtube.com\/embed\/ckt7qc_GVQs?feature=oembed\" frameborder=\"0\" allow=\"accelerometer; autoplay; clipboard-write; encrypted-media; gyroscope; picture-in-picture; web-share\" referrerpolicy=\"strict-origin-when-cross-origin\" allowfullscreen><\/iframe>\n<\/div><\/figure>\n\n\n\n<hr class=\"wp-block-separator has-alpha-channel-opacity\"\/>\n\n\n<div class=\"wp-block-image\">\n<figure class=\"aligncenter size-full is-resized\"><a href=\"https:\/\/www.fokusantiatom.ch\/wp-content\/uploads\/2025\/07\/image-14.png\"><img loading=\"lazy\" decoding=\"async\" width=\"937\" height=\"703\" src=\"https:\/\/www.fokusantiatom.ch\/wp-content\/uploads\/2025\/07\/image-14.png\" alt=\"\" class=\"wp-image-2858\" style=\"width:732px;height:auto\" srcset=\"https:\/\/www.fokusantiatom.ch\/wp-content\/uploads\/2025\/07\/image-14.png 937w, https:\/\/www.fokusantiatom.ch\/wp-content\/uploads\/2025\/07\/image-14-300x225.png 300w, https:\/\/www.fokusantiatom.ch\/wp-content\/uploads\/2025\/07\/image-14-768x576.png 768w\" sizes=\"auto, (max-width: 937px) 100vw, 937px\" \/><\/a><\/figure>\n<\/div>\n\n\n<p>Weltweit gibt es rund ein Dutzend gro\u00dfe zivile Urananreicherungsanlagen, unter anderem in:<\/p>\n\n\n\n<ul class=\"wp-block-list\">\n<li>Fr Frankreich (<a href=\"https:\/\/www.orano.group\/fr\/l-expertise-nucleaire\/tour-des-implantations\/transformation-uranium\/tricastin\/expertise\" data-type=\"link\" data-id=\"https:\/\/www.orano.group\/fr\/l-expertise-nucleaire\/tour-des-implantations\/transformation-uranium\/tricastin\/expertise\" target=\"_blank\" rel=\"noreferrer noopener\">Orano Tricastin<\/a>)<\/li>\n\n\n\n<li>&#x1f1e9;&#x1f1ea; Deutschland (<a href=\"https:\/\/www.urenco.com\/global-operations\/urenco-deutschland\" data-type=\"link\" data-id=\"https:\/\/www.urenco.com\/global-operations\/urenco-deutschland\" target=\"_blank\" rel=\"noreferrer noopener\">URENCO Gronau<\/a>)<\/li>\n\n\n\n<li>&#x1f1f3;&#x1f1f1; Niederlande (Almelo)<\/li>\n\n\n\n<li>&#x1f1f7;&#x1f1fa; Russland (mehrere Standorte)<\/li>\n\n\n\n<li>&#x1f1e8;&#x1f1f3; China (Langzhou, Hanzhong)<\/li>\n\n\n\n<li>&#x1f1fa;&#x1f1f8; USA (Paducah, Piketon \u2013 z.\u202fT. stillgelegt)<\/li>\n<\/ul>\n\n\n\n<p>Viele dieser Anlagen sind im Besitz multinationaler Firmenkonsortien wie <strong><a href=\"https:\/\/www.urenco.com\/\" data-type=\"link\" data-id=\"https:\/\/www.urenco.com\/\" target=\"_blank\" rel=\"noreferrer noopener\">URENCO<\/a><\/strong>. Uranabbau aktuelle Zahlen siehe <a href=\"https:\/\/www.wise-uranium.org\/\" target=\"_blank\" rel=\"noreferrer noopener\">www.wise-uranium.org<\/a><\/p>\n\n\n<div class=\"wp-block-image\">\n<figure class=\"aligncenter size-full\"><a href=\"https:\/\/www.armscontrolwonk.com\/archive\/1209625\/pyongsan-uranium-mill\/ \" target=\"_blank\" rel=\" noreferrer noopener\"><img loading=\"lazy\" decoding=\"async\" width=\"769\" height=\"546\" src=\"https:\/\/www.fokusantiatom.ch\/wp-content\/uploads\/2025\/07\/image-13.png\" alt=\"\" class=\"wp-image-2857\" srcset=\"https:\/\/www.fokusantiatom.ch\/wp-content\/uploads\/2025\/07\/image-13.png 769w, https:\/\/www.fokusantiatom.ch\/wp-content\/uploads\/2025\/07\/image-13-300x213.png 300w\" sizes=\"auto, (max-width: 769px) 100vw, 769px\" \/><\/a><figcaption class=\"wp-element-caption\"><a href=\"https:\/\/www.armscontrolwonk.com\/archive\/1209625\/pyongsan-uranium-mill\/\">https:\/\/www.armscontrolwonk.com\/archive\/1209625\/pyongsan-uranium-mill\/ <\/a><\/figcaption><\/figure>\n<\/div>\n\n\n<h3 class=\"wp-block-heading\">Risiken der Urananreicherung (Umweltbelastungen und politischen Risiken)<\/h3>\n\n\n\n<ul class=\"wp-block-list\">\n<li><strong>Stromverbrauch<\/strong>: Auch moderne Gaszentrifugen brauchen Energie (z.\u202fB. Gasdiffusion).<\/li>\n\n\n\n<li><strong>Abfallprodukt UF\u2086 (abgereichertes Uran)<\/strong>: Dieses sogenannte <strong>Depleted Uranium (DU)<\/strong> ist chemisch giftig und muss langfristig gelagert werden.<\/li>\n\n\n\n<li><strong>Proliferationsrisiko<\/strong>: Dieselbe Technik, die Uran auf 5\u202f% anreichert, kann es auch auf <strong>90\u202f% waffenf\u00e4hig<\/strong> anreichern \u2013 was sie sicherheitspolitisch sensibel macht.<\/li>\n<\/ul>\n\n\n<div class=\"wp-block-image\">\n<figure class=\"aligncenter size-large is-resized\"><a href=\"https:\/\/www.wise-uranium.org\/nfcm.html\" target=\"_blank\" rel=\" noreferrer noopener\"><img loading=\"lazy\" decoding=\"async\" width=\"1024\" height=\"1009\" src=\"https:\/\/www.fokusantiatom.ch\/wp-content\/uploads\/2025\/07\/image-9-1024x1009.png\" alt=\"\" class=\"wp-image-2853\" style=\"width:368px;height:auto\" srcset=\"https:\/\/www.fokusantiatom.ch\/wp-content\/uploads\/2025\/07\/image-9-1024x1009.png 1024w, https:\/\/www.fokusantiatom.ch\/wp-content\/uploads\/2025\/07\/image-9-300x296.png 300w, https:\/\/www.fokusantiatom.ch\/wp-content\/uploads\/2025\/07\/image-9-768x757.png 768w, https:\/\/www.fokusantiatom.ch\/wp-content\/uploads\/2025\/07\/image-9.png 1026w\" sizes=\"auto, (max-width: 1024px) 100vw, 1024px\" \/><\/a><figcaption class=\"wp-element-caption\">Klicke auf das Bild und gelange auf den Uranprozess Umweltbelastungsrechner<\/figcaption><\/figure>\n<\/div>\n\n\n<h2 class=\"wp-block-heading\">Die globalen Brennpunkte der Uranverseuchung<\/h2>\n\n\n\n<p>Die Geschichte des Uranabbaus ist gespickt mit Beispielen f\u00fcr Umweltdesaster. Regionen wie die Navajo Nation in den USA, das Erzgebirge in Deutschland und Tschechien oder Teile Australiens und Nigers leiden bis heute unter den Langzeitfolgen. Ganze Gemeinden wurden durch kontaminiertes Wasser und Nahrungsmittel vergiftet, und die F\u00e4lle von Krebs und anderen Krankheiten stiegen dramatisch an. Die \u201esaubere\u201c Kernenergie ist in Wahrheit eine Illusion. Der Preis, den wir und zuk\u00fcnftige Generationen f\u00fcr den Uranabbau zahlen, ist enorm und die Sch\u00e4den oft irreversibel. Es ist an der Zeit, die Augen zu \u00f6ffnen und den wahren Preis der Kernenergie zu erkennen. Nur dann k\u00f6nnen wir den Weg zu einer wirklich nachhaltigen Energiezukunft ebnen.<\/p>\n\n\n\n<h2 class=\"wp-block-heading\">Links zu Uranabbau -Themen<\/h2>\n\n\n\n<p><a href=\"https:\/\/www.nuclear-risks.org\/en\/home.html\" target=\"_blank\" rel=\"noreferrer noopener\">www.nuclear-risks.org\/en\/home.html<\/a><\/p>\n\n\n\n<p><a href=\"https:\/\/www.youtube.com\/watch?v=hdwERjsRVE4\" target=\"_blank\" rel=\"noreferrer noopener\">https:\/\/www.youtube.com\/watch?v=hdwERjsRVE4<\/a><\/p>\n\n\n\n<figure class=\"wp-block-embed is-type-video is-provider-youtube wp-block-embed-youtube wp-embed-aspect-16-9 wp-has-aspect-ratio\"><div class=\"wp-block-embed__wrapper\">\n<iframe loading=\"lazy\" title=\"TRAILER Uranium - is it a country?\" width=\"840\" height=\"473\" src=\"https:\/\/www.youtube.com\/embed\/L4u5rbcx1D0?feature=oembed\" frameborder=\"0\" allow=\"accelerometer; autoplay; clipboard-write; encrypted-media; gyroscope; picture-in-picture; web-share\" referrerpolicy=\"strict-origin-when-cross-origin\" allowfullscreen><\/iframe>\n<\/div><\/figure>\n\n\n\n<figure class=\"wp-block-embed is-type-video is-provider-youtube wp-block-embed-youtube wp-embed-aspect-16-9 wp-has-aspect-ratio\"><div class=\"wp-block-embed__wrapper\">\n<iframe loading=\"lazy\" title=\"DOKU Wie wird Uran gewonnen deutsch (720p)\" width=\"840\" height=\"473\" src=\"https:\/\/www.youtube.com\/embed\/QSKEhkXI-Ow?feature=oembed\" frameborder=\"0\" allow=\"accelerometer; autoplay; clipboard-write; encrypted-media; gyroscope; picture-in-picture; web-share\" referrerpolicy=\"strict-origin-when-cross-origin\" allowfullscreen><\/iframe>\n<\/div><\/figure>\n\n\n\n<figure class=\"wp-block-embed is-type-video is-provider-youtube wp-block-embed-youtube wp-embed-aspect-16-9 wp-has-aspect-ratio\"><div class=\"wp-block-embed__wrapper\">\n<iframe loading=\"lazy\" title=\"Uran - DAS GEF\u00c4HRLICHSTE METALL AUF DER ERDE!\" width=\"840\" height=\"473\" src=\"https:\/\/www.youtube.com\/embed\/2ewKGzURYJA?feature=oembed\" frameborder=\"0\" allow=\"accelerometer; autoplay; clipboard-write; encrypted-media; gyroscope; picture-in-picture; web-share\" referrerpolicy=\"strict-origin-when-cross-origin\" allowfullscreen><\/iframe>\n<\/div><\/figure>\n\n\n\n<figure class=\"wp-block-embed is-type-video is-provider-youtube wp-block-embed-youtube wp-embed-aspect-16-9 wp-has-aspect-ratio\"><div class=\"wp-block-embed__wrapper\">\n<iframe loading=\"lazy\" title=\"Niger: Uran und die Folgen | ARTE Reportage\" width=\"840\" height=\"473\" src=\"https:\/\/www.youtube.com\/embed\/fc_ovfxJQug?feature=oembed\" frameborder=\"0\" allow=\"accelerometer; autoplay; clipboard-write; encrypted-media; gyroscope; picture-in-picture; web-share\" referrerpolicy=\"strict-origin-when-cross-origin\" allowfullscreen><\/iframe>\n<\/div><\/figure>\n\n\n\n<p><a href=\"\"><\/a><\/p>\n\n\n\n<figure class=\"wp-block-embed is-type-video is-provider-youtube wp-block-embed-youtube wp-embed-aspect-4-3 wp-has-aspect-ratio\"><div class=\"wp-block-embed__wrapper\">\n<iframe loading=\"lazy\" title=\"Nuclear Free: Uranium mining unsafe, unnecessary, unwanted.\" width=\"840\" height=\"630\" src=\"https:\/\/www.youtube.com\/embed\/YxcKyv187pk?feature=oembed\" frameborder=\"0\" allow=\"accelerometer; autoplay; clipboard-write; encrypted-media; gyroscope; picture-in-picture; web-share\" referrerpolicy=\"strict-origin-when-cross-origin\" allowfullscreen><\/iframe>\n<\/div><\/figure>\n\n\n\n<h2 class=\"wp-block-heading has-text-align-center\">Gedanke zum Atomstrom-Konsum<\/h2>\n\n\n<div class=\"wp-block-image\">\n<figure class=\"aligncenter size-full is-resized\"><a href=\"https:\/\/www.fokusantiatom.ch\/wp-content\/uploads\/2025\/07\/image-12.png\"><img loading=\"lazy\" decoding=\"async\" width=\"728\" height=\"351\" src=\"https:\/\/www.fokusantiatom.ch\/wp-content\/uploads\/2025\/07\/image-12.png\" alt=\"\" class=\"wp-image-2856\" style=\"width:728px;height:auto\" srcset=\"https:\/\/www.fokusantiatom.ch\/wp-content\/uploads\/2025\/07\/image-12.png 728w, https:\/\/www.fokusantiatom.ch\/wp-content\/uploads\/2025\/07\/image-12-300x145.png 300w\" sizes=\"auto, (max-width: 728px) 100vw, 728px\" \/><\/a><figcaption class=\"wp-element-caption\"><a href=\"http:\/\/www.jenni.ch\" target=\"_blank\" rel=\"noreferrer noopener\">Zitat: Joseph Jenni<\/a><\/figcaption><\/figure>\n<\/div>\n\n\n<p><\/p>\n","protected":false},"excerpt":{"rendered":"<p>Atomkraftwerke werden weltweit als saubere Alternative zu fossilen Brennstoffen angepriesen,<\/p>\n","protected":false},"author":1,"featured_media":0,"parent":0,"menu_order":0,"comment_status":"closed","ping_status":"closed","template":"","meta":{"footnotes":""},"class_list":["post-511","page","type-page","status-publish","hentry"],"_links":{"self":[{"href":"https:\/\/www.fokusantiatom.ch\/index.php?rest_route=\/wp\/v2\/pages\/511","targetHints":{"allow":["GET"]}}],"collection":[{"href":"https:\/\/www.fokusantiatom.ch\/index.php?rest_route=\/wp\/v2\/pages"}],"about":[{"href":"https:\/\/www.fokusantiatom.ch\/index.php?rest_route=\/wp\/v2\/types\/page"}],"author":[{"embeddable":true,"href":"https:\/\/www.fokusantiatom.ch\/index.php?rest_route=\/wp\/v2\/users\/1"}],"replies":[{"embeddable":true,"href":"https:\/\/www.fokusantiatom.ch\/index.php?rest_route=%2Fwp%2Fv2%2Fcomments&post=511"}],"version-history":[{"count":5,"href":"https:\/\/www.fokusantiatom.ch\/index.php?rest_route=\/wp\/v2\/pages\/511\/revisions"}],"predecessor-version":[{"id":2860,"href":"https:\/\/www.fokusantiatom.ch\/index.php?rest_route=\/wp\/v2\/pages\/511\/revisions\/2860"}],"wp:attachment":[{"href":"https:\/\/www.fokusantiatom.ch\/index.php?rest_route=%2Fwp%2Fv2%2Fmedia&parent=511"}],"curies":[{"name":"wp","href":"https:\/\/api.w.org\/{rel}","templated":true}]}}