{"id":520,"date":"2015-11-06T17:11:19","date_gmt":"2015-11-06T16:11:19","guid":{"rendered":"http:\/\/www.fokusantiatom.ch\/?page_id=520"},"modified":"2024-09-29T22:20:51","modified_gmt":"2024-09-29T20:20:51","slug":"multimedia-2","status":"publish","type":"page","link":"https:\/\/www.fokusantiatom.ch\/?page_id=520","title":{"rendered":"Medien TV, Youtube usw."},"content":{"rendered":"<p>\u00a0<\/p>\n<h4>Film, Kino, Videos (YouTube und Consorten)<\/h4>\n<table style= width=\"850\">\n<tbody>\n<tr>\n<tr>\n<td>Schweizer Fernsehen\n<p>SRF-Archiv<\/p>\n<\/td>\n<td>\u00a0<\/td>\n<td><a href=\"https:\/\/www.fokusantiatom.ch\/?page_id=2439\" target=\"_blank\" rel=\"noopener\">Im SRF Archiv lassen sich mit der Suchfunktion x Artikel zu Atomkraft G\u00f6sgen Leibstadt Beznau und M\u00fchleberg abrufen.<\/a><\/td>\n<\/tr>\n<tr>\n<tr>\n<td width=\"80\">ZDF<\/td>\n<td width=\"127\">17.05.2011<\/td>\n<td width=\"322\"><a href=\"http:\/\/www.zdf.de\/ZDFmediathek\/hauptnavigation\/startseite\/#\/beitrag\/video\/1337806\/ZDF-heute-journal-vom-17-Mai-2011\">AKW-Pr\u00fcfung im Schnellverfahren<\/a><\/td>\n<\/tr>\n<tr>\n<td width=\"80\">3 sat (quer)<\/td>\n<td width=\"127\">\u00a0<\/td>\n<td width=\"322\"><a href=\"http:\/\/www.3sat.de\/dynamic\/sitegen\/bin\/sitegen.php?query_string=atomkraft&amp;days_published=365&amp;scsrc=1\">Zum Thema Atomkraft<\/a><\/td>\n<\/tr>\n<tr>\n<td width=\"80\">Radio Dreyeckland<\/td>\n<td width=\"127\">26.01.2012<\/td>\n<td width=\"322\"><a href=\"http:\/\/www.rdl.de\/index.php?option=com_content&amp;view=article&amp;id=15602:Muehleberg_strahlt_weiter_erstmal&amp;catid=236&amp;Itemid=201\">M\u00fchleberg strahlt weiter &#8211; erstmal!<\/a><\/td>\n<\/tr>\n<tr>\n<td width=\"80\">WDR<\/td>\n<td width=\"127\">09.11.2010<\/td>\n<td width=\"322\"><a href=\"http:\/\/www.wdr.de\/tv\/quarks\/\">Die Asse: Atomm\u00fcll in Deutschland<\/a><\/td>\n<\/tr>\n<tr>\n<td width=\"80\">Kontraste<\/td>\n<td width=\"127\">15.07.2010<\/td>\n<td width=\"322\"><a href=\"http:\/\/www.youtube.com\/watch?v=6KniumsmSMs\">Atomkraftwerke: Der T\u00fcv ist nicht unabh\u00e4ngig<\/a><\/td>\n<\/tr>\n<tr>\n<td width=\"80\">ZDF Frontal 21<\/td>\n<td width=\"127\">13.07.2010<\/td>\n<td width=\"322\"><a href=\"http:\/\/www.zdf.de\/ZDFmediathek\/beitrag\/interaktiv\/1089864\/Die-falschen-#\/beitrag\/interaktiv\/1089864\/Die-falschen-Versprechen-der-Atompolitik\">Die falschen Versprechen der Atompolitik<\/a><\/td>\n<\/tr>\n<tr>\n<td width=\"80\">ZDF<\/td>\n<td width=\"127\">13.07.2010<\/td>\n<td width=\"322\"><a href=\"http:\/\/www.zdf.de\/ZDFmediathek\/beitrag\/video\/1090144\/Frontal21-Dokumentation-Der-grosse-Bluff#\/beitrag\/video\/1090144\/Frontal21-Dokumentation-Der-grosse-Bluff\">Der-grosse-Bluff<\/a><\/td>\n<\/tr>\n<tr>\n<td width=\"80\">SWR<\/td>\n<td width=\"127\">20.05.2010<\/td>\n<td width=\"322\"><a href=\"http:\/\/www.swr.de\/odysso\/-\/id=1046894\/did=6412900\/pv=video\/nid=1046894\/la7v8o\/index.html\">Kein Angst vor dem Ausstieg<\/a><\/td>\n<\/tr>\n<tr>\n<td width=\"80\">ZDF<\/td>\n<td width=\"127\">24.04.2010<\/td>\n<td width=\"322\"><a href=\"http:\/\/www.zdf.de\/ZDFmediathek\/beitrag\/video\/1029474\/Atommuell-in-der-Tiefe#\/beitrag\/video\/1029474\/Atommuell-in-der-Tiefe\">Atommuell-in-der-Tiefe<\/a><\/td>\n<\/tr>\n<tr>\n<td width=\"80\">ZDF<\/td>\n<td width=\"127\">23.04.2010<\/td>\n<td width=\"322\"><a href=\"http:\/\/www.zdf.de\/ZDFmediathek\/beitrag\/video\/1028486\/Streitfall-Atomenergie#\/beitrag\/video\/1028486\/Streitfall-Atomenergie\">Streitfall-Atomenergie<\/a><\/td>\n<\/tr>\n<tr>\n<td width=\"80\">ZDF<\/td>\n<td width=\"127\">06.09.2009<\/td>\n<td width=\"322\"><a href=\"http:\/\/de.atomkraftwerkeplag.wikia.com\/wiki\/Datei:ZDF.umwelt_vom_06.09.2009_-_Die_Skandale_der_Atomindustrie\" target=\"_blank\" rel=\"noopener\">Die Skandale der Atomindustrie (D)<\/a><\/td>\n<\/tr>\n<tr>\n<td width=\"80\">Radio Dreyeckland<\/td>\n<td width=\"127\">14.05.2009<\/td>\n<td width=\"322\"><a href=\"http:\/\/www.rdl.de\/index.php?option=com_content&amp;view=article&amp;id=2903&amp;catid=236&amp;Itemid=201\">Was ist los in M\u00fchleberg?<\/a><\/td>\n<\/tr>\n<tr>\n<td width=\"80\">Arte<\/td>\n<td width=\"127\">01.10.2008<\/td>\n<td width=\"322\"><a href=\"http:\/\/www.dailymotion.com\/video\/xccu21_mit-offenen-karten-die-zivile-nutzu_news\">Die zivile Nutzung der Atomkraft<\/a><\/td>\n<\/tr>\n<tr>\n<td width=\"80\">MyVideo<\/td>\n<td width=\"80\"> <\/td>\n<td width=\"804\"><a href=\"http:\/\/www.myvideo.ch\/Videos_A-Z?searchWord=atomkraft\">http:\/\/www.myvideo.ch\/Videos_A-Z?searchWord=atomkraft<\/a><\/td>\n<\/tr>\n<tr>\n<td width=\"80\">GoogleVideo<\/td>\n<td width=\"80\"> <\/td>\n<td width=\"804\"><a href=\"http:\/\/www.google.de\/search?q=atomkraft&amp;tbo=p&amp;tbs=vid%3A1&amp;source=vgc\">http:\/\/www.google.de\/search?q=atomkraft&amp;tbo=p&amp;tbs=vid%3A1&amp;source=vgc<\/a><\/td>\n<\/tr>\n<tr>\n<td width=\"80\">YouTube<\/td>\n<td width=\"80\"> <\/td>\n<td width=\"804\"><a href=\"http:\/\/www.youtube.com\/results?search_query=atomkraftwerke&amp;aq=f\">http:\/\/www.youtube.com\/results?search_query=atomkraftwerke&amp;aq=f<\/a><\/td>\n<\/tr>\n<tr>\n<td width=\"80\">YouTube<\/td>\n<td width=\"80\"> <\/td>\n<td width=\"804\"><a href=\"http:\/\/www.youtube.com\/watch?v=vktrmnaORec&amp;feature=player_embedded#!\">Castortransport auf Franz\u00d6sisch<\/a><\/td>\n<\/tr>\n<tr>\n<td width=\"80\">KinoFilm<\/td>\n<td width=\"80\"> <\/td>\n<td width=\"804\"><a href=\"http:\/\/www.intoeternitythemovie.com\/\">Into Eternity\u00a0Ein Film \u00fcber die Atomabfallproblematik<\/a><\/td>\n<\/tr>\n<tr>\n<td width=\"80\">KinoFilm<\/td>\n<td width=\"80\"> <\/td>\n<td width=\"804\"><a href=\"http:\/\/www.yellowcake-derfilm.de\/index.php?id=53\">Yellow Cake\u00a0Ein Film zu Uranabbau<\/a><\/td>\n<\/tr>\n<tr>\n<td width=\"80\">KinoFilm<\/td>\n<td width=\"80\"> <\/td>\n<td width=\"804\"><a href=\"http:\/\/www.bavaria-film.de\/index.php?id=350&amp;tx_asnews_pi1%5bnews%5d=11281&amp;cHash=c98c9e35d1\">An einem Samstag\u00a0im April 1986 explodiert ein Reaktor im Kernkraftwerk Tschernobyl<\/a><\/td>\n<\/tr>\n<tr>\n<td width=\"80\">KinoFilm<\/td>\n<td width=\"80\"> <\/td>\n<td width=\"804\"><a href=\"http:\/\/strahlendesklima.de\/\">Strahlendes Klima\u00a0Uranabbau in Australien<\/a><\/td>\n<\/tr>\n<tr>\n<td width=\"80\">Filmverleih<\/td>\n<td width=\"80\"> <\/td>\n<td width=\"804\"><a href=\"http:\/\/nix-da.blogspot.com\/\">Nix-Da<\/a><\/td>\n<\/tr>\n<tr>\n<td width=\"80\">Filmverleih<\/td>\n<td width=\"80\"> <\/td>\n<td width=\"804\"><a href=\"http:\/\/www.cinerebelde.org\/\">Cine Rebelde<\/a><\/td>\n<\/tr>\n<tr>\n<td width=\"80\">YouTube<\/td>\n<td width=\"80\"> <\/td>\n<td width=\"804\">Into Eternity\u00a0<a href=\"http:\/\/www.intoeternitythemovie.com\/\" target=\"_blank\" rel=\"noopener\">http:\/\/www.intoeternitythemovie.com<\/a>\u00a0Ein Film zur Atomm\u00fcll- Endlagerung in Finnland<\/td>\n<\/tr>\n<tr>\n<td width=\"80\">YouTube<\/td>\n<td width=\"80\"> <\/td>\n<td width=\"804\"><a href=\"http:\/\/www.kickstarter.com\/projects\/662504445\/forbidden-ground-fukushima-japans-nuclear-crisis\">Forbidden Ground FUKUSHIMA<\/a><\/td>\n<\/tr>\n<tr>\n<td width=\"80\">YouTube<\/td>\n<td width=\"80\"> <\/td>\n<td width=\"804\"><a href=\"http:\/\/www.youtube.com\/watch?v=_NeOhd_Z3LA\">Seconds from Disaster FUKUSHIMA<\/a><\/td>\n<\/tr>\n<tr>\n<td width=\"80\">YouTube<\/td>\n<td width=\"80\"> <\/td>\n<td width=\"804\"><a href=\"http:\/\/www.youtube.com\/watch?v=bKgD-IauR0w\">No mans zone Fukushima<\/a><\/td>\n<\/tr>\n<tr>\n<td width=\"80\">YouTube<\/td>\n<td width=\"80\"> <\/td>\n<td width=\"804\"><a href=\"https:\/\/www.youtube.com\/watch?v=kPBFn7wYL-M\">NRC\u00a0Comissioner Gregory Jaczko and the Dangers of Nuclear Power<\/a><\/td>\n<\/tr>\n<tr>\n<td width=\"80\">YouTube<\/td>\n<td width=\"80\"> <\/td>\n<td width=\"804\"><a href=\"https:\/\/www.youtube.com\/watch?v=LRC8VKju9JY\" target=\"_blank\" rel=\"noopener\">Unter Kontrolle<\/a>\u00a0Trailer<\/td>\n<\/tr>\n<tr>\n<td width=\"80\">YouTube<\/td>\n<td width=\"80\"> <\/td>\n<td width=\"804\">\n<p class=\"yt watch-title-container\"><span id=\"eow-title\" class=\"watch-title \" dir=\"ltr\" title=\"Die L\u00fcge von der sauberen Energie (Yellow Cake)\"><a href=\"https:\/\/www.youtube.com\/watch?v=1AZnb2Rb0Fk\" target=\"_blank\" rel=\"noopener\">Die L\u00fcge von der sauberen Energie (Yellow Cake)<\/a> Trailer \u00a0<a href=\"https:\/\/www.youtube.com\/watch?v=HEclYH6Ew_g\" target=\"_blank\" rel=\"noopener\">Film<\/a><\/span><\/p>\n<\/td>\n<\/tr>\n<tr>\n<td width=\"80\">YouTube<\/td>\n<td width=\"80\"> <\/td>\n<td width=\"804\">\n<p class=\"yt watch-title-container\"><span class=\"watch-title \" dir=\"ltr\" title=\"Die L\u00fcge von der sauberen Energie (Yellow Cake)\"><a href=\"https:\/\/www.youtube.com\/watch?v=6oZKJclRLOk\" target=\"_blank\" rel=\"noopener\">Restrisiko<\/a>\u00a0Trailer<\/span><\/p>\n<\/td>\n<\/tr>\n<tr>\n<td width=\"80\">\u00a0YouTube<\/td>\n<td width=\"80\"> <\/td>\n<td width=\"804\">\n<p class=\"yt watch-title-container\"><span id=\"eow-title\" class=\"watch-title \" dir=\"ltr\" title=\"Der St\u00f6rfall - Was geschah wirklich in den AKWs von Vattenfall?\"><a href=\"https:\/\/www.youtube.com\/watch?v=6q1NBKhl-6w\" target=\"_blank\" rel=\"noopener\">Der St\u00f6rfall &#8211; Was geschah wirklich in den AKWs von Vattenfall (D)?<\/a>\u00a0Film<\/span><\/p>\n<\/td>\n<\/tr>\n<tr>\n<td width=\"80\">\u00a0YouTube<\/td>\n<td width=\"80\"> <\/td>\n<td width=\"804\">\n<p class=\"yt watch-title-container\"><span id=\"eow-title\" class=\"watch-title \" dir=\"ltr\" title=\"Strahlendes Vermachtnis - 100 000 Jahre Endlagerung\"><a href=\"https:\/\/www.youtube.com\/watch?v=ZVb5ldv-DEg\" target=\"_blank\" rel=\"noopener\">Strahlendes Verm\u00e4chtnis &#8211; 100 000 Jahre Endlagerung<\/a>\u00a0Film<\/span><\/p>\n<\/td>\n<\/tr>\n<tr>\n<td> <h4>Songs gegen Atom<\/h4> <\/td>\n<td> <\/td>\n<td> <\/td>\n<\/tr>\n<tr>\n<td width=\"80\">You Tube<\/td>\n<td width=\"80\"> <\/td>\n<td width=\"804\"><a href=\"http:\/\/www.youtube.com\/watch?v=ahvOPeMWXPI&amp;feature=related\">Hans S\u00d6llner singt: Atomkraftwerk<\/a><\/td>\n<\/tr>\n<tr>\n<td width=\"80\">Horst G\u00f6ssl<\/td>\n<td width=\"80\"> <\/td>\n<td width=\"804\"><a href=\"http:\/\/www.youtube.com\/watch?v=oJk3UeGdAe8\">Japan is bleeding<\/a><\/td>\n<\/tr>\n<tr>\n<td width=\"80\">\u00a0<\/td>\n<td width=\"80\"> <\/td>\n<td width=\"804\"><a href=\"http:\/\/www.youtube.com\/watch?v=IaUHCFF5BU8\">Eine Aufnahme aus dem Jahr 1988 der Band RC Succession, gegr\u00fcndet vom S\u00e4nger Kiyoshiro Imawano. Das Album mit diesem St\u00fcck h\u00e4tte von Toshiba EMI herausgegeben wurde es dann aber auch ber\u00fchmt. Imawano starb vor zwei Jahren an Krebs.werden sollen, fiel aber der Zensur zum Opfer (Toshiba produziert neben Platten auch AKWs). Wegen der Zensur wurde es dann aber auch ber\u00fchmt. Imawano starb vor zwei Jahren an Krebs.<\/a><\/td>\n<\/tr>\n<tr>\n<td width=\"80\">Youtube<\/td<td width=\"80\"> <\/td>\n<td width=\"80\"> <\/td>\n<td width=\"804\"><a href=\"http:\/\/www.youtube.com\/watch?v=g6N4L7EnOts\">&#8222;Meltdown&#8220; ebenfalls von Imawano auf der Platte\u00a0&#8222;The Timers&#8220;, aufgenommen in der Fukuoka Halle der Elektrizit\u00e4t im Jahr 1989 (Die Halle geh\u00d6rt Kyuden = Kyushu Elektrizit\u00e4tsgesellschaft, siehe unten.)<\/a><\/td>\n<\/tr>\n<tr>\n<td width=\"80\">Youtube<\/td>\n<td width=\"80\"> <\/td>\n<td width=\"804\"><a href=\"http:\/\/www.youtube.com\/watch?v=C019gmSV3xQ\">Post-Fukushima, von\u00a0Kazuyoshi Saito, gerichtet an die japanische Regierung und die Elektrizit\u00e4tsgesellschaften (Toden, Chuden, Kyuden und Hokuden, das &#8222;-den&#8220; bedeutet &#8222;Elektrizit\u00e4t&#8220;) mit der treffenden Aussage:&#8220;Ihr habt uns schon immer angelogen.&#8220;<\/a><\/td>\n<\/tr>\n<tr>\n<td width=\"804\"> <h4>Theorie<\/h4> <\/td>\n<td width=\"80\">\u00a0<\/td>\n<td width=\"80\"> <\/td>\n<\/tr>\n<tr>\n<td width=\"80\">You Tube<\/td>\n<td width=\"80\"> <\/td>\n<td width=\"804\"><a href=\"http:\/\/www.youtube.com\/watch?v=wE4IVlXpa60&amp;feature=related\">Atomkern<\/a><\/td>\n<\/tr>\n<tr>\n<td width=\"80\">You Tube<\/td>\n<td width=\"80\"> <\/td>\n<td width=\"804\"><a href=\"http:\/\/www.youtube.com\/watch?v=uHnnHO7zqkI\">URAN<\/a><\/td>\n<\/tr>\n<\/tbody>\n<\/table>\n<table width=\"884\">\n<tbody>\n<tr>\n<td width=\"80\"> <h4>Pr\u00e4sentationen<\/h4>\u00a0<\/td>\n<td width=\"850\"> <\/td>\n<\/tr>\n<tr>\n<td width=\"80\"><a href=\"http:\/\/www.authorstream.com\/Presentation\/Sigismondo-62049-Nuclear-Power-Today-Early-History-Origins-Vision-Manhattan-Project-Beginnings-Atom-as-Education-ppt-powerpoint\/\">Nuclear Power<\/a><\/td>\n<td width=\"804\">Atomenergienutzung in den USA, Atom-Unf\u00e4lle, Atomabf\u00e4lle, Uranabbau<\/td>\n<\/tr>\n<tr>\n<td width=\"80\"><a href=\"http:\/\/www.authorstream.com\/Presentation\/Arkwright26-53742-nuclear-energy-produce-no-co2-Mining-mine-mill-Milling-Neutralisation-Tailings-ponds-Ha-does-en-Education-ppt-powerpoint\/\">Nuclear Power &#8211; CO2<\/a><\/td>\n<td width=\"804\">Atomenergie produziert CO2!<\/td>\n<\/tr>\n<tr>\n<td width=\"80\"><a href=\"http:\/\/www.authorstream.com\/Presentation\/Marcell-62682-Nuclear-Energy-Objective-Overview-Brief-History-Radiation-Types-Sports-ppt-powerpoint\/\">Nuclear Energy<\/a><\/td>\n<td width=\"804\">\u00a0<\/td>\n<\/tr>\n<tr>\n<td width=\"80\"><a href=\"http:\/\/www.authorstream.com\/Presentation\/Lilly-17679-ppoint95-EARTHQUAKE-STRIKES-KASHIWAZAKI-JAPAN-LOCATION-POWER-PLANT-FIRE-NUCLEAR-ELECTRICAL-TRANSFORMER-as-Entertainment-ppt-powerpoint\/\">Kashiwazaki Earthquake<\/a><\/td>\n<td width=\"804\">\u00a0<\/td>\n<\/tr>\n<tr>\n<td width=\"80\"><a href=\"http:\/\/www.authorstream.com\/Presentation\/Boyce-54458-NucPower-Kendal07-Nuclear-power-security-dimension-context-world-expand-or-phase-kendal-Education-ppt-powerpoint\/\">Nuclear Power: The Security Dimension<\/a><\/td>\n<td width=\"804\">\u00a0<\/td>\n<\/tr>\n<tr>\n<td width=\"80\"><a href=\"http:\/\/www.authorstream.com\/Presentation\/juejoss-210666-risse-im-akw-hleberg-swr-bwr-bkw-atomkraft-kkm-kkw-funktionsiedewasserreaktoroffice97-03-entertainment-ppt-powerpoint\/\">Funktionsweise Siedewasserreaktor<\/a><\/td>\n<td width=\"804\">Funktionsweise Siedewasserreaktor (M\u00fchleberg), Reaktorkomponenten, Risse<\/td>\n<\/tr>\n<tr>\n<td width=\"80\"><a href=\"http:\/\/www.authorstream.com\/Presentation\/juejoss-210665-risse-im-kernmantel-des-akw-hleberg-ch-bkw-kkw-kkm-atomkraft-kernmantelaussagen-entertainment-ppt-powerpoint\/\">Aussagen ENSI+BKW zu Kernmantelrissen<\/a><\/td>\n<td width=\"804\">Aussagen des ENSI und der BKW zu Kernmantelrissen im AKW M\u00fchleberg<\/td>\n<\/tr>\n<tr>\n<td width=\"80\"><a href=\"http:\/\/www.authorstream.com\/Presentation\/juejoss-210664-kernmantel-akw-hleberg-bkw-kkm-kkw-kernmantelakw-mboffice97-07-science-technology-ppt-powerpoint\/\">Kernmantel AKW M\u00fchleberg<\/a><\/td>\n<td width=\"804\">Risse im Kernmantel des AKW M\u00fchleberg<\/td>\n<\/tr>\n<tr>\n<td width=\"80\"><a href=\"http:\/\/www.authorstream.com\/Presentation\/juejoss-211472-die-akw-risiko-badewannenkurve-hleberg-reaktor-kkm-kernkraft-atomkraft-risikoatom-science-technology-ppt-powerpoint\/\">Die AKW-Risiko-Badewannenkurve<\/a><\/td>\n<td width=\"804\">Am Anfang und am Ende der Laufzeit ist das Risiko am h\u00d6chsten.<\/td>\n<\/tr>\n<tr>\n<td width=\"80\"><a href=\"http:\/\/www.youtube.com\/watch?v=Ms27dQqEvrY\">Endlager<\/a><\/td>\n<td width=\"804\">Zum Beispiel Endlager Asse<\/td>\n<\/tr>\n<tr>\n<td width=\"80\"><a href=\"http:\/\/www.dont-nuke-the-climate.org\/spip.php?article454\">Climate of Hope<\/a><\/td>\n<td width=\"804\">Die Wahre Geschichte der Atomenergie<\/td>\n<\/tr>\n<tr>\n<td width=\"80\"><a href=\"http:\/\/www.youtube.com\/watch?v=jW6RkYKy10k\">YouTube<\/a><\/td>\n<td width=\"804\">Campact: Atomkraft abschalten!<\/td>\n<\/tr>\n<tr>\n<td width=\"80\">\u00a0<\/td>\n<td width=\"804\">Atomkraft Fluch oder Segen\u00a0 <a href=\"http:\/\/www.youtube.com\/watch?v=SNpjdFwbSNQ\" target=\"_blank\" rel=\"noopener\">1<\/a>\u00a0 <a href=\"http:\/\/www.youtube.com\/watch?v=1ovWOwIfUrc&amp;feature=related\" target=\"_blank\" rel=\"noopener\">2<\/a>\u00a0 <a href=\"http:\/\/www.youtube.com\/watch?v=LNQ-NPAzscA&amp;feature=related\" target=\"_blank\" rel=\"noopener\">3<\/a>\u00a0 <a href=\"http:\/\/www.youtube.com\/watch?v=APuAU3M4lLI&amp;feature=related\" target=\"_blank\" rel=\"noopener\">4<\/a><\/td>\n<\/tr>\n<tr>\n<td width=\"80\"><a href=\"http:\/\/www.youtube.com\/watch?v=9swewYStdzI\">Atomkraftwerke<\/a><\/td>\n<td width=\"804\">Atomkraftwerke<\/td>\n<\/tr>\n<tr>\n<td width=\"80\"><a href=\"http:\/\/www.wissensnetz.org\/seiten\/themenseiten\/radioaktive_strahlung\/\">Strahlen+Wellen<\/a><\/td>\n<td width=\"804\">Physik der Strahlen und Wellen<\/td>\n<\/tr>\n<tr>\n<td width=\"80\"><a href=\"http:\/\/www.authorstream.com\/Presentation\/Sigismondo-62049-Nuclear-Power-Today-Early-History-Origins-Vision-Manhattan-Project-Beginnings-Atom-as-Education-ppt-powerpoint\/\">Nuclear Power<\/a><\/td>\n<td width=\"804\">Gesamt Vortrag<\/td>\n<\/tr>\n<tr>\n<td width=\"80\"><a href=\"http:\/\/online.itp.ucsb.edu\/online\/plecture\/bmonreal11\/rm\/flashtv.html\">Fukushima<\/a><\/td>\n<td width=\"804\">How bad is the reactor meltdown in Japan?<\/td>\n<\/tr>\n<tr>\n<td width=\"80\"><h4>Pro-Atom<\/h4><\/td>\n<td>\u00a0<\/td>\n<td>\u00a0<\/td>\n<\/tr>\n<tr>\n<td width=\"80\"><a href=\"http:\/\/www.authorstream.com\/Presentation\/Cubemiddle-58259-Nuclear-Energy-Agenda-Overview-Power-consumption-area-Education-ppt-powerpoint\/\">Nuclear Energy<\/a><\/td>\n<td>\u00a0<\/td>\n<\/tr>\n<tr>\n<td width=\"80\"><a href=\"http:\/\/www.authorstream.com\/Presentation\/AscotEdu-19663-nuclear-1-Power-Energy-History-work-accelerate-fission-Chain-reactio-as-Entertainment-ppt-powerpoint\/\">Nuclear1<\/a><\/td>\n<td width=\"804\">\u00a0<\/td>\n<\/tr>\n<tr>\n<td width=\"80\"><a href=\"http:\/\/www.authorstream.com\/Presentation\/Carla-63679-Australia-Nuclear-Energy-History-Mines-1-3-worlds-Production-export-uranium-2005-nucle-News-Reports-ppt-powerpoint\/\">Australia Nuclear<\/a><\/td>\n<td width=\"804\">Atomenergie in Australien<\/td>\n<\/tr>\n<tr>\n<td width=\"80\"><a href=\"http:\/\/www.authorstream.com\/Presentation\/aSGuest436-92334-global-expansion-nuclear-power-milestones-or-millstones-day3burkart-science-technology-ppt-powerpoint\/\">Global Expansion on Nuclear Power<\/a><\/td>\n<td width=\"804\">\u00a0<\/td>\n<\/tr>\n<tr>\n<td width=\"80\"><a href=\"http:\/\/www.authorstream.com\/Presentation\/Belly-37610-AndrewPorter-Financing-New-Nuclear-Power-Stations-General-Approach-Project-Finance-Definition-Cashflow-as-Entertainment-ppt-powerpoint\/\">Financing New Nuclear Power Stations<\/a><\/td>\n<td width=\"804\">Finanzierung neuer Atomkraftwerke<\/td>\n<\/tr>\n<tr>\n<td width=\"80\"><a href=\"http:\/\/www.authorstream.com\/Presentation\/Brainy007-61452-rt1-maeda-Developments-Future-Outlook-Nuclear-Power-Programs-Asia-Discussions-WEC-Pacific-Energy-as-Education-ppt-powerpoint\/\">Nuclear Power Program in Asia<\/a><\/td>\n<td width=\"804\">\u00a0<\/td>\n<\/tr>\n<tr>\n<td width=\"80\"><a href=\"http:\/\/www.youtube.com\/watch?v=u9vSChpc7e4\">AKW F\u00fcr Bulgarien<\/a><\/td>\n<td width=\"804\">Ein neues AKW f\u00fcr Bulgarien?<\/td>\n<\/tr>\n<tr>\n<td width=\"80\"><a href=\"http:\/\/www.youtube.com\/watch?v=VrhzkoNU84g&amp;feature=related\">Wie ein AKW funktionier<\/a><\/td>\n<td width=\"804\">You Tube<\/td>\n<\/tr>\n<tr>\n<td width=\"80\"><a href=\"http:\/\/www.n24.de\/news\/newsitem_5239360.html?utm_source=feedburner&amp;utm_medium=feed&amp;utm_campaign=Feed%3A+neueste_videos+%28N24+-+neueste+Videos%29\">Job am Limit<\/a><\/td>\n<td width=\"804\">Einsatz im Atomkraftwerk<\/td>\n<\/tr>\n<tr>\n<td width=\"80\"><a href=\"http:\/\/songscommunity.com\/virtual-tour.asp\">SONGS<\/a><\/td>\n<td width=\"804\">Virtuelle Tour durch einen Druckwasserraktor in den USA (Kalifornien)<\/td>\n<\/tr>\n<\/tbody>\n<\/table>\n\n\n<p><\/p>\n","protected":false},"excerpt":{"rendered":"<p>\u00a0 Film, Kino, Videos (YouTube und Consorten) Schweizer Fernsehen SRF-Archiv<\/p>\n","protected":false},"author":1,"featured_media":0,"parent":0,"menu_order":0,"comment_status":"closed","ping_status":"closed","template":"","meta":{"footnotes":""},"class_list":["post-520","page","type-page","status-publish","hentry"],"_links":{"self":[{"href":"https:\/\/www.fokusantiatom.ch\/index.php?rest_route=\/wp\/v2\/pages\/520","targetHints":{"allow":["GET"]}}],"collection":[{"href":"https:\/\/www.fokusantiatom.ch\/index.php?rest_route=\/wp\/v2\/pages"}],"about":[{"href":"https:\/\/www.fokusantiatom.ch\/index.php?rest_route=\/wp\/v2\/types\/page"}],"author":[{"embeddable":true,"href":"https:\/\/www.fokusantiatom.ch\/index.php?rest_route=\/wp\/v2\/users\/1"}],"replies":[{"embeddable":true,"href":"https:\/\/www.fokusantiatom.ch\/index.php?rest_route=%2Fwp%2Fv2%2Fcomments&post=520"}],"version-history":[{"count":26,"href":"https:\/\/www.fokusantiatom.ch\/index.php?rest_route=\/wp\/v2\/pages\/520\/revisions"}],"predecessor-version":[{"id":2631,"href":"https:\/\/www.fokusantiatom.ch\/index.php?rest_route=\/wp\/v2\/pages\/520\/revisions\/2631"}],"wp:attachment":[{"href":"https:\/\/www.fokusantiatom.ch\/index.php?rest_route=%2Fwp%2Fv2%2Fmedia&parent=520"}],"curies":[{"name":"wp","href":"https:\/\/api.w.org\/{rel}","templated":true}]}}