{"id":526,"date":"2015-11-06T17:32:18","date_gmt":"2015-11-06T16:32:18","guid":{"rendered":"http:\/\/www.fokusantiatom.ch\/?page_id=526"},"modified":"2026-01-03T13:16:09","modified_gmt":"2026-01-03T12:16:09","slug":"links-anti-akw","status":"publish","type":"page","link":"https:\/\/www.fokusantiatom.ch\/?page_id=526","title":{"rendered":"Links Anti-AkW"},"content":{"rendered":"\n<figure class=\"wp-block-table\"><table><tbody><tr><td>\n<h2><strong>Schweiz<\/strong><\/h2>\n<\/td><td>Atomkritische Organisationen<\/td><\/tr><tr><td><a href=\"http:\/\/www.mensch-und-atom.org\/de\/component\/content\/article\/107-fusszeile\/270-impressum?Itemid=609\">mensch-und-atom.org<\/a><\/td><td>Medienarbeitende publizieren Atom-News<\/td><\/tr><tr><td><a href=\"http:\/\/www.mahnwacheensi.ch\/\">www.mahnwacheensi.ch<\/a><\/td><td>&nbsp;Mahnwache vor dem ENSI (seit Fukushima!)<\/td><\/tr><tr><td><a href=\"http:\/\/energisch.ch\/\">energisch.ch<\/a><\/td><td>Energisch gegen Atomkraft<\/td><\/tr><tr><td><a href=\"http:\/\/imagopress.smugmug.com\/search\/index.mg?searchWords=akw&amp;searchType=InUser&amp;NickName=imagopress&amp;sa=Search\">www.imagopress.com\/akw\/akw_page.html<\/a><\/td><td>Imagopress: Fotoarchiv Anti-AKW<\/td><\/tr><tr><td><a href=\"http:\/\/www.aefu.ch\/\">www.aefu.ch<\/a><\/td><td>AefU: \u00c4rzte f\u00fcr Umweltschutz<\/td><\/tr><tr><td><a href=\"http:\/\/www.atomkraftneindanke.ch\/\">www.atomkraftneindanke.ch<\/a><\/td><td>Atomkraft Nein Danke! Private Homepage<\/td><\/tr><tr><td><a href=\"http:\/\/www.atomschutzverband.ch\/\">www.atomschutzverband.ch<\/a><\/td><td>TRAS: Trinationaler Atomschutzverband<\/td><\/tr><tr><td><a href=\"http:\/\/www.contratom.ch\/\">www.contratom.ch<\/a><\/td><td>Contratom est une association genevoise<\/td><\/tr><tr><td><a href=\"http:\/\/www.energiestiftung.ch\/\">www.energiestiftung.ch<\/a><\/td><td>SES &#8211; Schweizerische Energie-Stiftung<\/td><\/tr><tr><td><a href=\"http:\/\/www.greenpeace.ch\/\">www.greenpeace.ch<\/a><\/td><td>Greenpeace Schweiz<\/td><\/tr><tr><td><a href=\"http:\/\/www.ippnw.ch\/\">www.ippnw.ch<\/a><\/td><td>PSR\/IPPNW (CH): \u00c4rztInnen f\u00fcr soziale Verantwortung und zur Verh\u00fctung eines Atomkrieges<\/td><\/tr><tr><td><a href=\"http:\/\/www.kaib.ch\/\">www.KAIB.ch<\/a><\/td><td>Kein Atomm\u00fcll im B\u00f6zberg KAIB<\/td><\/tr><tr><td><a href=\"http:\/\/www.kernfrauen.ch\/\">www.kernfrauen.ch<\/a><\/td><td>Die Kernfrauen Wein-Land gegen das in Benken geplante Atomm\u00fcll-Endlager<\/td><\/tr><tr><td><a href=\"http:\/\/www.klar-schweiz.com\/\">www.klar-schweiz.com<\/a><\/td><td>KLAR: Kein Leben mit atomaren Risiken! Kein Atomm\u00fcll im Z\u00fcrcher Weinland.<\/td><\/tr><tr><td><a href=\"http:\/\/www.klar-zu.ch\/\">www.klar-zu.ch<\/a><\/td><td>KLAR ZU Z\u00fcri Unterland<\/td><\/tr><tr><td><a href=\"http:\/\/www.loti2010.ch\/\">www.loti2010.ch<\/a><\/td><td>Nr\u00f6dliche L\u00e4gern ohne Tiefenlager<\/td><\/tr><tr><td><a href=\"http:\/\/www.menschenstrom.ch\/\">www.menschenstrom.ch<\/a><\/td><td>Menschenstrom Pfingst-Demo 2010<\/td><\/tr><tr><td><a href=\"http:\/\/www.muehleberg-vom-netz.ch\/\">www.muehleberg-vom-netz.ch<\/a><\/td><td>Kantonale Initiative M\u00fchleberg vom Netz BE<\/td><\/tr><tr><td><a href=\"http:\/\/atomausstieg.ch\/\">www.atomausstieg.ch<\/a><\/td><td>Allianz Atomausstieg<\/td><\/tr><tr><td><a href=\"http:\/\/www.nwa-schweiz.ch\/\">www.nwa-schweiz.ch<\/a><\/td><td>NWA: Nie wieder AKW &#8211; Basel\/Bern<\/td><\/tr><tr><td><a href=\"http:\/\/www.radioaktivitaet.net\/\">www.radioaktivitaet.net<\/a><\/td><td>REM: \u00fcberwacht die Radioaktivit\u00e4t in M\u00fchleberg unabh\u00e4ngig!<\/td><\/tr><tr><td><a href=\"http:\/\/www.rechsteiner-basel.ch\/\">www.rechsteiner-basel.ch<\/a><\/td><td>AKW-Gegner, \u00d6konom, CH- Nationalrat<\/td><\/tr><tr><td><a href=\"http:\/\/www.rheinaubund.ch\/\">www.rheinaubund.ch<\/a><\/td><td>Rheinaubund zum Schutz der Rheingew\u00e4sser<\/td><\/tr><tr><td><a href=\"http:\/\/www.risikofaktormensch.ch\/\">www.Risikofaktormensch.ch<\/a><\/td><td>Risikofaktor Mensch im AKW<\/td><\/tr><tr><td><a href=\"http:\/\/www.sortirdunucleaire.ch\/\">www.sortirdunucleaire.ch<\/a><\/td><td>Sortir du nucl\u00e9aire est une association romande<\/td><\/tr><tr><td><a href=\"http:\/\/www.unterrichtatom.ch\/\">www.unterrichtatom.ch<\/a><\/td><td>Wissen zur Atomtechnik<\/td><\/tr><tr><td><a href=\"http:\/\/www.walter-m.ch\/\">www.walter-m.ch<\/a><\/td><td>M. Walter: Medizinische Aspekte der Atomenergie (CH); Siehe Publikationen<\/td><\/tr><tr><td><a href=\"http:\/\/nux.ch\/\">http:\/\/nux.ch<\/a><\/td><td>Forum f\u00fcr verantwortbare Anwendung der Wissenschaft&#8220;<\/td><\/tr><tr><td><a href=\"http:\/\/atomfrei.ch\/\">http:\/\/atomfrei.ch<\/a><\/td><td>Dokumentationsstelle Atomfreie Schweiz<\/td><\/tr><tr><td><a href=\"http:\/\/beznau-alarm.ch\/\">http:\/\/beznau-alarm.ch<\/a><\/td><td>Beznau Alarm Homepage<\/td><\/tr><tr><td><a href=\"https:\/\/alarm.oeko-gruppe-laupen.ch\/\" target=\"_blank\" rel=\"noreferrer noopener\">https:\/\/alarm.oeko-gruppe-laupen.ch<\/a><\/td><td>Radioaktivit\u00e4tsalarm f\u00fcr CH AKW<\/td><\/tr><tr><td>\n<h2>International<\/h2>\n<\/td><td><\/td><\/tr><tr><td>Australia<\/td><td>&nbsp;<\/td><\/tr><tr><td><a href=\"http:\/\/antinuclear.net\/\">http:\/\/antinuclear.net\/<\/a><\/td><td>Anti-Atom Organisationen Australien<\/td><\/tr><tr><td><a href=\"http:\/\/ausnukefreealliance.wordpress.com\/\">http:\/\/ausnukefreealliance.wordpress.com<\/a><\/td><td>Australia Nuke Free Alliance<\/td><\/tr><tr><td><a href=\"https:\/\/nonuclear.se\/en\/node\/543\">Anti-Nuclear Alliance<\/a><\/td><td>Anti-Nuclear Alliance of Western Australia<\/td><\/tr><tr><td><a href=\"http:\/\/www.jabiluka.com\/\">www.jabiluka.com<\/a><\/td><td>Uranabbau auf Aborigines-Land<\/td><\/tr><tr><td>Belarus<\/td><td>&nbsp;<\/td><\/tr><tr><td><a href=\"http:\/\/www.atomby.net\/\">www.atomby.net\/<\/a><\/td><td>Russische Atomgegner<\/td><\/tr><tr><td>Belgien<\/td><td>&nbsp;<\/td><\/tr><tr><td><a href=\"http:\/\/castor.divergences.be\/\">http:\/\/castor.divergences.be\/<\/a><\/td><td>Belgien gegen Atom-Transporte<\/td><\/tr><tr><td>Deutschland<\/td><td>&nbsp;<\/td><\/tr><tr><td><a href=\"http:\/\/100-gute-gruende.de\/\">100-gute-gruende.de<\/a><\/td><td><a href=\"http:\/\/100-gute-gruende.de\/\">100 Antiatom Gr\u00fcnde<\/a><\/td><\/tr><tr><td><a href=\"http:\/\/nix-da.blogspot.com\/\">http:\/\/nix-da.blogspot.com<\/a><\/td><td><a href=\"http:\/\/nix-da.blogspot.com\/\">Nix-Da AntiAKW Filmesammlung<\/a><\/td><\/tr><tr><td><a href=\"http:\/\/www.anti-atom-aktuell.de\/\">www.anti-atom-aktuell.de<\/a><\/td><td><a href=\"http:\/\/www.anti-atom-aktuell.de\/\">Die Anti-Atom Zeitschrift aus Deutschland<\/a><\/td><\/tr><tr><td><a href=\"https:\/\/www.bund-hochrhein.de\/themen\/mensch-umwelt\/energie-klimawende\/atomkraft\/\">Bund Hochrhein<\/a><\/td><td><a href=\"http:\/\/www.anti-atom.info\/\">Der Bund Hochrhein<\/a><\/td><\/tr><tr><td><a href=\"http:\/\/www.antiatom.de\/\">www.antiatom.de<\/a><\/td><td><a href=\"http:\/\/www.antiatom.de\/\">Institut zur F\u00f6rderung von Akzeptanzproblemen in der Atompolitik.<\/a><\/td><\/tr><tr><td><a href=\"http:\/\/www.ausgestrahlt.de\/\">www.ausgestrahlt.de<\/a><\/td><td><a href=\"http:\/\/www.ausgestrahlt.de\/\">Ausgestrahlt die Deutsche Plattform<\/a><\/td><\/tr><tr><td><a href=\"http:\/\/www.badisch-elsaessische.net\/\">www.badisch-elsaessische.net<\/a><\/td><td><a href=\"http:\/\/www.badisch-elsaessische.net\/\">Badisch-Els\u00e4ssische B\u00fcrgerinitiativen<\/a><\/td><\/tr><tr><td><a href=\"http:\/\/www.castor.de\/\">www.castor.de<\/a><\/td><td><a href=\"http:\/\/www.castor.de\/\">Stopp Castortransporte in (D)<\/a><\/td><\/tr><tr><td><a href=\"http:\/\/www.castor.de\/links.html\">www.castor.de\/links.html<\/a><\/td><td><a href=\"http:\/\/www.castor.de\/links.html\">Div. Anti-AKW Organisationen D)<\/a><\/td><\/tr><tr><td><a href=\"http:\/\/www.contratom.de\/\">www.contratom.de<\/a><\/td><td><a href=\"http:\/\/www.contratom.de\/\">unabh\u00e4ngiges informationsnetzwerk gegen atomenergie<\/a><\/td><\/tr><tr><td><a href=\"http:\/\/www.falea21.de\/\">www.falea21.de<\/a><\/td><td><a href=\"http:\/\/www.falea21.de\/\">Falea21 Kampagne gegen Uranmine in Mali<\/a><\/td><\/tr><tr><td><a href=\"http:\/\/www.fessenheimstop.org\/\">www.fessenheimstop.org\/<\/a><\/td><td><a href=\"http:\/\/www.fessenheimstop.org\/\">Aktions-B\u00fcndniss Fessenheim stilllegen<\/a><\/td><\/tr><tr><td><a href=\"http:\/\/www.frm2.de\/\">www.frm2.de<\/a><\/td><td><a href=\"http:\/\/www.frm2.de\/\">B\u00fcrgerInnen gegen Atomreaktor Garching e.V.<\/a><\/td><\/tr><tr><td><a href=\"http:\/\/www.ippnw.de\/\">www.ippnw.de<\/a><\/td><td><a href=\"http:\/\/www.ippnw.de\/\">IPPNW Internationale \u00c4rztInnen zur Verh\u00fctuung des Atomkriegs<\/a><\/td><\/tr><tr><td><a href=\"http:\/\/www.klargegenatom.de\/\">www.klargegenatom.de<\/a><\/td><td><a href=\"http:\/\/www.klargegenatom.de\/\">Klar Deutschland<\/a><\/td><\/tr><tr><td><a href=\"http:\/\/www.mitwelt.org\/\">www.mitwelt.org<\/a><\/td><td><a href=\"http:\/\/www.mitwelt.org\/\">Mitwelt<\/a><\/td><\/tr><tr><td><a href=\"http:\/\/www.netgis.de\/atom_gmaps\/\">www.netgis.de\/atom_gmaps\/<\/a><\/td><td><a href=\"http:\/\/www.netgis.de\/atom_gmaps\/\">Geoinformationssystem AKW<\/a><\/td><\/tr><tr><td><a href=\"http:\/\/www.netzwerk-regenbogen.de\/texteumwatom.html\">www.netzwerk-regenbogen.de\/texteumwatom.html<\/a><\/td><td><a href=\"http:\/\/www.netzwerk-regenbogen.de\/texteumwatom.html\">Netzwerk Regenbogen<\/a><\/td><\/tr><tr><td><a href=\"http:\/\/www.oeko.de\/\">www.oeko.de<\/a><\/td><td><a href=\"http:\/\/www.oeko.de\/\">Das \u00d6koinstitut, verfasste die M\u00fchlebergstudie 1990<\/a><\/td><\/tr><tr><td><a href=\"http:\/\/www.stoerfall-atomkraft.de\/\">www.stoerfall-atomkraft.de<\/a><\/td><td><a href=\"http:\/\/www.stoerfall-atomkraft.de\/\">Homepage zum Buch St\u00f6rfall Atomkraft<\/a><\/td><\/tr><tr><td><a href=\"http:\/\/www.stop-epr.org\/\"><\/a><a href=\"https:\/\/www.stop-bugey.org\/\">Collectif STOP BUGEY<\/a><\/td><td><a href=\"http:\/\/www.stop-epr.org\/\">Nein zu neuen Reaktoren in Bugey FR<\/a><\/td><\/tr><tr><td><a href=\"http:\/\/www.strahlendesklima.de\/\">www.strahlendesklima.de<\/a><\/td><td><a href=\"http:\/\/www.strahlendesklima.de\/\">Strahlendes Klima &#8211; Umwelt. Bildung. Medien<\/a><\/td><\/tr><tr><td><a href=\"http:\/\/stopeprpenly.org\/\">Stop EPR ni \u00e0 Penly ni ailleurs<\/a><\/td><td><a href=\"http:\/\/stopeprpenly.org\/\">Stop EPR ni \u00e0 Penly ni ailleurs | Association membre de la CLIN Paluel Penly (stopeprpenly.org)<\/a><\/td><\/tr><tr><td><a href=\"http:\/\/www.tschernobyl-hilfe.de\/\">www.tschernobyl-hilfe.de\/<\/a><\/td><td><a href=\"http:\/\/www.tschernobyl-hilfe.de\/\">Tschernobyl-Hilfe Deutschland<\/a><\/td><\/tr><tr><td><a href=\"http:\/\/www.tschernobyl.de\/\">www.tschernobyl.de<\/a><\/td><td><a href=\"http:\/\/www.tschernobyl.de\/\">Tschernobyl<\/a><\/td><\/tr><tr><td><a href=\"http:\/\/www.uraniumfilmfestival.org\/\">www.uraniumfilmfestival.org<\/a><\/td><td><a href=\"http:\/\/www.uraniumfilmfestival.org\/\">Filme gegen Uranabbau<\/a><\/td><\/tr><tr><td><a href=\"http:\/\/www.urantransport.de\/\">www.urantransport.de<\/a><\/td><td><a href=\"http:\/\/www.urantransport.de\/\">Urantransporte!<\/a><\/td><\/tr><tr><td><a href=\"http:\/\/www.x-tausendmalquer.de\/\">www.x-tausendmalquer.de\/<\/a><\/td><td><a href=\"http:\/\/www.x-tausendmalquer.de\/\">Wir legen uns quer gegen den Castor<\/a><\/td><\/tr><tr><td><a href=\"https:\/\/anti-atom-ka.de\">https:\/\/anti-atom-ka.de<\/a><\/td><td><a href=\"https:\/\/anti-atom-ka.de\/\">Anti-Atom Initiative Karlsruhe<\/a><\/td><\/tr><tr><td><a href=\"https:\/\/neckarwestheim.antiatom.net\/\">Aktionsb\u00fcndnis CASTOR-Widerstand Neckarwestheim<\/a><\/td><td><a href=\"https:\/\/neckarwestheim.antiatom.net\/\">Aktionsb\u00fcndnis CASTOR-Widerstand Neckarwestheim<\/a><\/td><\/tr><tr><td><a href=\"https:\/\/www.nuclear-free.com\/\">www.nuclear-free.com<\/a><\/td><td>Nuclear Free Foundation D\/E<\/td><\/tr><tr><td>Finnland<\/td><td>&nbsp;<\/td><\/tr><tr><td><a href=\"http:\/\/www.olkiluoto.info\/\">www.olkiluoto.info<\/a><\/td><td>GegnerInnen des EPR in Finnland<\/td><\/tr><tr><td>&nbsp;<\/td><td>&nbsp;<\/td><\/tr><tr><td>Frankreich<\/td><td>&nbsp;<\/td><\/tr><tr><td><a href=\"http:\/\/burestop.free.fr\/spip\/\">http:\/\/burestop.free.fr\/spip\/<\/a><\/td><td>Atomendlager Bure, NEIN<\/td><\/tr><tr><td><a href=\"http:\/\/www.cattenom-non-merci.de\/\">www.cattenom-non-merci.de<\/a><\/td><td>BKW bezieht auch Strom aus Cattenom!<\/td><\/tr><tr><td><a href=\"http:\/\/www.criirad.org\/\">www.criirad.org\/<\/a><\/td><td>Laboratoire de recherche et d&#8217;information ind\u00e9pendantes sur la radioactivit\u00e9 (F)<\/td><\/tr><tr><td><a href=\"http:\/\/www.fermons-fessenheim.org\/\">http:\/\/www.fermons-fessenheim.org<\/a><\/td><td>Fermons Fessenheim est sortons du nucl\u00e9aire<\/td><\/tr><tr><td><a href=\"http:\/\/www.sortirdunucleaire.org\/\">www.sortirdunucleaire<\/a><a href=\"https:\/\/www.sortirdunucleaire.org\/\">.org<\/a><\/td><td>R\u00e9seau fran\u00e7ais &#8218;Sortir du Nucl\u00e9aire&#8216;<\/td><\/tr><tr><td>&nbsp;<\/td><td>&nbsp;<\/td><\/tr><tr><td>Grossbritannien<\/td><td>&nbsp;<\/td><\/tr><tr><td><a href=\"http:\/\/boycottedf.org.uk\/\">http:\/\/boycottedf.org.uk<\/a><\/td><td>EdF will neue AKW in GB bauen<\/td><\/tr><tr><td><a href=\"http:\/\/stopnuclearpoweruk.net\/\">http:\/\/stopnuclearpoweruk.net\/<\/a><\/td><td>Stop Nuclear Power Network UK<\/td><\/tr><tr><td><a href=\"http:\/\/www.no2nuclearpower.org.uk\/\">www.no2nuclearpower.org.uk<\/a><\/td><td>No2 Nuclear Power<\/td><\/tr><tr><td>&nbsp;<\/td><td>&nbsp;<\/td><\/tr><tr><td>International<\/td><td>&nbsp;<\/td><\/tr><tr><td><a href=\"http:\/\/www.facts-on-nuclear-energy.info\/\">www.facts-on-nuclear-energy.info<\/a><\/td><td>IPPNW; International &#8218;Nuclear Power Fact File&#8216; Poster Campaign<\/td><\/tr><tr><td><a href=\"http:\/\/www.falea21.org\/\">www.falea21.org\/<\/a><\/td><td>Gegen Uranabbau<\/td><\/tr><tr><td><a href=\"http:\/\/www.greenpeace.org\/\">www.greenpeace.org<\/a><\/td><td>Greenpeace International. Go to Nuclear Campaign Home Page<\/td><\/tr><tr><td><a href=\"http:\/\/www.ippnw.org\/\">www.ippnw.org\/<\/a><\/td><td>International Physicians Campaign for a Nuclear Weapons-Free World<\/td><\/tr><tr><td><a href=\"http:\/\/www.nuclear-heritage.net\/\">www.nuclear-heritage.net<\/a><\/td><td>Nuclear Heritage Network<\/td><\/tr><tr><td><a href=\"http:\/\/www.nuclear-risks.org\/\">www.nuclear-risks.org<\/a><\/td><td>Informationen zum Uranabbau<\/td><\/tr><tr><td><a href=\"http:\/\/www.ratical.org\/radiation\/WorldUraniumHearing\">www.ratical.org<\/a><\/td><td>Das Welt Uranium Hearing 1992 gibt Betroffenen eine Stimme<\/td><\/tr><tr><td><a href=\"http:\/\/www.wise-uranium.org\/\">www.wise-uranium.org<\/a><\/td><td>Wise Website zum Uranabbau<\/td><\/tr><tr><td><a href=\"http:\/\/www.wiseinternational.org\/\">www.wiseinternational.org\/<\/a><\/td><td>Wise Weltweiter Energie (Anti-Atom) Informationsdienst <\/td><\/tr><tr><td>&nbsp;<a href=\"https:\/\/hibakusha-worldwide.org\/\">https:\/\/hibakusha-worldwide.org<\/a><\/td><td>&nbsp;Gesundheits- und Umweltfolgen der nuklearen Kette<\/td><\/tr><tr><td>Italien<\/td><td>&nbsp;<\/td><\/tr><tr><td><a href=\"http:\/\/www.nonukes.it\/\">www.nonukes.it<\/a><\/td><td>Italia, RNA &#8211; Rete Nazionale Antinucleare<\/td><\/tr><tr><td><a href=\"http:\/\/zonanucleare.atspace.com\/\">web.tiscali.it\/zona.nucleare<\/a><\/td><td>Zona Nucleare&nbsp;&nbsp;&nbsp;&nbsp; AtomgegnerInnen in Italien<\/td><\/tr><tr><td>&nbsp;<\/td><td>&nbsp;<\/td><\/tr><tr><td>Japan<\/td><td>&nbsp;<\/td><\/tr><tr><td><a href=\"http:\/\/cnic.jp\/english\">http:\/\/cnic.jp\/english<\/a><\/td><td>Citizens&#8216; Nuclear Information Center &#8211; Japan<\/td><\/tr><tr><td><a href=\"https:\/\/dorochibanewsletter.wordpress.com\/\">dorochibanewsletter.wordpress.com\/<\/a><\/td><td>Anti-AKW Gewerkschaftsbund<\/td><\/tr><tr><td><a href=\"https:\/\/greenaction-japan.org\/en\/\" target=\"_blank\" rel=\"noreferrer noopener\">greenaction-japan.org<\/a><\/td><td>Green Action Japan<\/td><\/tr><tr><td>&nbsp;<\/td><td>&nbsp;<\/td><\/tr><tr><td>Kanada<\/td><td><\/td><\/tr><tr><td><a href=\"https:\/\/www.ccnr.org\/\">https:\/\/www.ccnr.org<\/a><\/td><td>Canadian\u00a0Coalition for Nuclear Responsibility<\/td><\/tr><tr><td><\/td><td><\/td><\/tr><tr><td>Niederlande<\/td><td>&nbsp;<\/td><\/tr><tr><td><a href=\"http:\/\/www.wisenederland.nl\/\">www.wisenederland.nl<\/a><\/td><td>World Information Service on Energy<\/td><\/tr><tr><td>&nbsp;<\/td><td>&nbsp;<\/td><\/tr><tr><td>\u00d6sterreich<\/td><td>&nbsp;<\/td><\/tr><tr><td><a href=\"http:\/\/afaz.at\/\">http:\/\/afaz.at<\/a><\/td><td>Arbeitsgemeinschaft f\u00fcr Atomkraftfreie Zukunft<\/td><\/tr><tr><td><a href=\"http:\/\/www.anti.atom.at\/\">www.anti.atom.at<\/a><\/td><td>\u00d6sterreichisch &#8211; Tschechisches Anti Atom Komitee<\/td><\/tr><tr><td><a href=\"http:\/\/www.atomstopp.at\/\">www.atomstopp.at<\/a><\/td><td>Das \u00d6sterreichische Portal der AtomgegnerInnen<\/td><\/tr><tr><td><a href=\"http:\/\/www.ecology.at\/nni\">www.ecology.at\/nni<\/a><\/td><td>\u00d6sterreichisches \u00d6kologie-Institut f\u00fcr angewandte Umweltforschung -Reaktorpannendatenbank<\/td><\/tr><tr><td><a href=\"http:\/\/www.muettergegenatomgefahr.at\/\">www.muettergegenatomgefahr.at<\/a><\/td><td>Muetter gegen Atomgefahr<\/td><\/tr><tr><td><a href=\"http:\/\/www.plage.at\">www.plage.<\/a><a href=\"https:\/\/www.plage.at\">at<\/a><\/td><td>\u00fcberparteiliche Plattform gegen Atomgefahren, Salzburg PLAGE<\/td><\/tr><tr><td><a href=\"http:\/\/www.risk.boku.ac.at\/\">www.risk.boku.ac.at\/<\/a><\/td><td>\u00d6sterreichisches Institut f\u00fcr Risikoforschung<\/td><\/tr><tr><td><a href=\"http:\/\/www.temelin.at\/\">www.temelin.at<\/a><\/td><td>Nieder\u00f6sterreich \u00fcberparteiliche Plattform Stop Temelin &#8211; Arbeitskreis gegen Atom und Sonderm\u00fcll<\/td><\/tr><tr><td>&nbsp;<\/td><td>&nbsp;<\/td><\/tr><tr><td>South Africa<\/td><td>&nbsp;<\/td><\/tr><tr><td><a href=\"http:\/\/www.cane.org.za\/\">www.cane.org.za<\/a><\/td><td>Coalition Against Nuclear Energy (CANE)<\/td><\/tr><tr><td>&nbsp;<\/td><td>&nbsp;<\/td><\/tr><tr><td>USA<\/td><td>&nbsp;<\/td><\/tr><tr><td><a href=\"http:\/\/anti-nuclear.soup.io\/\">anti-nuclear.soup.io<\/a><\/td><td>Anti Atom Blog<\/td><\/tr><tr><td><a href=\"http:\/\/fairewinds.org\/\">http:\/\/fairewinds.org\/<\/a><\/td><td>Arnie Gunderson ist Fairwinds<\/td><\/tr><tr><td><a href=\"http:\/\/footprintsforpeace.org\">http:\/\/footprintsforpeace.org<\/a><\/td><td>Footprints walk for a nuclearfree world<\/td><\/tr><tr><td><a href=\"http:\/\/nonukes.org\/ngl.htm\">http:\/\/nonukes.org<\/a><\/td><td>The Nuclear Guardianship Library<\/td><\/tr><tr><td><a href=\"http:\/\/prop1.org\/prop1\/azantink.htm\">http:\/\/prop1.org<\/a><\/td><td>Eine Liste Amerikas Atomgegner (USA)<\/td><\/tr><tr><td><a href=\"http:\/\/www.animatedsoftware.com\/environm\/no_nukes\/nukelist1.htm\">www.animatedsoftware.com<\/a><\/td><td>Liste der US Reaktoren<\/td><\/tr><tr><td><a href=\"http:\/\/www.citizen.org\/cmep\">www.citizen.org\/cmep<\/a><\/td><td>Public Citizen&#8217;s Critical Mass Energy and Environment Program. B\u00fcrger Initiative (USA)<\/td><\/tr><tr><td><a href=\"http:\/\/www.cnie.org\/NAE\/toxics.html\">www.cnie.org\/NAE\/toxics.html<\/a><\/td><td>Indianerreservate als Atomm\u00fcllk\u00fcbel<\/td><\/tr><tr><td><a href=\"http:\/\/www.dianuke.org\/\">www.dianuke.org<\/a><\/td><td>Dialog and resources on nuclear, nature and society<\/td><\/tr><tr><td><a href=\"http:\/\/www.nirs.org\/\">www.nirs.org<\/a><\/td><td>NIRS WISE in USA<\/td><\/tr><tr><td><a href=\"https:\/\/www.nuclearmuseum.org\">www.nuclearmuseum.org<\/a><\/td><td>Website devoted to the history of the Nuclear (English)<\/td><\/tr><tr><td><a href=\"http:\/\/www.nukebusters.org\/\">www.nukebusters.org<\/a><\/td><td>US Anti-AKW Gruppierung<\/td><\/tr><tr><td><a href=\"http:\/\/www.stopthebombs.org\/\">www.stopthebombs.org<\/a><\/td><td>Anti-Atom Organisationen USA, Proliferation<\/td><\/tr><tr><td><a href=\"http:\/\/www.tmia.com\/\">www.tmia.com<\/a><\/td><td>Der Unfall in &#8218;Three Mile Island&#8216;<\/td><\/tr><tr><td><a href=\"http:\/\/www.ucsusa.org\/\">www.ucsusa.org<\/a><\/td><td>Besorgte Wissenschafter USA<\/td><\/tr><tr><td><a href=\"http:\/\/www.uranium-network.org\/\">www.uranium-network.org\/<\/a><\/td><td>Uranium Network<\/td><\/tr><tr><td><a href=\"https:\/\/nuclear-news.net\/\">nuclear-news.net<\/a><\/td><td>News That Matters about the Nuclear Industry<\/td><\/tr><\/tbody><\/table><\/figure>\n","protected":false},"excerpt":{"rendered":"<p>Schweiz Atomkritische Organisationen mensch-und-atom.org Medienarbeitende publizieren Atom-News www.mahnwacheensi.ch &nbsp;Mahnwache vor<\/p>\n","protected":false},"author":1,"featured_media":0,"parent":529,"menu_order":0,"comment_status":"closed","ping_status":"closed","template":"","meta":{"footnotes":""},"class_list":["post-526","page","type-page","status-publish","hentry"],"_links":{"self":[{"href":"https:\/\/www.fokusantiatom.ch\/index.php?rest_route=\/wp\/v2\/pages\/526","targetHints":{"allow":["GET"]}}],"collection":[{"href":"https:\/\/www.fokusantiatom.ch\/index.php?rest_route=\/wp\/v2\/pages"}],"about":[{"href":"https:\/\/www.fokusantiatom.ch\/index.php?rest_route=\/wp\/v2\/types\/page"}],"author":[{"embeddable":true,"href":"https:\/\/www.fokusantiatom.ch\/index.php?rest_route=\/wp\/v2\/users\/1"}],"replies":[{"embeddable":true,"href":"https:\/\/www.fokusantiatom.ch\/index.php?rest_route=%2Fwp%2Fv2%2Fcomments&post=526"}],"version-history":[{"count":55,"href":"https:\/\/www.fokusantiatom.ch\/index.php?rest_route=\/wp\/v2\/pages\/526\/revisions"}],"predecessor-version":[{"id":2975,"href":"https:\/\/www.fokusantiatom.ch\/index.php?rest_route=\/wp\/v2\/pages\/526\/revisions\/2975"}],"up":[{"embeddable":true,"href":"https:\/\/www.fokusantiatom.ch\/index.php?rest_route=\/wp\/v2\/pages\/529"}],"wp:attachment":[{"href":"https:\/\/www.fokusantiatom.ch\/index.php?rest_route=%2Fwp%2Fv2%2Fmedia&parent=526"}],"curies":[{"name":"wp","href":"https:\/\/api.w.org\/{rel}","templated":true}]}}