{"id":533,"date":"2015-11-06T17:37:20","date_gmt":"2015-11-06T16:37:20","guid":{"rendered":"http:\/\/www.fokusantiatom.ch\/?page_id=533"},"modified":"2025-12-28T17:25:04","modified_gmt":"2025-12-28T16:25:04","slug":"links-atomlobby","status":"publish","type":"page","link":"https:\/\/www.fokusantiatom.ch\/?page_id=533","title":{"rendered":"Links Atomlobby"},"content":{"rendered":"\n<figure class=\"wp-block-table\"><table><tbody><tr><td>&nbsp;<\/td><td> <span style=\"color: revert; font-size: 1.75rem; font-weight: revert; font-family: inherit;\">Atomlobby CH<\/span><\/td><\/tr><tr><td><a href=\"http:\/\/www.kernenergie.ch\/\">www.Kernenergie.ch fr\u00fcher Atomenergie.ch<\/a><\/td><td>Schweizerische Vereinigung f\u00fcr Atomenergie: Vereinszweck F\u00f6rderung der Atomenergienutzung in der Schweiz<\/td><\/tr><tr><td><a href=\"http:\/\/www.atomkraft.ch\/\">www.atomkraft.ch<\/a><\/td><td>Private Anti-AKW HP<\/td><\/tr><tr><td><a href=\"http:\/\/www.aves.ch\/\">www.aves.ch<\/a><\/td><td>&#8218;Aktion f\u00fcr vern\u00fcnftige Energiepolitik&#8216;<\/td><\/tr><tr><td><a href=\"http:\/\/www.energie-energy.ch\" target=\"_blank\" rel=\"noreferrer noopener\">https:\/\/www.worldenergy.ch<\/a><\/td><td>Schweizerischer Energierat &#8222;World Energy Council Switzerland&#8220;<\/td><\/tr><tr><td><a href=\"http:\/\/www.energieforum.ch\/\">www.energieforum.ch<\/a><\/td><td>Kernenergie im Spannungsfeld der Politik<\/td><\/tr><tr><td><a href=\"http:\/\/www.ffe.ch\/\">www.ffe.ch<\/a><\/td><td>Frauen f\u00fcr Energie<\/td><\/tr><tr><td><a href=\"http:\/\/www.forumvera.ch\/\">www.forumvera.ch<\/a><\/td><td>Was heisst da &#8222;Verantwortungsvoller Umgang mit radioaktiven Abf\u00e4llen&#8220;. AKWs stilllegen! (CH)<\/td><\/tr><tr><td><a href=\"http:\/\/www.kernfachleute.ch\/\">www.kernfachleute.ch<\/a><\/td><td>Vereinigung Schweizerischer &#8218;Kernfachleute&#8216;<\/td><\/tr><tr><td><a href=\"http:\/\/www.kettenreaktion.ch\/\">www.kettenreaktion.ch<\/a><\/td><td>CH-Verein zur F\u00f6rderung der Atomenergie<\/td><\/tr><tr><td><a href=\"http:\/\/www.nagra.ch\/\">www.nagra.ch<\/a><\/td><td>Sucht noch immer nach der Atomm\u00fclll\u00f6sung (CH)<\/td><\/tr><tr><td><a href=\"http:\/\/www.nuklearforum.ch\/\">www.nuklearforum.ch<\/a><\/td><td>ehemals Schweizerische Vereinigung f\u00fcr Atomenergie (SVA)<\/td><\/tr><tr><td><a href=\"http:\/\/www.swissnuclear.ch\/\">www.swissnuclear.ch<\/a><\/td><td>swissnuclear ist die &#8218;Fachgruppe&#8216; Atomenergie der swisselectric<\/td><\/tr><tr><td><a href=\"http:\/\/www.vpe.ch\/\">www.vpe.ch<\/a><\/td><td>Verband der Personalvertretungen der schweizerischen Elektrizit\u00e4tswirtschaft<\/td><\/tr><tr><td><a href=\"http:\/\/www.win-swiss.ch\/\">www.win-swiss.ch<\/a><\/td><td>Woman in nuclear &#8218;Swiss&#8216;<\/td><\/tr><tr><td><a href=\"http:\/\/www.worldenergy.ch\/\">www.worldenergy.ch<\/a><\/td><td>Schweizerischer Energierat<\/td><\/tr><tr><td><\/td><td><\/td><\/tr><tr><td>&nbsp;<\/td><td> <span style=\"color: revert; font-size: 1.75rem; font-weight: revert; font-family: inherit;\">&nbsp;Atomlobby International<\/span> <\/td><\/tr><tr><td><a href=\"http:\/\/ansnuclearcafe.org\/\">http:\/\/ansnuclearcafe.org<\/a><\/td><td>American Nuclear Society-News Cafe<\/td><\/tr><tr><td><a href=\"http:\/\/www.1nuclearplace.com\/\">www.1nuclearplace.com<\/a><\/td><td>Englische Homepage<\/td><\/tr><tr><td><a href=\"http:\/\/www.ans.org\/\">www.ans.org<\/a><\/td><td>American Nuclear Society<\/td><\/tr><tr><td><a href=\"https:\/\/www.orano.group\">www.orano.group<\/a><\/td><td>ORANO vormals AREVA, COGEMA<\/td><\/tr><tr><td><a href=\"http:\/\/www.entergy-nuclear.com\/\">www.entergy-nuclear.com<\/a><\/td><td>Deutsch-Schweizerischer Fachverband f\u00fcr Strahlenschutz e.V.<\/td><\/tr><tr><td><a href=\"http:\/\/www.euronuclear.org\/\">www.euronuclear.org<\/a><\/td><td>Die europ\u00e4ische Atom-Energieagentur<\/td><\/tr><tr><td><a href=\"http:\/\/www.fs-ev.de\/\">www.fs-ev.de<\/a><\/td><td>Deutsch-Schweizerischer Fachverband f\u00fcr Strahlenschutz e.V.<\/td><\/tr><tr><td><a href=\"http:\/\/www.iaea.org\/\">www.iaea.org<\/a><\/td><td>Die internationale Atom-Energieagentur<\/td><\/tr><tr><td><a href=\"http:\/\/www.icjt.org\/\">www.icjt.org<\/a><\/td><td>Slowenische Atomforschungsanstalt Nuclear Power Plant of the world<\/td><\/tr><tr><td><a href=\"http:\/\/www.iea.org\/\">www.iea.org<\/a><\/td><td>Die internationale Energieagentur<\/td><\/tr><tr><td><a href=\"http:\/\/www.kernenergie.de\/\">www.kernenergie.de<\/a><\/td><td>Deutsche Lobby Seite<\/td><\/tr><tr><td><a href=\"http:\/\/www.nacworldwide.com\/\">www.nacworldwide.com<\/a><\/td><td>Covering The Whole Nuclear Fuel Cycle (Englisch)<\/td><\/tr><tr><td><a href=\"http:\/\/www.nda.gov.uk\/\">www.nda.gov.uk<\/a><\/td><td>R\u00fcckbau von AKW in England<\/td><\/tr><tr><td><a href=\"http:\/\/www.nucnet.org\/\">www.nucnet.org<\/a><\/td><td>Communications Network for Nuclear Energy<\/td><\/tr><tr><td><a href=\"http:\/\/www.wano.info\/publications\">www.wano.info<\/a><\/td><td>WANO<\/td><\/tr><tr><td><a href=\"http:\/\/www.wma-minelife.com\/\">www.wma-minelife.com<\/a><\/td><td>Uranabbau Organisation in den USA<\/td><\/tr><tr><td><a href=\"http:\/\/www.world-nuclear.org\/\">www.world-nuclear.org<\/a><\/td><td>the World Nuclear Association (English)<\/td><\/tr><tr><td><a href=\"https:\/\/www.oecd-nea.org\/\" target=\"_blank\" rel=\"noreferrer noopener\">www.oecd-nea.org<\/a><\/td><td>Nuclear Energy Agency<\/td><\/tr><\/tbody><\/table><\/figure>\n\n\n\n<p>Atomlobby, Die Verkn\u00fcpfung der Atomwirtschaft mit den Beh\u00f6rden. Untenstehende pdf Dokumente zeigen die Verstrickung der Schweizer Atom Beh\u00f6rden und die Schweizer Atomwirtschaft Ende der 90er Jahre. Aufgrund des untenstehenden Artikels traten danach Beh\u00f6rdenmitglieder nicht mehr \u00f6ffentlich in den Mitgliederlisten der SVA auf.<\/p>\n\n\n<a href=\"https:\/\/www.fokusantiatom.ch\/wp-content\/uploads\/2019\/01\/1998_AM\u00fcs_SVA_Mitgliedschaften-1.pdf\" class=\"pdfemb-viewer\" style=\"\" data-width=\"max\" data-height=\"max\" data-toolbar=\"bottom\" data-toolbar-fixed=\"on\">1998_AM\u00fcs_SVA_Mitgliedschaften-1<\/a>\n<p class=\"wp-block-pdfemb-pdf-embedder-viewer\"><\/p>\n\n\n<a href=\"https:\/\/www.fokusantiatom.ch\/wp-content\/uploads\/2019\/01\/1996_SVA-JahresberichteMitgliederliste.pdf\" class=\"pdfemb-viewer\" style=\"\" data-width=\"max\" data-height=\"max\" data-toolbar=\"bottom\" data-toolbar-fixed=\"on\">1996_SVA-JahresberichteMitgliederliste<\/a>\n<p class=\"wp-block-pdfemb-pdf-embedder-viewer\"><\/p>\n","protected":false},"excerpt":{"rendered":"<p>&nbsp; Atomlobby CH www.Kernenergie.ch fr\u00fcher Atomenergie.ch Schweizerische Vereinigung f\u00fcr Atomenergie:<\/p>\n","protected":false},"author":1,"featured_media":0,"parent":529,"menu_order":0,"comment_status":"closed","ping_status":"closed","template":"","meta":{"footnotes":""},"class_list":["post-533","page","type-page","status-publish","hentry"],"_links":{"self":[{"href":"https:\/\/www.fokusantiatom.ch\/index.php?rest_route=\/wp\/v2\/pages\/533","targetHints":{"allow":["GET"]}}],"collection":[{"href":"https:\/\/www.fokusantiatom.ch\/index.php?rest_route=\/wp\/v2\/pages"}],"about":[{"href":"https:\/\/www.fokusantiatom.ch\/index.php?rest_route=\/wp\/v2\/types\/page"}],"author":[{"embeddable":true,"href":"https:\/\/www.fokusantiatom.ch\/index.php?rest_route=\/wp\/v2\/users\/1"}],"replies":[{"embeddable":true,"href":"https:\/\/www.fokusantiatom.ch\/index.php?rest_route=%2Fwp%2Fv2%2Fcomments&post=533"}],"version-history":[{"count":15,"href":"https:\/\/www.fokusantiatom.ch\/index.php?rest_route=\/wp\/v2\/pages\/533\/revisions"}],"predecessor-version":[{"id":2965,"href":"https:\/\/www.fokusantiatom.ch\/index.php?rest_route=\/wp\/v2\/pages\/533\/revisions\/2965"}],"up":[{"embeddable":true,"href":"https:\/\/www.fokusantiatom.ch\/index.php?rest_route=\/wp\/v2\/pages\/529"}],"wp:attachment":[{"href":"https:\/\/www.fokusantiatom.ch\/index.php?rest_route=%2Fwp%2Fv2%2Fmedia&parent=533"}],"curies":[{"name":"wp","href":"https:\/\/api.w.org\/{rel}","templated":true}]}}