{"id":538,"date":"2015-11-06T17:40:51","date_gmt":"2015-11-06T16:40:51","guid":{"rendered":"http:\/\/www.fokusantiatom.ch\/?page_id=538"},"modified":"2024-03-09T23:12:14","modified_gmt":"2024-03-09T22:12:14","slug":"links-atom-behoerden","status":"publish","type":"page","link":"https:\/\/www.fokusantiatom.ch\/?page_id=538","title":{"rendered":"Links zu Atom Beh\u00f6rden"},"content":{"rendered":"<table style=\"width: 872px; height: 1731px;\">\n<tbody>\n<tr style=\"height: 97px;\">\n<td style=\"width: 221.481px; height: 97px;\"><\/td>\n<td style=\"width: 487.407px; height: 97px;\">\n<h2>Atom Beh\u00f6rden (CH)<\/h2>\n<\/td>\n<\/tr>\n<tr style=\"height: 40px;\">\n<td style=\"width: 221.481px; height: 40px;\"><a href=\"https:\/\/www.ensi-rat.ch\" target=\"_blank\" rel=\"noopener\">ENSI Rat<\/a><\/td>\n<td style=\"width: 487.407px; height: 40px;\"><span class=\"logo__description\">Eidgen\u00f6ssisches Nuklearsicherheitsinspektorat ENSI-Rat<\/span><\/td>\n<\/tr>\n<tr style=\"height: 40px;\">\n<td style=\"width: 221.481px; height: 40px;\"><a href=\"https:\/\/www.ensi.ch\" target=\"_blank\" rel=\"noopener\">ENSI<\/a><\/td>\n<td style=\"width: 487.407px; height: 40px;\"><span class=\"logo__description\">Eidgen\u00f6ssisches Nuklearsicherheitsinspektorat <\/span><span class=\"logo__description\">ENSI (s<\/span>eit 1.1.2009) Vorher Hauptabteiling f\u00fcr die Sicherheit der Kernanlagen (HSK)<\/td>\n<\/tr>\n<tr style=\"height: 40px;\">\n<td style=\"width: 221.481px; height: 40px;\"><a href=\"https:\/\/www.bfe.admin.ch\/bfe\/de\/home\/versorgung\/aufsicht-und-sicherheit\/kommissionen-und-inspektorate\/eidgenoessische-kommission-fuer-nukleare-sicherheit-kns.html\/\" target=\"_blank\" rel=\"noopener\">KNS (KSA)<\/a><\/td>\n<td style=\"width: 487.407px; height: 40px;\">Kommission f\u00fcr nukleare Sicherheit KNS (seit 1.1.2009)\u00a0 \u00a0 \u00a0 \u00a0 \u00a0 \u00a0 \u00a0 \u00a0 \u00a0 Vorher Eidgen\u00f6ssische Kommission f\u00fcr die Sicherheit von Kernanlagen (KSA)<\/td>\n<\/tr>\n<tr style=\"height: 40px;\">\n<td style=\"width: 221.481px; height: 40px;\"><a href=\"https:\/\/www.bag.admin.ch\/bag\/de\/home\/gesund-leben\/umwelt-und-gesundheit\/strahlung-radioaktivitaet-schall\/radioaktivitaet-in-der-umwelt.html\" target=\"_blank\" rel=\"noopener\">URA<\/a><\/td>\n<td style=\"width: 487.407px; height: 40px;\">Sektion Umweltradioaktivit\u00e4t (URA)<\/td>\n<\/tr>\n<tr style=\"height: 70px;\">\n<td style=\"width: 221.481px; height: 70px;\"><a href=\"https:\/\/www.bag.admin.ch\/bag\/de\/home\/das-bag\/organisation\/ausserparlamentarische-kommissionen\/eidgenoessische-kommission-fuer-strahlenschutz-ksr.html\" target=\"_blank\" rel=\"noopener\">KSR<\/a><\/td>\n<td style=\"width: 487.407px; height: 70px;\">Eidgen\u00f6ssische Kommission f\u00fcr Strahlenschutz und \u00dcberwachung der Radioaktivit\u00e4t<\/td>\n<\/tr>\n<tr style=\"height: 70px;\">\n<td style=\"width: 221.481px; height: 70px;\"><a href=\"https:\/\/www.bag.admin.ch\/bag\/de\/home\/das-bag\/organisation\/direktionsbereiche-abteilungen\/direktionsbereich-gesundheitsschutz\/abteilung-strahlenschutz.html\" target=\"_blank\" rel=\"noopener\">www.bag.admin Strahlenschutz<\/a><\/td>\n<td style=\"width: 487.407px; height: 70px;\">Abteilung Strahlenschutz des Bundesamtes f\u00fcr Gesundheit BAG: &#8222;Jahresberichte Umweltradioaktivit\u00e4t&#8220;<\/td>\n<\/tr>\n<tr style=\"height: 40px;\">\n<td style=\"width: 221.481px; height: 40px;\"><a href=\"http:\/\/www.bfe.admin.ch\/\">www.bfe.admin.ch<\/a><\/td>\n<td style=\"width: 487.407px; height: 40px;\">Bundesamt f\u00fcr Energiewirtschaft CH<\/td>\n<\/tr>\n<tr style=\"height: 40px;\">\n<td style=\"width: 221.481px; height: 40px;\"><a href=\"http:\/\/www.naz.ch\/\">www.naz.ch<\/a><\/td>\n<td style=\"width: 487.407px; height: 40px;\">Nationale Alarmzentrale (NAZ)<\/td>\n<\/tr>\n<tr style=\"height: 99px;\">\n<td style=\"width: 221.481px; height: 99px;\"><a href=\"https:\/\/www.svti.ch\/nuklearinspektorat\">www.svti.ch<\/a><\/td>\n<td style=\"width: 487.407px; height: 99px;\">Das &#8218;SVTI-Nuklearinspektorat&#8216; \u00fcberwacht die Herstellung, Montage und den Betrieb von druckf\u00fchrenden Installationen in den schweizerischen Atomkraftwerken<\/td>\n<\/tr>\n<tr style=\"height: 62px;\">\n<td style=\"width: 221.481px; height: 62px;\"><a href=\"https:\/\/www.radenviro.ch\" target=\"_blank\" rel=\"noopener\">Radenviro (BAG)<\/a><\/td>\n<td style=\"width: 487.407px;\">Automatische Messnetz zur \u00dcberwachung der Radioaktivit\u00e4t im Flusswasser (nach Fukushima in Aare Rhein)<\/td>\n<\/tr>\n<tr style=\"height: 97px;\">\n<td style=\"width: 221.481px; height: 97px;\"><\/td>\n<td style=\"width: 487.407px; height: 97px;\">\n<h2><strong>Atomgesetzgebung und Atom-Fonds<\/strong><\/h2>\n<\/td>\n<\/tr>\n<tr style=\"height: 40px;\">\n<td style=\"width: 221.481px; height: 40px;\"><a href=\"http:\/\/www.admin.ch\/ch\/d\/sr\/73.html#732\">www.admin.ch\/732<\/a><\/td>\n<td style=\"width: 487.407px; height: 40px;\">Die Atomgesetzgebung der CH<\/td>\n<\/tr>\n<tr style=\"height: 40px;\">\n<td style=\"width: 221.481px; height: 40px;\"><a href=\"https:\/\/www.stenfo.ch\/\">www.entsorgungsfonds.ch<\/a><\/td>\n<td style=\"width: 487.407px; height: 40px;\">Stilllegungs- Entsorgungsfonds der CH Atomanlagen Betreiber<\/td>\n<\/tr>\n<tr style=\"height: 40px;\">\n<td style=\"width: 221.481px; height: 40px;\"><\/td>\n<td style=\"width: 487.407px; height: 40px;\"><\/td>\n<\/tr>\n<tr style=\"height: 97px;\">\n<td style=\"width: 221.481px; height: 97px;\"><\/td>\n<td style=\"width: 487.407px; height: 97px;\">\n<h2><strong>Atom-Beh\u00f6rden (International)<\/strong><\/h2>\n<\/td>\n<\/tr>\n<tr style=\"height: 40px;\">\n<td style=\"width: 221.481px; height: 40px;\"><a href=\"https:\/\/www.iaea.org\/\">www.iaea.org<\/a><\/td>\n<td style=\"width: 487.407px; height: 40px;\">Internationale Atom Energie Agentur IAEA<\/td>\n<\/tr>\n<tr style=\"height: 40px;\">\n<td style=\"width: 221.481px; height: 40px;\"><a href=\"https:\/\/www.asn.fr\/\">ASN<\/a><\/td>\n<td style=\"width: 487.407px; height: 40px;\">L&#8217;Autorit\u00e9 de\u00a0<span style=\"box-sizing: inherit; cursor: help; text-decoration: underline; color: #372c4c; font-family: Spectral, serif; font-size: 18px; font-style: normal; font-variant-ligatures: normal; font-variant-caps: normal; letter-spacing: normal; orphans: 2; text-align: start; text-indent: 0px; text-transform: none; widows: 2; word-spacing: 0px; -webkit-text-stroke-width: 0px; white-space: normal; background-color: #ffffff;\" tabindex=\"0\" title=\"\" data-plexi=\"default\" data-bs-toggle=\"popover\" data-bs-content=\"La s\u00fbret\u00e9 nucl\u00e9aire est l'ensemble des dispositions techniques et des mesures d'organisation relatives \u00e0 la conception, \u00e0 la construction, au fonctionnement, \u00e0 l'arr\u00eat et au d\u00e9mant\u00e8lement des installations nucl\u00e9aires de base, ainsi qu'au transport des substances radioactives, prises en vue de pr\u00e9venir les accidents ou d'en limiter les effets. &lt;a href=&quot;\/lexique\/S\/Surete-nucleaire&quot;&gt;En savoir plus&lt;\/a&gt;\" data-bs-original-title=\"S\u00fbret\u00e9 nucl\u00e9aire\">s\u00fbret\u00e9 nucl\u00e9aire<\/span>\u00a0(ASN), Autorit\u00e9 administrative ind\u00e9pendante<\/td>\n<\/tr>\n<tr style=\"height: 70px;\">\n<td style=\"width: 221.481px; height: 70px;\"><a href=\"http:\/\/www.nrc.gov\/\">www.nrc.gov<\/a><\/td>\n<td style=\"width: 487.407px; height: 70px;\">The Nuclear Regulatory Commission &#8222;NRC&#8220; regulates U.S. commercial nuclear power plants<\/td>\n<\/tr>\n<tr style=\"height: 40px;\">\n<td style=\"width: 221.481px; height: 40px;\"><a href=\"https:\/\/www.wenra.eu\" target=\"_blank\" rel=\"noopener\">WENRA<\/a><\/td>\n<td style=\"width: 487.407px; height: 40px;\">Western European Nuclear Regulators&#8216; Association<\/td>\n<\/tr>\n<\/tbody>\n<\/table>\n","protected":false},"excerpt":{"rendered":"<p>Atom Beh\u00f6rden (CH) ENSI Rat Eidgen\u00f6ssisches Nuklearsicherheitsinspektorat ENSI-Rat ENSI Eidgen\u00f6ssisches<\/p>\n","protected":false},"author":1,"featured_media":0,"parent":529,"menu_order":0,"comment_status":"closed","ping_status":"closed","template":"","meta":{"footnotes":""},"class_list":["post-538","page","type-page","status-publish","hentry"],"_links":{"self":[{"href":"https:\/\/www.fokusantiatom.ch\/index.php?rest_route=\/wp\/v2\/pages\/538","targetHints":{"allow":["GET"]}}],"collection":[{"href":"https:\/\/www.fokusantiatom.ch\/index.php?rest_route=\/wp\/v2\/pages"}],"about":[{"href":"https:\/\/www.fokusantiatom.ch\/index.php?rest_route=\/wp\/v2\/types\/page"}],"author":[{"embeddable":true,"href":"https:\/\/www.fokusantiatom.ch\/index.php?rest_route=\/wp\/v2\/users\/1"}],"replies":[{"embeddable":true,"href":"https:\/\/www.fokusantiatom.ch\/index.php?rest_route=%2Fwp%2Fv2%2Fcomments&post=538"}],"version-history":[{"count":13,"href":"https:\/\/www.fokusantiatom.ch\/index.php?rest_route=\/wp\/v2\/pages\/538\/revisions"}],"predecessor-version":[{"id":2261,"href":"https:\/\/www.fokusantiatom.ch\/index.php?rest_route=\/wp\/v2\/pages\/538\/revisions\/2261"}],"up":[{"embeddable":true,"href":"https:\/\/www.fokusantiatom.ch\/index.php?rest_route=\/wp\/v2\/pages\/529"}],"wp:attachment":[{"href":"https:\/\/www.fokusantiatom.ch\/index.php?rest_route=%2Fwp%2Fv2%2Fmedia&parent=538"}],"curies":[{"name":"wp","href":"https:\/\/api.w.org\/{rel}","templated":true}]}}