{"id":569,"date":"2015-11-06T19:24:02","date_gmt":"2015-11-06T18:24:02","guid":{"rendered":"http:\/\/www.fokusantiatom.ch\/?page_id=569"},"modified":"2026-01-24T14:23:02","modified_gmt":"2026-01-24T13:23:02","slug":"liste-aelteste-akw-der-welt","status":"publish","type":"page","link":"https:\/\/www.fokusantiatom.ch\/?page_id=569","title":{"rendered":"Liste \u00e4lteste AKW der Welt"},"content":{"rendered":"\n<p>Fokus Anti-Atom f\u00fchrt eine Liste der \u00e4ltesten AKW der Welt.<\/p>\n\n\n<a href=\"https:\/\/www.fokusantiatom.ch\/wp-content\/uploads\/2026\/01\/2026_01_24_Aelteste-AKW-der-Welt.pdf\" class=\"pdfemb-viewer\" style=\"\" data-width=\"max\" data-height=\"max\" data-toolbar=\"bottom\" data-toolbar-fixed=\"on\">2026_01_24_Aelteste-AKW-der-Welt<\/a>\n\n\n<hr class=\"wp-block-separator has-css-opacity\"\/>\n\n\n\n<h2 class=\"wp-block-heading\">Die IAEA f\u00fchrt eine Reaktor-Statistik, weltweit: <\/h2>\n\n\n\n<p>Die Daten sind mit Vorsicht zu&nbsp;interpretieren: So f\u00fchrt die IAEA immer noch alle Japanischen AKW als &#8222;In Operation&#8220; auf, alles AKW die bereits seit Jahren ausser Betrieb sind. Die&nbsp;IAEA ist eine Organisation zur F\u00f6rderung der Atomenergienutzung, daher ihr Interesse so viele AKW wie M\u00f6glich als &#8222;In Operation&#8220; zu erkl\u00e4ren.<\/p>\n\n\n\n<p><a href=\"https:\/\/pris.iaea.org\/PRIS\/home.aspx\">PRIS &#8211; Home (iaea.org)<\/a><\/p>\n\n\n\n<figure class=\"wp-block-image size-full\"><a href=\"https:\/\/www.fokusantiatom.ch\/wp-content\/uploads\/2024\/09\/2024_IAEA_Grafik_ReactorYears.jpg\"><img loading=\"lazy\" decoding=\"async\" width=\"1007\" height=\"705\" src=\"https:\/\/www.fokusantiatom.ch\/wp-content\/uploads\/2024\/09\/2024_IAEA_Grafik_ReactorYears.jpg\" alt=\"\" class=\"wp-image-2593\" srcset=\"https:\/\/www.fokusantiatom.ch\/wp-content\/uploads\/2024\/09\/2024_IAEA_Grafik_ReactorYears.jpg 1007w, https:\/\/www.fokusantiatom.ch\/wp-content\/uploads\/2024\/09\/2024_IAEA_Grafik_ReactorYears-300x210.jpg 300w, https:\/\/www.fokusantiatom.ch\/wp-content\/uploads\/2024\/09\/2024_IAEA_Grafik_ReactorYears-768x538.jpg 768w\" sizes=\"auto, (max-width: 1007px) 100vw, 1007px\" \/><\/a><\/figure>\n\n\n\n<h2 class=\"wp-block-heading\">Nicht alle geplanten AKW wurden auch gebaut<\/h2>\n\n\n\n<p><a href=\"https:\/\/www.powermag.com\/interactive-map-abandoned-nuclear-power-projects\/\">THE BIG PICTURE: Abandoned Nuclear Power Projects (Interactive Map) (powermag.com)<\/a><\/p>\n\n\n\n<p>Zunehmende Unsicherheiten aufgrund der geringen prognostizierten Auslastung, Einschr\u00e4nkungen und R\u00fcckg\u00e4ngigmachung der Baufinanzierung, staatliche Zertifizierungsh\u00fcrden und Herausforderungen f\u00fcr die Rentabilit\u00e4t der Kernenergie aufgrund des wachsenden Anteils von Kohlekraftwerken machten der Atomindustrie Anfang der 1970er Jahre zu schaffen. Nach dem Unfall von Three Mile Island im Jahr 1979 kam es zu einem erneuten wirtschaftlichen Zusammenbruch der Atomindustrie und zu heftigem \u00f6ffentlichen Widerstand. Bis 1983 f\u00fchrten diese Faktoren zu einer Verz\u00f6gerung oder Stornierung von 100 Kernkraftwerken &#8211; fast 45 % der gesamten zuvor bestellten kommerziellen Kapazit\u00e4t. Sch\u00e4tzungsweise 10 Milliarden Dollar (Mitte 1982) waren f\u00fcr die gestrichenen Projekte ausgegeben worden. Der wachsende \u00f6ffentliche Widerstand nach Tschernobyl und die neuen Sicherheitsvorschriften nach Fukushima wirkten sich auch auf eine Reihe sp\u00e4terer Projekte aus.<\/p>\n","protected":false},"excerpt":{"rendered":"<p>Fokus Anti-Atom f\u00fchrt eine Liste der \u00e4ltesten AKW der Welt.<\/p>\n","protected":false},"author":1,"featured_media":0,"parent":520,"menu_order":0,"comment_status":"closed","ping_status":"closed","template":"","meta":{"footnotes":""},"class_list":["post-569","page","type-page","status-publish","hentry"],"_links":{"self":[{"href":"https:\/\/www.fokusantiatom.ch\/index.php?rest_route=\/wp\/v2\/pages\/569","targetHints":{"allow":["GET"]}}],"collection":[{"href":"https:\/\/www.fokusantiatom.ch\/index.php?rest_route=\/wp\/v2\/pages"}],"about":[{"href":"https:\/\/www.fokusantiatom.ch\/index.php?rest_route=\/wp\/v2\/types\/page"}],"author":[{"embeddable":true,"href":"https:\/\/www.fokusantiatom.ch\/index.php?rest_route=\/wp\/v2\/users\/1"}],"replies":[{"embeddable":true,"href":"https:\/\/www.fokusantiatom.ch\/index.php?rest_route=%2Fwp%2Fv2%2Fcomments&post=569"}],"version-history":[{"count":23,"href":"https:\/\/www.fokusantiatom.ch\/index.php?rest_route=\/wp\/v2\/pages\/569\/revisions"}],"predecessor-version":[{"id":2989,"href":"https:\/\/www.fokusantiatom.ch\/index.php?rest_route=\/wp\/v2\/pages\/569\/revisions\/2989"}],"up":[{"embeddable":true,"href":"https:\/\/www.fokusantiatom.ch\/index.php?rest_route=\/wp\/v2\/pages\/520"}],"wp:attachment":[{"href":"https:\/\/www.fokusantiatom.ch\/index.php?rest_route=%2Fwp%2Fv2%2Fmedia&parent=569"}],"curies":[{"name":"wp","href":"https:\/\/api.w.org\/{rel}","templated":true}]}}