{"id":690,"date":"2015-11-07T17:54:41","date_gmt":"2015-11-07T16:54:41","guid":{"rendered":"http:\/\/www.fokusantiatom.ch\/?page_id=690"},"modified":"2015-12-02T16:01:42","modified_gmt":"2015-12-02T15:01:42","slug":"risse-im-kernmantel-des-akw-muehleberg","status":"publish","type":"page","link":"https:\/\/www.fokusantiatom.ch\/?page_id=690","title":{"rendered":"Risse im Kernmantel des AKW M\u00fchleberg"},"content":{"rendered":"<table>\n<tbody>\n<tr>\n<td>Die Risse im Kernmantel des AKW M\u00fchleberg sind am Limit In einem offenen Brief ersucht Fokus Anti-Atom bereits <strong>2008<\/strong> Bundesrat Moritz Leuenberger, Vorsteher des zust\u00e4ndigen Departements f\u00fcr Umwelt, Verkehr, Energie und Kommunikation, Schritte f\u00fcr die Ausserbetriebnahme des AKW M\u00fchleberg einzuleiten.<\/p>\n<table>\n<tbody>\n<tr>\n<td><a href=\"http:\/\/www.20min.ch\/news\/dossier\/atomenergie\/story\/Risse-am-AKW-Muehleberg-immer-laenger-und-tiefer-10683645\" target=\"_parent\">2009. Feb; 20 Min zu den Rissen<\/a><\/td>\n<\/tr>\n<tr>\n<td width=\"400\"><a href=\"http:\/\/www.beobachter.ch\/konsum\/technologien\/artikel\/von-rissen-darf-keiner-wissen\/\" target=\"_parent\">2009. Feb; Der Beobachter zu den Kernmantelrissen<\/a><\/td>\n<\/tr>\n<tr>\n<td><a href=\"http:\/\/www.be.ch\/gr\/VosData\/Gwd\/Parlamentarische%20Vorstoesse\/Interpellationen\/2008\/20080917_083837\/DOCSSTA-306570-v1-I_212_2008_Jenni__Oberburg_EVP_vom_01_09_2008_D_3729.pdf\" target=\"_parent\">2008 Sept; Interpellation Jenni<\/a><\/td>\n<\/tr>\n<tr>\n<td><a href=\"http:\/\/www.parlament.ch\/d\/Suche\/Seiten\/suchen.aspx?query=m%c3%bchleberg&amp;collection=CV&amp;sort=GN&amp;way=desc&amp;mask=su-curia-vista&amp;\" target=\"_parent\">2008; Fragestunde des Nationalrates<\/a><\/td>\n<\/tr>\n<tr>\n<td><a href=\"http:\/\/www.20min.ch\/news\/bern\/story\/15038291\" target=\"_parent\">2008.Feb; 20 Minuten zu Kernmantelrissen<\/a><\/td>\n<\/tr>\n<tr>\n<td><a href=\"http:\/\/www.tagesanzeiger.ch\/dyn\/news\/schweiz\/845707.html\" target=\"_parent\">2008. Feb; Tagesanzeiger zu den Kernmantelrissen<\/a><\/td>\n<\/tr>\n<tr>\n<td><a href=\"https:\/\/www.fokusantiatom.ch\/Dokumente\/2008_02_25_LeuenbergerRisse.pdf\" target=\"_parent\">2008. Feb; Offener Brief von Fokus Anti-Atom an BR Leuenberger<\/a><\/td>\n<\/tr>\n<tr>\n<td><a href=\"https:\/\/www.fokusantiatom.ch\/Dokumente\/2008_02_25_Risse007.pdf\" target=\"_parent\">2008. Feb; Hintergrundpapier von Fokus Anti-Atom<\/a><\/td>\n<\/tr>\n<tr>\n<td><a href=\"https:\/\/www.fokusantiatom.ch\/Dokumente\/Risse%20im%20BWRVIP%20Programm.pdf\" target=\"_parent\">2008. Jan; Auflistung zu Kernmantelrissen<\/a><\/td>\n<\/tr>\n<tr>\n<td><a href=\"http:\/\/www.hsk.ch\/deutsch\/files\/pdf\/psu_muehleberg_2007.pdf\" target=\"_parent\">2007. Nov; Stellungsnahme HSK PS\u00dc<\/a><\/td>\n<\/tr>\n<tr>\n<td><a href=\"http:\/\/www.hsk.ch\/deutsch\/files\/pdf\/pegasos_juni_07.pdf\" target=\"_parent\">2007. Jun; PEGASOS Studie des Bund<\/a><a href=\"http:\/\/www.hsk.ch\/deutsch\/files\/pdf\/pegasos_juni_07.pdf\" target=\"_parent\">es<\/a><\/td>\n<\/tr>\n<\/tbody>\n<\/table>\n<\/td>\n<\/tr>\n<\/tbody>\n<\/table>\n<p>&nbsp;<\/p>\n<table>\n<tbody>\n<tr>\n<td><a href=\"http:\/\/www.beobachter.ch\/fileadmin\/dateien\/pdf\/artikel\/Jahresbericht-KKM-2007.pdf\" target=\"top\">2009. 02.06; &#8222;Der Beobachter&#8220; ver\u00f6ffentlicht\u00a0geheimen Jahresbericht des AKW M\u00fchleberg<\/a><\/td>\n<\/tr>\n<tr>\n<td>\n<p align=\"center\"><a href=\"http:\/\/www.fokusantiatom.ch\/wp-content\/uploads\/2015\/11\/MuehlebergRisse.pdf\" target=\"_blank\"><img loading=\"lazy\" decoding=\"async\" class=\"alignleft\" src=\"https:\/\/www.fokusantiatom.ch\/Picture\/RisseFolienPdf.jpg\" alt=\"RisseFolien\" width=\"157\" height=\"106\" border=\"0\" \/><\/a><\/p>\n<p align=\"center\">Folien zu den Kernmantelrissen in M\u00fchleberg im *.pdf Format<\/p>\n<\/td>\n<\/tr>\n<tr>\n<td><a href=\"http:\/\/www.fokusantiatom.ch\/wp-content\/uploads\/2015\/11\/SWROffice97_03Praes.ppt\" target=\"_blank\"><img loading=\"lazy\" decoding=\"async\" class=\"alignleft\" src=\"https:\/\/www.fokusantiatom.ch\/Picture\/FunktionsweiseSiedewasserreaktor.jpg\" alt=\"\/Funktionsweise Siedewasserreaktor\" width=\"147\" height=\"103\" border=\"0\" \/><\/a><\/p>\n<p>Funktionsbeschrieb des AKW M\u00fchleberg als *.ppt<\/p>\n<p>Recherchen von <a href=\"https:\/\/www.fokusantiatom.ch\/Dokumente\/2008_02_25_Risse007.pdf\" target=\"top\">www.fokusantiatom.ch Anfang 2008<\/a> und dem <a href=\"http:\/\/www.beobachter.ch\/konsum\/multimedia\/artikel\/akw_von-rissen-darf-keiner-wissen\/\" target=\"top\">Beobachter Anfang 2009<\/a> zeigen, dass die Risse weiter wachsen.<\/td>\n<\/tr>\n<tr>\n<td><a href=\"http:\/\/www.fokusantiatom.ch\/wp-content\/uploads\/2015\/11\/KernmantelAKW_MBOffice97_03.pot\" target=\"_blank\"><img loading=\"lazy\" decoding=\"async\" class=\"alignleft\" src=\"https:\/\/www.fokusantiatom.ch\/Picture\/RisseimAKWMuehleberg.jpg\" alt=\"Sicherheitsfunktion Kernmantel\" width=\"143\" height=\"106\" border=\"0\" \/><\/a><\/p>\n<p>Folien zu den Kernmantelrissen in M\u00fchleberg als\u00a0*,ppt<\/td>\n<\/tr>\n<tr>\n<td>Medienmitteilung Fokus Anti&#8211;Atom: RISSE IM KERNMANTEL DES AKW M\u00dcHLEBERG<\/p>\n<p><a href=\"https:\/\/www.fokusantiatom.ch\/Dokumente\/2009_03_04_FAA_Medien.PDF\" target=\"top\">2009.02.03 NEUE TATSACHEN<\/a><\/p>\n<p>Mit einer Beschwerdeerg\u00e4nzung ans Bundesverwaltungsgericht verlangen 14 AnwohnerInnen des AKW M\u00fchleberg sofortige Einsichtnahme in die Sicherheitsberichte der BKW. Diese wurden im Bewilligungsverfahren nicht \u00f6ffentlich aufgelegt, wie dies bei anderen Atomverfahren bisher \u00fcblich war. Das Einsichtsbegehren der betroffenen Personen wurde erstinstanzlich vom UVEK abgelehnt, worauf Beschwerde beim Bundesverwaltungsgericht eingereicht wurde.<br \/>\nIn einer Erg\u00e4nzung zeigen die AnwohnerInnen jetzt, weshalb eine sofortige Einsichtnahme notwendig ist, da sonst Beweise im Einspracheverfahren unwiderruflich verloren gehen w\u00fcrden.<br \/>\nDies wird in der Beschwerdeerg\u00e4nzung mit brisanten &#8211; neuen &#8211; Daten zu den Kernmantelrissen bewiesen.<\/td>\n<\/tr>\n<\/tbody>\n<\/table>\n<table style=\"height: 125px;\" width=\"825\">\n<tbody>\n<tr>\n<td>Die Beh\u00f6rden und Betreiber geben vor, die Rissentwicklung einsch\u00e4tzen zu k\u00f6nnen.\u00a0Im Jahre 2007 machte die HSK der BKW die folgende Auflage:\u00a0<a href=\"http:\/\/www.hsk.ch\/deutsch\/files\/pdf\/psu_muehleberg_2007.pdf\" target=\"top\">Stellungnahme der HSK zur PS\u00fc 2005 der BKW:<\/a><\/td>\n<\/tr>\n<\/tbody>\n<\/table>\n<table>\n<tbody>\n<tr>\n<td>&#8222;Um den sicheren Betrieb des rissbehafteten Kernmantels f\u00fcr den Langzeitbetrieb zu gew\u00e4hrleisten, sind neue Sicherheitskonzepte notwendig, die die Anforderungen des nationalen und internationalen Regelwerks ber\u00fccksichtigen. Das KKM hat der HSK bis am 31. Dezember 2010 ein \u00fcberarbeitetes Instandhaltungskonzept f\u00fcr den rissbehafteten Kernmantel einzureichen.&#8220;<\/td>\n<\/tr>\n<tr>\n<td><strong><a href=\"http:\/\/www.drs.ch\/www\/de\/drs\/sendungen\/regionaljournal-bern-freiburg-wallis\/90293.sh10069941.html\" target=\"top\">2009. Feb. 5.; Regionaljournal DRS1<\/a><\/strong><\/p>\n<p>BKW verbirgt sich hinter der Sicherheitsbeh\u00f6rde ENSI. Im Interview mit DRS1 sagt Hr. Vogler Pressesprecher der BKW es sei nicht Aufgabe der BKW die \u00d6ffentlichkeit zu informieren, daf\u00fcr sei das &#8222;Eidgen\u00f6ssische Nuklear Sicherheits Institut ENSI&#8220; (fr\u00fcher HSK) zust\u00e4ndig.<\/p>\n<p>Im Jahresbericht der ENSI 2008 findet sich aber keine Information dar\u00fcber wie (Risstiefe, Rissl\u00e4nge) die Risse im Kernmantel weiter wachsen die Aussagen von ENSI und BKW sind nicht quantifizierbar, ein Auszug aus dem Jahresbericht;<\/td>\n<\/tr>\n<tr>\n<td><a href=\"http:\/\/www.ensi.ch\/fileadmin\/deutsch\/files\/aufsib07d.pdf\" target=\"top\">Jahresbericht ENSI (vormals HSK)<\/a>\u00a0ENSI als Glattstreicher;\u00a0Die Risse werden absichtlich nicht quantifiziert, bleiben nicht \u00fcberpr\u00fcfbar.<\/p>\n<p>&#8222;Am nicht druckf\u00fchrenden Kernmantel wurden die beiden rissbehafteten Rundschweissn\u00e4hte sowie vier vertikale Schweissn\u00e4hte mechanisiert mit Ultraschall und Wirbelstrom gepr\u00fcft. An den vertikalen Schweissn\u00e4hten des Kernmantels wurden keine bewertungspflichtigen Anzeigen festgestellt. Die mittlere Wachstumsrate aller Rissanzeigen der beiden Rundn\u00e4hte im Zeitintervall 2005 bis 2007 war geringf\u00fcgig kleiner als bei den vorangegangenen Messungen. Ein Vergleich der Ultraschallpr\u00fcfresultate 2007 mit den neuen bruchmechanischen Modellrechnungen best\u00e4tigte, dass die bisherigen Annahmen f\u00fcr den Rissfortschritt konservativ getroffen waren. Die Integrit\u00e4tsnachweise f\u00fcr den Kernmantel zeigten, dass bis zur n\u00e4chsten Risspr\u00fcfung der Zustand des Kernmantels keinen Einfluss auf den sicheren Betrieb der Anlage hat.&#8220;<\/td>\n<\/tr>\n<\/tbody>\n<\/table>\n<p>&nbsp;<\/p>\n<table>\n<tbody>\n<tr>\n<td><strong>Auflistung zu Rissvorkommnissen in Atomreaktoren<\/strong><\/td>\n<td><\/td>\n<\/tr>\n<\/tbody>\n<tbody>\n<tr>\n<td><strong>Problemzone<\/strong><\/td>\n<td><\/td>\n<\/tr>\n<tr>\n<td><a href=\"http:\/\/www.nrc.gov\/reading-rm\/doc-collections\/gen-comm\/info-notices\/2005\/in200508.pdf\">K\u00fchl_Pumpen<\/a><\/td>\n<td>USA<\/td>\n<\/tr>\n<tr>\n<td><a href=\"http:\/\/www.nrc.gov\/reading-rm\/doc-collections\/gen-comm\/info-notices\/2006\/in200601.pdf\">Torus<\/a><\/td>\n<td>USA<\/td>\n<\/tr>\n<tr>\n<td><a href=\"http:\/\/www.nrc.gov\/reading-rm\/doc-collections\/gen-comm\/info-notices\/2004\/in200411.pdf\">Druckentlastung<\/a><\/td>\n<td>USA<\/td>\n<\/tr>\n<tr>\n<td><a href=\"http:\/\/www.nrc.gov\/reading-rm\/doc-collections\/gen-comm\/info-notices\/2004\/in200408.pdf\">Reaktordruckbeh\u00e4lterstutzen<\/a><\/td>\n<td>USA<\/td>\n<\/tr>\n<tr>\n<td><a href=\"http:\/\/www.nrc.gov\/about-nrc\/regulatory\/licensing\/topical-reports\/recently-approved.html\">Kernmantel_Reparatur<\/a><\/td>\n<td>USA<\/td>\n<\/tr>\n<tr>\n<td><a href=\"http:\/\/www.nrc.gov\/reading-rm\/doc-collections\/event-status\/morning\/2006\/20060228mr.html\">Kernmantel_Zuganker<\/a><\/td>\n<td>USA<\/td>\n<\/tr>\n<tr>\n<td><a href=\"http:\/\/www.nrc.gov\/reading-rm\/doc-collections\/gen-comm\/info-notices\/2005\/in200508.pdf\">Reaktork\u00fchlpumpe<\/a><\/td>\n<td>USA<\/td>\n<\/tr>\n<tr>\n<td><a href=\"http:\/\/www.wise-paris.org\/english\/ournews\/datas\/021002BWRJPTableMap_en.pdf\">Div Risse<\/a><\/td>\n<td>Japan<\/td>\n<\/tr>\n<tr>\n<td><a href=\"http:\/\/cnic.jp\/english\/newsletter\/nit95\/nit95articles\/nit95significant.html\">Mehr Div Risse<\/a><\/td>\n<td>Japan<\/td>\n<\/tr>\n<tr>\n<td><a href=\"http:\/\/shippai.jst.go.jp\/en\/Detail?fn=0&amp;id=CB1011024&amp;kw=core+shroud\">Kernmantel<\/a><\/td>\n<td>Japan<\/td>\n<\/tr>\n<tr>\n<td><a href=\"http:\/\/www10.antenna.nl\/wise\/index.html?http:\/\/www10.antenna.nl\/wise\/574\/5441.html\">Rohreitungen<\/a><\/td>\n<td>Japan<\/td>\n<\/tr>\n<tr>\n<td><strong>Industrie<\/strong><\/td>\n<td><\/td>\n<\/tr>\n<tr>\n<td><a href=\"http:\/\/www.mpr.com\/products\/patents.html\">MPR Inc.<\/a><\/td>\n<td>USA<\/td>\n<\/tr>\n<tr>\n<td><strong>Forschung<\/strong><\/td>\n<td><\/td>\n<\/tr>\n<tr>\n<td><a href=\"http:\/\/www.bfe.admin.ch\/dokumentation\/energieforschung\/index.html?lang=de&amp;project=37689#suchergebnisse\">PSI<\/a><\/td>\n<td>CH<\/td>\n<\/tr>\n<\/tbody>\n<\/table>\n<p>Animation:\u00a0<a title=\"Bewegungen des Kernmantels\" href=\"http:\/\/www.adina.com\/newsgG09.shtml\" target=\"top\">Bewegungen des Kernmantels<\/a><\/p>\n","protected":false},"excerpt":{"rendered":"<p>Die Risse im Kernmantel des AKW M\u00fchleberg sind am Limit<\/p>\n","protected":false},"author":1,"featured_media":626,"parent":253,"menu_order":1,"comment_status":"closed","ping_status":"closed","template":"","meta":{"footnotes":""},"class_list":["post-690","page","type-page","status-publish","has-post-thumbnail","hentry"],"_links":{"self":[{"href":"https:\/\/www.fokusantiatom.ch\/index.php?rest_route=\/wp\/v2\/pages\/690","targetHints":{"allow":["GET"]}}],"collection":[{"href":"https:\/\/www.fokusantiatom.ch\/index.php?rest_route=\/wp\/v2\/pages"}],"about":[{"href":"https:\/\/www.fokusantiatom.ch\/index.php?rest_route=\/wp\/v2\/types\/page"}],"author":[{"embeddable":true,"href":"https:\/\/www.fokusantiatom.ch\/index.php?rest_route=\/wp\/v2\/users\/1"}],"replies":[{"embeddable":true,"href":"https:\/\/www.fokusantiatom.ch\/index.php?rest_route=%2Fwp%2Fv2%2Fcomments&post=690"}],"version-history":[{"count":2,"href":"https:\/\/www.fokusantiatom.ch\/index.php?rest_route=\/wp\/v2\/pages\/690\/revisions"}],"predecessor-version":[{"id":707,"href":"https:\/\/www.fokusantiatom.ch\/index.php?rest_route=\/wp\/v2\/pages\/690\/revisions\/707"}],"up":[{"embeddable":true,"href":"https:\/\/www.fokusantiatom.ch\/index.php?rest_route=\/wp\/v2\/pages\/253"}],"wp:featuredmedia":[{"embeddable":true,"href":"https:\/\/www.fokusantiatom.ch\/index.php?rest_route=\/wp\/v2\/media\/626"}],"wp:attachment":[{"href":"https:\/\/www.fokusantiatom.ch\/index.php?rest_route=%2Fwp%2Fv2%2Fmedia&parent=690"}],"curies":[{"name":"wp","href":"https:\/\/api.w.org\/{rel}","templated":true}]}}